{"id":9402,"date":"2023-02-23T22:42:20","date_gmt":"2023-02-24T04:42:20","guid":{"rendered":"https:\/\/tecsecmty.com\/index.php\/producto\/bosch-i_d8129-modulo-de-ocho-relevadores\/"},"modified":"2023-03-22T23:21:21","modified_gmt":"2023-03-23T05:21:21","slug":"bosch-i_d8129-modulo-de-ocho-relevadores","status":"publish","type":"product","link":"https:\/\/tecsecmty.com\/index.php\/producto\/bosch-i_d8129-modulo-de-ocho-relevadores\/","title":{"rendered":"BOSCH I_D8129- MODULO DE OCHO RELEVADORES"},"content":{"rendered":"<h5 class=\"card-title text-center\">D8129 M\u00f3dulo Octo-rel\u00e9<\/h5>\n<p class=\"ql-align-justify\"><strong>El m\u00f3dulo D8129 Octo-relay es adecuado para aplicaciones que requieren rel\u00e9s de Forma C para operar sistemas auxiliares o para mostrar el estado del sistema contra incendios en<\/strong><\/p>\n<p class=\"ql-align-justify\"><strong>anunciadores remotos.<\/strong>\u00a0Componentes de construcci\u00f3n como HVAC, desbloqueo de puertas y presurizaci\u00f3n de escaleras puede interactuar con el D8129 para un sistema completo control y seguimiento.<\/p>\n<p class=\"ql-align-justify\">Las instalaciones industriales, comerciales e institucionales son Instalaciones t\u00edpicas para el m\u00f3dulo D8129. El ocho los rel\u00e9s integrados pueden programarse para activarse alarma del sistema, problemas del sistema, zona o punto individual fallas, y a trav\u00e9s de control remoto por autorizado usuarios.<\/p>\n<p class=\"ql-align-justify\"><strong>Resumen del sistema<\/strong><\/p>\n<p class=\"ql-align-justify\">El m\u00f3dulo Octo-relay D8129 proporciona ocho rel\u00e9s programables de forma C. Cada rel\u00e9 proporciona seco Conmutaci\u00f3n de contactos para 1.0 A a 30 VCC. Los relevos se accede a trav\u00e9s del terminal de tornillo a bordo conexiones.<\/p>\n<p class=\"ql-align-justify\">El D8129 usa informaci\u00f3n del panel para el control de Salida de datos en serie para activar los rel\u00e9s. A bordo los interruptores se utilizan para configurar el D8129 para diferentes modos de funcionamiento, o para especificar n\u00fameros de salida de rel\u00e9.<\/p>\n<p class=\"ql-align-justify\">Estos interruptores, junto con la programaci\u00f3n del panel de control opciones, determinar la respuesta del D8129 a la serie datos. La programaci\u00f3n dentro del panel de control puede<\/p>\n<p class=\"ql-align-justify\">activar rel\u00e9s espec\u00edficos o conjuntos de rel\u00e9s en respuesta a condiciones del sistema para los paneles de control de la serie G, los interruptores deslizantes son configurado para n\u00fameros de salida de rel\u00e9 espec\u00edficos, que se activan seg\u00fan su programaci\u00f3n los D8129 usa cinco interruptores deslizantes con m\u00faltiples configuraciones opciones para configurar su modo de operaci\u00f3n. El D8129 recibe datos en serie del panel de control y activa rel\u00e9s en respuesta al panel de control condiciones y ajustes del interruptor deslizante. Los rel\u00e9s pueden ser programado para control remoto desde un teclado de panel.<\/p>\n<p class=\"ql-align-justify\"><strong>Funciones b\u00e1sicas<\/strong><\/p>\n<p class=\"ql-align-justify\"><strong>Rel\u00e9s de salida<\/strong><\/p>\n<p class=\"ql-align-justify\">Cada salida de rel\u00e9 proporciona un normalmente abierto y una Salida normalmente cerrada.<\/p>\n<p class=\"ql-align-justify\"><strong>Modos de operacion<\/strong><\/p>\n<p class=\"ql-align-justify\">Un interruptor deslizante con m\u00faltiples configuraciones de interruptor puede ser usado para configurar el m\u00f3dulo para un modo espec\u00edfico de operaci\u00f3n para sistemas de la serie D8112, o programaci\u00f3n se puede usar para determinar la operaci\u00f3n del rel\u00e9 para la serie G sistemas.<\/p>\n<p class=\"ql-align-justify\"><strong>Notas de instalaci\u00f3n \/ configuraci\u00f3n<\/strong><\/p>\n<p class=\"ql-align-justify\"><strong>Paneles de control compatibles<\/strong><\/p>\n<ul>\n<li class=\"ql-align-justify\">B9512G \/ B9512G-E<\/li>\n<li class=\"ql-align-justify\">B8512G \/ B8512G-E<\/li>\n<li class=\"ql-align-justify\">D9412GV4 \/ D7412GV4 \/ D7212GV41<\/li>\n<li class=\"ql-align-justify\">D9412GV3 \/ D7412GV3 \/ D7212GV31<\/li>\n<li class=\"ql-align-justify\">D9412GV2 \/ D7412GV2 \/ D7212GV21<\/li>\n<\/ul>\n<p class=\"ql-align-justify\">Nota: El D7212GV4, D7212GV3 y D7212GV2 no son listado para aplicaciones comerciales contra incendios.<\/p>\n<p class=\"ql-align-justify\"><strong>Consideraciones de montaje<\/strong><\/p>\n<p class=\"ql-align-justify\">Se pueden montar hasta cuatro m\u00f3dulos D8129 Octo-relay en un recinto de panel de control. Para m\u00f3dulos adicionales, use el soporte de montaje D137.<\/p>\n<p class=\"ql-align-justify\"><strong>Consideraciones de cableado<\/strong><\/p>\n<p class=\"ql-align-justify\">El D8129 se conecta a un panel de control utilizando elSalida auxiliar de 12 V CC, salida de datos en serie y terminales comunes. Utilice 1,5 mm a 0,6 mm (16 AWG a 22 AWG) del m\u00f3dulo al panel de control.<\/p>\n<p class=\"ql-align-justify\"><strong>Partes incluidas<\/strong><\/p>\n<p class=\"ql-align-justify\"><strong>Componente de cantidad<\/strong><\/p>\n<ul>\n<li class=\"ql-align-justify\">1 m\u00f3dulo de rel\u00e9 de octo.<\/li>\n<\/ul>\n<p class=\"ql-align-justify\"><strong>Nota: D8129 M\u00f3dulo Octo-rel\u00e9<\/strong><\/p>\n<p class=\"ql-align-justify\"><strong>Proporciona 8 rel\u00e9s programables es adecuado para aplicaciones que requieren rel\u00e9s de forma C para operar sistemas auxiliares o para mostrar el estado del sistema contra incendios en anunciadores remotos.<\/strong><\/p>\n<p class=\"ql-align-justify\"><strong>N\u00famero de pedido: D8129<\/strong><\/p>\n<p class=\"ql-align-justify\"><strong>Principales caracter\u00edsticas<\/strong><\/p>\n<ul>\n<li class=\"ql-align-justify\">Funciones de rel\u00e9 programables.<\/li>\n<li class=\"ql-align-justify\">Proporciona ocho rel\u00e9s de forma C.<\/li>\n<li class=\"ql-align-justify\">1 A en la clasificaci\u00f3n de contacto de rel\u00e9 de 30 V CC.<\/li>\n<li class=\"ql-align-justify\">Configuraci\u00f3n del interruptor deslizante.<\/li>\n<li class=\"ql-align-justify\">Permite el control remoto de rel\u00e9s.<\/li>\n<\/ul>\n<p class=\"ql-align-justify\"><strong>Especificaciones\u00a0<\/strong><\/p>\n<p class=\"ql-align-justify\"><strong>Propiedades<\/strong><\/p>\n<p class=\"ql-align-justify\"><strong>Tablero<\/strong><\/p>\n<ul>\n<li class=\"ql-align-justify\">Dimensiones: 12 cm x 7,6 cm x 1,9 cm (5.0 pulg. X 3.0 pulg. X 0.75 pulg.) requerimientos de energ\u00eda.<\/li>\n<li class=\"ql-align-justify\">Corriente: 130 mA m\u00e1ximo.<\/li>\n<li class=\"ql-align-justify\">Voltaje: 12 VDC nominal.<\/li>\n<\/ul>\n<p class=\"ql-align-justify\"><strong>Rel\u00e9s<\/strong><\/p>\n<ul>\n<li class=\"ql-align-justify\">Clasificaci\u00f3n de contacto: 1.0 A a 30 VCC para carga resistiva.<\/li>\n<li class=\"ql-align-justify\">Tiempo: durante la salida pulsada, el rel\u00e9 mantiene el cierre para 1 segundo.<\/li>\n<li class=\"ql-align-justify\">Tipo: contacto seco de forma C.<\/li>\n<\/ul>\n","protected":false},"excerpt":{"rendered":"<p>D8129 M\u00f3dulo Octo-rel\u00e9 El m\u00f3dulo D8129 Octo-relay es adecuado para aplicaciones que requieren rel\u00e9s de Forma C para operar sistemas auxiliares o para mostrar el estado del sistema contra incendios en anunciadores remotos.\u00a0Componentes de construcci\u00f3n como HVAC, desbloqueo de puertas y presurizaci\u00f3n de escaleras puede&hellip;<\/p>\n","protected":false},"featured_media":9401,"comment_status":"open","ping_status":"closed","template":"","meta":{"om_disable_all_campaigns":false,"_monsterinsights_skip_tracking":false,"_monsterinsights_sitenote_active":false,"_monsterinsights_sitenote_note":"","_monsterinsights_sitenote_category":0},"product_brand":[],"product_cat":[847],"product_tag":[81,727,730,66,731,728,729],"class_list":{"0":"post-9402","1":"product","2":"type-product","3":"status-publish","4":"has-post-thumbnail","6":"product_cat-accesorios-impresoras-de-credenciales","7":"product_tag-acceso-y-asistencia","8":"product_tag-cerraduras","9":"product_tag-commax-wulian","10":"product_tag-dahua","11":"product_tag-wejoin","12":"product_tag-yli","13":"product_tag-zkteco","15":"first","16":"instock","17":"sale","18":"taxable","19":"shipping-taxable","20":"purchasable","21":"product-type-simple"},"aioseo_notices":[],"_links":{"self":[{"href":"https:\/\/tecsecmty.com\/index.php\/wp-json\/wp\/v2\/product\/9402","targetHints":{"allow":["GET"]}}],"collection":[{"href":"https:\/\/tecsecmty.com\/index.php\/wp-json\/wp\/v2\/product"}],"about":[{"href":"https:\/\/tecsecmty.com\/index.php\/wp-json\/wp\/v2\/types\/product"}],"replies":[{"embeddable":true,"href":"https:\/\/tecsecmty.com\/index.php\/wp-json\/wp\/v2\/comments?post=9402"}],"version-history":[{"count":1,"href":"https:\/\/tecsecmty.com\/index.php\/wp-json\/wp\/v2\/product\/9402\/revisions"}],"predecessor-version":[{"id":9573,"href":"https:\/\/tecsecmty.com\/index.php\/wp-json\/wp\/v2\/product\/9402\/revisions\/9573"}],"wp:featuredmedia":[{"embeddable":true,"href":"https:\/\/tecsecmty.com\/index.php\/wp-json\/wp\/v2\/media\/9401"}],"wp:attachment":[{"href":"https:\/\/tecsecmty.com\/index.php\/wp-json\/wp\/v2\/media?parent=9402"}],"wp:term":[{"taxonomy":"product_brand","embeddable":true,"href":"https:\/\/tecsecmty.com\/index.php\/wp-json\/wp\/v2\/product_brand?post=9402"},{"taxonomy":"product_cat","embeddable":true,"href":"https:\/\/tecsecmty.com\/index.php\/wp-json\/wp\/v2\/product_cat?post=9402"},{"taxonomy":"product_tag","embeddable":true,"href":"https:\/\/tecsecmty.com\/index.php\/wp-json\/wp\/v2\/product_tag?post=9402"}],"curies":[{"name":"wp","href":"https:\/\/api.w.org\/{rel}","templated":true}]}}