{"id":9404,"date":"2023-02-23T22:42:25","date_gmt":"2023-02-24T04:42:25","guid":{"rendered":"https:\/\/tecsecmty.com\/index.php\/producto\/bosch-i_dx4010v2-modulo-de-interface-serial-a-usb-para-programacion-remota-software-rps\/"},"modified":"2023-03-22T23:21:22","modified_gmt":"2023-03-23T05:21:22","slug":"bosch-i_dx4010v2-modulo-de-interface-serial-a-usb-para-programacion-remota-software-rps","status":"publish","type":"product","link":"https:\/\/tecsecmty.com\/index.php\/producto\/bosch-i_dx4010v2-modulo-de-interface-serial-a-usb-para-programacion-remota-software-rps\/","title":{"rendered":"BOSCH I_DX4010V2- MODULO DE INTERFACE SERIAL A USB PARA PROGRAMACION REMOTA SOFTWARE RPS"},"content":{"rendered":"<div class=\"row aling-items-center padding-bottom-2x\">\n<div class=\"col-lg-12\">\n<h5 class=\"card-title text-center\">M\u00f3dulo de interfaz serie\/USB DX4010V2<\/h5>\n<p class=\"ql-align-justify\"><strong>El m\u00f3dulo de interfaz de serie\/USB DX4010V2 establece una conexi\u00f3n local entre los paneles de control compatibles y las aplicaciones aprobadas.\u00a0<\/strong>El m\u00f3dulo se conecta al bus de datos del panel de control que suministra la alimentaci\u00f3n y los datos.<\/p>\n<p class=\"ql-align-justify\">El m\u00f3dulo de interfaz serie DX4010V2 se conecta a:<\/p>\n<ul>\n<li class=\"ql-align-justify\">1. Un bus de opciones del panel de control o un bus SDI mediante el conector de bus de datos o una conexi\u00f3n al bloque de terminales.<\/li>\n<li class=\"ql-align-justify\">2. Un PC para RPS, BIS o aplicaciones de otros fabricantes mediante una conexi\u00f3n RS-232 o USB.<\/li>\n<li class=\"ql-align-justify\">3. Una impresora serie o paralelo con un registro de conversiones (no se muestra) mediante el conector RS-232 con un panel de control compatible. Consulte la secci\u00f3n Informaci\u00f3n de compatibilidad para obtener m\u00e1s informaci\u00f3n.<\/li>\n<li class=\"ql-align-justify\"><\/li>\n<\/ul>\n<p><img decoding=\"async\" class=\"overview-center-img-web\" src=\"https:\/\/tvc.mx\/media\/38385\/Logoopaginas-oficial-1920x400.png\" alt=\"\" \/><\/div>\n<\/div>\n<div class=\"row aling-items-center padding-bottom-2x\">\n<div class=\"col-lg-12\">\n<h5 class=\"card-title text-center\">BOSCH I_DX4010V2<\/h5>\n<ul>\n<li>Conectividad RS-232\/USB<\/li>\n<li>Conexi\u00f3n directa mejorada para el software de programaci\u00f3n remota (RPS)<\/li>\n<li>Bus de datos RJ-16<\/li>\n<li>Caja transparente<\/li>\n<li>Diodos emisores de luz (LED) de diagn\u00f3stico<\/li>\n<\/ul>\n<p><img decoding=\"async\" class=\"overview-center-img-web\" src=\"https:\/\/tvc.mx\/media\/256007\/BANNER-INTRUSION-%282%29-%281%29-%281%29.png\" alt=\"\" \/><\/div>\n<\/div>\n<div class=\"row align-items-center padding-bottom-2x\">\n<div class=\"col-md-5\"><img decoding=\"async\" class=\"d-block m-auto img-thumbnail\" src=\"https:\/\/tvc.mx\/media\/256011\/BOSCH-I_DX4010V2--MODULO-DE-INTERFACE-SERIAL-A-USB-PARA-PROGRAMACION-REMOTA-SOFTWARE-RPS-3.png\" alt=\" \" \/><\/div>\n<div class=\"col-md-7 text-md-left text-center\">\n<h2>Descripci\u00f3n general<\/h2>\n<p class=\"text-muted\">\n<p>El m\u00f3dulo de interfaz de serie\/USB DX4010V2 establece una conexi\u00f3n local entre los paneles de control compatibles y las aplicaciones aprobadas. El m\u00f3dulo se conecta al bus de datos del panel de control que suministra la alimentaci\u00f3n y los datos.<\/p>\n<p>&nbsp;<\/p>\n<\/div>\n<\/div>\n<hr class=\"padding-bottom-2x\" \/>\n<div class=\"row align-items-center padding-bottom-2x\">\n<div class=\"col-md-5 order-md-2\"><img decoding=\"async\" class=\"d-block m-auto img-thumbnail\" src=\"https:\/\/tvc.mx\/media\/256027\/BOSCH-I_DX4010V2--MODULO-DE-INTERFACE-SERIAL-A-USB-PARA-PROGRAMACION-REMOTA-SOFTWARE-RPS-3-%284%29.png\" alt=\" \" \/><\/div>\n<div class=\"col-md-7 order-md-1 text-md-left text-center\">\n<h2>Resumen del sistema<\/h2>\n<p class=\"text-muted\">\n<p>1. Un bus de opciones del panel de control o un bus SDI mediante el conector de bus de datos o una conexi\u00f3n al bloque de terminales.<\/p>\n<p>2. Un PC para RPS, BIS o aplicaciones de otros fabricantes mediante una conexi\u00f3n RS-232 o USB.<\/p>\n<p>3. Una impresora serie o paralelo con un registro de conversiones (no se muestra) mediante el conector RS-232 con un panel de control compatible. Consulte la secci\u00f3n Informaci\u00f3n de compatibilidad para obtener m\u00e1s informaci\u00f3n.<\/p>\n<p>&nbsp;<\/p>\n<\/div>\n<\/div>\n<hr class=\"padding-bottom-2x\" \/>\n<div class=\"row align-items-center padding-bottom-2x\">\n<div class=\"col-md-5\"><img decoding=\"async\" class=\"d-block m-auto img-thumbnail\" src=\"https:\/\/tvc.mx\/media\/256051\/BOSCH-I_DX4010V2--MODULO-DE-INTERFACE-SERIAL-A-USB-PARA-PROGRAMACION-REMOTA-SOFTWARE-RPS-3-%286%29.png\" alt=\" \" \/><\/div>\n<div class=\"col-md-7 text-md-left text-center\">\n<h2>Funciones b\u00e1sicas<\/h2>\n<p class=\"text-muted\">\n<p><strong>Bus de datos RJ-16 y conectividad RS-232\/USB<\/strong><\/p>\n<p>Utilice el conector de bus de datos RJ-16 para una conexi\u00f3n de programaci\u00f3n remota. Utilice el conector RS-232 DB9 DTE para conectar dispositivos RS-232 aprobados. Utilice un cable de USB-A a USB-B para conectarlo a un puerto USB.<\/p>\n<p><strong>Caja transparente<\/strong><\/p>\n<p>Los LED de diagn\u00f3stico se ven a trav\u00e9s de la caja transparente, lo que facilita la soluci\u00f3n de problemas. LED de diagn\u00f3stico Existen cuatro LED de diagn\u00f3stico que proporcionan informaci\u00f3n sobre la transmisi\u00f3n y recepci\u00f3n de datos.<\/p>\n<p><strong>Dos LED rojos<\/strong>\u00a0<strong>Funci\u00f3n<\/strong><\/p>\n<p>BUS RX Recibe los datos del panel de control<\/p>\n<p>BUS TX Transmite los datos al panel de control<\/p>\n<p><strong>Dos LED verdes Funci\u00f3n<\/strong><\/p>\n<p>SER RX Recibe los datos del dispositivo de serie<\/p>\n<p>SER TX Transmite los datos al dispositivo de serie<\/p>\n<p><strong>Conmutadores DIP<\/strong><\/p>\n<p>Utilice los conmutadores DIP externos para asignar f\u00e1cilmente una direcci\u00f3n al m\u00f3dulo de interfaz serie DX4010V2.<\/p>\n<p>&nbsp;<\/p>\n<\/div>\n<\/div>\n<hr class=\"padding-bottom-2x\" \/>\n<div class=\"row align-items-center padding-bottom-2x\">\n<div class=\"col-md-5\"><img decoding=\"async\" class=\"d-block m-auto img-thumbnail\" src=\"https:\/\/tvc.mx\/media\/256067\/BOSCH-I_DX4010V2--MODULO-DE-INTERFACE-SERIAL-A-USB-PARA-PROGRAMACION-REMOTA-SOFTWARE-RPS-3-%287%29.png\" alt=\" \" \/><\/div>\n<div class=\"col-md-7 text-md-left text-center\">\n<h2>Especificaciones<\/h2>\n<p class=\"text-muted\">\n<p class=\"ql-align-justify\"><strong>Ambientales<\/strong><\/p>\n<ul>\n<li class=\"ql-align-justify\">Temperatura de funcionamiento: De 0 \u00b0C a +50 \u00b0C (de +32 \u00b0F a +122 \u00b0F).<\/li>\n<li class=\"ql-align-justify\">Humedad relativa: Del 5% al 85% a +30 \u00b0C (+86 \u00b0F), sin condensaci\u00f3n.<\/li>\n<\/ul>\n<p class=\"ql-align-justify\"><strong>Requisitos de alimentaci\u00f3n<\/strong><\/p>\n<ul>\n<li class=\"ql-align-justify\">Corriente (m\u00e1xima): 55 mA nominal, 60 mA con LED.<\/li>\n<li class=\"ql-align-justify\">Tensi\u00f3n (funcionamiento): De 8 VCC a 14 VCC.<\/li>\n<\/ul>\n<\/div>\n<\/div>\n","protected":false},"excerpt":{"rendered":"<p>M\u00f3dulo de interfaz serie\/USB DX4010V2 El m\u00f3dulo de interfaz de serie\/USB DX4010V2 establece una conexi\u00f3n local entre los paneles de control compatibles y las aplicaciones aprobadas.\u00a0El m\u00f3dulo se conecta al bus de datos del panel de control que suministra la alimentaci\u00f3n y los datos. El&hellip;<\/p>\n","protected":false},"featured_media":9403,"comment_status":"open","ping_status":"closed","template":"","meta":{"om_disable_all_campaigns":false,"_monsterinsights_skip_tracking":false,"_monsterinsights_sitenote_active":false,"_monsterinsights_sitenote_note":"","_monsterinsights_sitenote_category":0},"product_brand":[],"product_cat":[847],"product_tag":[81,727,730,66,731,728,729],"class_list":{"0":"post-9404","1":"product","2":"type-product","3":"status-publish","4":"has-post-thumbnail","6":"product_cat-accesorios-impresoras-de-credenciales","7":"product_tag-acceso-y-asistencia","8":"product_tag-cerraduras","9":"product_tag-commax-wulian","10":"product_tag-dahua","11":"product_tag-wejoin","12":"product_tag-yli","13":"product_tag-zkteco","15":"first","16":"instock","17":"sale","18":"taxable","19":"shipping-taxable","20":"purchasable","21":"product-type-simple"},"aioseo_notices":[],"_links":{"self":[{"href":"https:\/\/tecsecmty.com\/index.php\/wp-json\/wp\/v2\/product\/9404","targetHints":{"allow":["GET"]}}],"collection":[{"href":"https:\/\/tecsecmty.com\/index.php\/wp-json\/wp\/v2\/product"}],"about":[{"href":"https:\/\/tecsecmty.com\/index.php\/wp-json\/wp\/v2\/types\/product"}],"replies":[{"embeddable":true,"href":"https:\/\/tecsecmty.com\/index.php\/wp-json\/wp\/v2\/comments?post=9404"}],"version-history":[{"count":2,"href":"https:\/\/tecsecmty.com\/index.php\/wp-json\/wp\/v2\/product\/9404\/revisions"}],"predecessor-version":[{"id":9572,"href":"https:\/\/tecsecmty.com\/index.php\/wp-json\/wp\/v2\/product\/9404\/revisions\/9572"}],"wp:featuredmedia":[{"embeddable":true,"href":"https:\/\/tecsecmty.com\/index.php\/wp-json\/wp\/v2\/media\/9403"}],"wp:attachment":[{"href":"https:\/\/tecsecmty.com\/index.php\/wp-json\/wp\/v2\/media?parent=9404"}],"wp:term":[{"taxonomy":"product_brand","embeddable":true,"href":"https:\/\/tecsecmty.com\/index.php\/wp-json\/wp\/v2\/product_brand?post=9404"},{"taxonomy":"product_cat","embeddable":true,"href":"https:\/\/tecsecmty.com\/index.php\/wp-json\/wp\/v2\/product_cat?post=9404"},{"taxonomy":"product_tag","embeddable":true,"href":"https:\/\/tecsecmty.com\/index.php\/wp-json\/wp\/v2\/product_tag?post=9404"}],"curies":[{"name":"wp","href":"https:\/\/api.w.org\/{rel}","templated":true}]}}