{"id":9406,"date":"2023-02-23T22:42:29","date_gmt":"2023-02-24T04:42:29","guid":{"rendered":"https:\/\/tecsecmty.com\/index.php\/producto\/bosch-i_en1223s-boton-unico-unalambrico-tecnologia-inovonics-contra-el-agua\/"},"modified":"2023-03-22T23:21:22","modified_gmt":"2023-03-23T05:21:22","slug":"bosch-i_en1223s-boton-unico-unalambrico-tecnologia-inovonics-contra-el-agua","status":"publish","type":"product","link":"https:\/\/tecsecmty.com\/index.php\/producto\/bosch-i_en1223s-boton-unico-unalambrico-tecnologia-inovonics-contra-el-agua\/","title":{"rendered":"BOSCH I_EN1223S- BOTON UNICO\/ UNALAMBRICO TECNOLOGIA INOVONICS\/ CONTRA EL AGUA"},"content":{"rendered":"<h5 class=\"card-title text-center\">EN1223S Colgante resistente al agua (Bot\u00f3n \u00fanico)<\/h5>\n<p class=\"ql-align-justify\">El transmisor colgante EN1223S es resistente al agua. y pesa menos de 40 g (1.4 oz). Los usuarios pueden usar el colgante en un cord\u00f3n para el cuello o clip para el cintur\u00f3n. Este colgante es dise\u00f1ado para satisfacer las necesidades de los guardias de patrulla, banco empleados y empleados de tiendas minoristas. El dise\u00f1o de un solo bot\u00f3n es ideal para la vida asistida. instalaciones Un diodo emisor de luz (LED) parpadea con todas las transmisiones, incluida la supervisi\u00f3n, para mostrar a los usuarios cuando la unidad est\u00e1 funcionando.<\/p>\n<p class=\"ql-align-justify\">Con el rango superior y la fiabilidad que ofrece el Plataforma Inovonics EchoStream, pr\u00e1cticamente no hay limitar a las aplicaciones que pueden beneficiarse de estos colgantes La plataforma Inovonics EchoStream utiliza recepci\u00f3n de diversidad y procesamiento de se\u00f1al avanzado para reducir los puntos muertos en las \u00e1reas de transmisi\u00f3n.<\/p>\n<p class=\"ql-align-justify\"><strong>Resumen del sistema<\/strong><\/p>\n<p class=\"ql-align-justify\"><strong>Desarrollado por Inovonics<\/strong><\/p>\n<p class=\"ql-align-justify\">La plataforma Inovonics EchoStream, impulsada por la tecnolog\u00eda de red de malla inal\u00e1mbrica Inovonics, asegura rango superior, confiabilidad y escalabilidad para aplicaciones comerciales. Usando una amplia gama de transmisores y repetidores, esta tecnolog\u00eda probada proporciona flexibilidad y rendimiento para cumplir al m\u00e1ximo estrictos requisitos. Este protocolo exclusivo es<\/p>\n<p class=\"ql-align-justify\">disponible solo en productos Inovonics EchoStream.<\/p>\n<p class=\"ql-align-justify\"><strong>Banda inal\u00e1mbrica de 900 MHz<\/strong><\/p>\n<p class=\"ql-align-justify\">La plataforma Inovonics EchoStream env\u00eda redundantes informaci\u00f3n sobre varios canales multifrecuencia dentro la banda FCC Part 15 900 MHz, que proporciona una calidad superior<\/p>\n<p class=\"ql-align-justify\">Rango y fiabilidad. En comparaci\u00f3n, los sistemas que usan un la tecnolog\u00eda de frecuencia \u00fanica solo puede enviar informaci\u00f3n en un canal de banda estrecha. Cualquier interferencia dentro<\/p>\n<p class=\"ql-align-justify\">la banda puede causar se\u00f1ales perdidas. Con conexi\u00f3n inal\u00e1mbrica registro, es f\u00e1cil agregar esta tecnolog\u00eda a cualquier solicitud.<\/p>\n<p class=\"ql-align-justify\"><strong>Funciones b\u00e1sicas<\/strong><\/p>\n<p class=\"ql-align-justify\"><strong>Dise\u00f1o<\/strong><\/p>\n<p class=\"ql-align-justify\">Los usuarios pueden usar el colgante en un cord\u00f3n o cintur\u00f3n acortar. El recinto resistente al agua protege el colgante si los usuarios lo usan en condiciones h\u00famedas.<\/p>\n<p class=\"ql-align-justify\"><strong>Supervisi\u00f3n<\/strong><\/p>\n<p class=\"ql-align-justify\">La actividad de la bater\u00eda y el enlace de radio son supervisados. El monitoreo ayuda a garantizar un funcionamiento confiable y salvaguardas contra la p\u00e9rdida de servicio no detectada debido a<\/p>\n<p class=\"ql-align-justify\">da\u00f1os al usuario final, como dejar caer el colgante repetidamente, exponi\u00e9ndolo a temperaturas extremas, Mojar el colgante u otros eventos similares.<\/p>\n<p class=\"ql-align-justify\"><strong>Notas de instalaci\u00f3n \/ configuraci\u00f3n<\/strong><\/p>\n<p class=\"ql-align-justify\"><strong>Informaci\u00f3n de compatibilidad<\/strong><\/p>\n<p class=\"ql-align-justify\">El transmisor colgante resistente al agua EN1223S es compatible con los siguientes productos:<\/p>\n<p class=\"ql-align-justify\"><strong>Receptores<\/strong><\/p>\n<ul>\n<li class=\"ql-align-justify\">Receptor de encuesta EN4016SK.<\/li>\n<li class=\"ql-align-justify\">Receptor serial EN4200.<\/li>\n<li class=\"ql-align-justify\">Receptor LED EN4204R.<\/li>\n<li class=\"ql-align-justify\">Reloj de repetici\u00f3n.<\/li>\n<li class=\"ql-align-justify\">Repetidor de alta potencia EN5040-T.<\/li>\n<\/ul>\n<p class=\"ql-align-justify\"><strong>Partes incluidas<\/strong><\/p>\n<p class=\"ql-align-justify\"><strong>Componente de cantidad<\/strong><\/p>\n<ul>\n<li class=\"ql-align-justify\">1 Transmisor.<\/li>\n<li class=\"ql-align-justify\">1 Cord\u00f3n de cuello.<\/li>\n<li class=\"ql-align-justify\">1 Clip para cintur\u00f3n.<\/li>\n<li class=\"ql-align-justify\">1 Bater\u00eda de celda de moneda de 3.0 V.<\/li>\n<\/ul>\n<p class=\"ql-align-justify\"><strong>Nota:\u00a0EN1223S Colgante resistente al agua (Bot\u00f3n \u00fanico)<\/strong><\/p>\n<p class=\"ql-align-justify\"><strong>Blanquecino, de un solo bot\u00f3n, resistente al agua, ligero colgante. Incluye un cord\u00f3n de cuello, bater\u00eda y cintur\u00f3n. acortar.<\/strong><\/p>\n<p class=\"ql-align-justify\"><strong>N\u00famero de pedido: EN1223S<\/strong><\/p>\n<p class=\"ql-align-justify\"><strong>Principales caracter\u00edsticas<\/strong><\/p>\n<ul>\n<li class=\"ql-align-justify\">Resistente al agua.<\/li>\n<li class=\"ql-align-justify\">LED.<\/li>\n<li class=\"ql-align-justify\">Activaci\u00f3n con un solo bot\u00f3n.<\/li>\n<li class=\"ql-align-justify\">Tecnolog\u00eda inal\u00e1mbrica de vanguardia.<\/li>\n<li class=\"ql-align-justify\">Enlace de radio supervisado.<\/li>\n<\/ul>\n<p class=\"ql-align-justify\"><strong>Especificaciones\u00a0<\/strong><\/p>\n<p class=\"ql-align-justify\"><strong>El\u00e9ctrico<\/strong><\/p>\n<ul>\n<li class=\"ql-align-justify\">Potencia: 3.0 V, 0.5 Ah.<\/li>\n<li class=\"ql-align-justify\">Reemplazo de bater\u00eda: Panasonic CR2450, Renata CR2450, Sanyo CR2450, o equivalente aprobado.<\/li>\n<li class=\"ql-align-justify\">No todas las marcas son equivalentes. Utilizar una marca especificada.<\/li>\n<li class=\"ql-align-justify\">Duraci\u00f3n de la bater\u00eda (promedio): 1 a 2 a\u00f1os. La duraci\u00f3n t\u00edpica de la bater\u00eda que se muestra es para operaci\u00f3n supervisada.<\/li>\n<\/ul>\n<p class=\"ql-align-justify\"><strong>Ambiental<\/strong><\/p>\n<ul>\n<li class=\"ql-align-justify\">Humedad relativa: hasta 90%, sin condensaci\u00f3n.<\/li>\n<li class=\"ql-align-justify\">Temperatura (en funcionamiento): 0 \u00b0 C a + 60 \u00b0 C (+ 32 \u00b0 F a + 140 \u00b0 F).<\/li>\n<\/ul>\n<p class=\"ql-align-justify\"><strong>Mec\u00e1nico<\/strong><\/p>\n<ul>\n<li class=\"ql-align-justify\">Dimensiones: De 5.6 cm x 4.8 cm x 1.8 cm (2.2 pulg. X 1.9 pulg. X 0.72 pulg.)<\/li>\n<li class=\"ql-align-justify\">Peso: 40 g (1.4 oz).<\/li>\n<\/ul>\n<p class=\"ql-align-justify\"><strong>Caracter\u00edsticas de transmisi\u00f3n<\/strong><\/p>\n<ul>\n<li class=\"ql-align-justify\">Frecuencia: 902 MHz a 928 MHz.<\/li>\n<\/ul>\n<p><img decoding=\"async\" class=\"overview-center-img-web\" src=\"https:\/\/tvc.mx\/media\/38253\/Logoopaginas-oficial-1920x400.png\" alt=\"\" \/><\/p>\n","protected":false},"excerpt":{"rendered":"<p>EN1223S Colgante resistente al agua (Bot\u00f3n \u00fanico) El transmisor colgante EN1223S es resistente al agua. y pesa menos de 40 g (1.4 oz). Los usuarios pueden usar el colgante en un cord\u00f3n para el cuello o clip para el cintur\u00f3n. Este colgante es dise\u00f1ado para&hellip;<\/p>\n","protected":false},"featured_media":9405,"comment_status":"open","ping_status":"closed","template":"","meta":{"om_disable_all_campaigns":false,"_monsterinsights_skip_tracking":false,"_monsterinsights_sitenote_active":false,"_monsterinsights_sitenote_note":"","_monsterinsights_sitenote_category":0},"product_brand":[],"product_cat":[847],"product_tag":[81,727,730,66,731,728,729],"class_list":{"0":"post-9406","1":"product","2":"type-product","3":"status-publish","4":"has-post-thumbnail","6":"product_cat-accesorios-impresoras-de-credenciales","7":"product_tag-acceso-y-asistencia","8":"product_tag-cerraduras","9":"product_tag-commax-wulian","10":"product_tag-dahua","11":"product_tag-wejoin","12":"product_tag-yli","13":"product_tag-zkteco","15":"first","16":"instock","17":"sale","18":"taxable","19":"shipping-taxable","20":"purchasable","21":"product-type-simple"},"aioseo_notices":[],"_links":{"self":[{"href":"https:\/\/tecsecmty.com\/index.php\/wp-json\/wp\/v2\/product\/9406","targetHints":{"allow":["GET"]}}],"collection":[{"href":"https:\/\/tecsecmty.com\/index.php\/wp-json\/wp\/v2\/product"}],"about":[{"href":"https:\/\/tecsecmty.com\/index.php\/wp-json\/wp\/v2\/types\/product"}],"replies":[{"embeddable":true,"href":"https:\/\/tecsecmty.com\/index.php\/wp-json\/wp\/v2\/comments?post=9406"}],"version-history":[{"count":1,"href":"https:\/\/tecsecmty.com\/index.php\/wp-json\/wp\/v2\/product\/9406\/revisions"}],"predecessor-version":[{"id":9570,"href":"https:\/\/tecsecmty.com\/index.php\/wp-json\/wp\/v2\/product\/9406\/revisions\/9570"}],"wp:featuredmedia":[{"embeddable":true,"href":"https:\/\/tecsecmty.com\/index.php\/wp-json\/wp\/v2\/media\/9405"}],"wp:attachment":[{"href":"https:\/\/tecsecmty.com\/index.php\/wp-json\/wp\/v2\/media?parent=9406"}],"wp:term":[{"taxonomy":"product_brand","embeddable":true,"href":"https:\/\/tecsecmty.com\/index.php\/wp-json\/wp\/v2\/product_brand?post=9406"},{"taxonomy":"product_cat","embeddable":true,"href":"https:\/\/tecsecmty.com\/index.php\/wp-json\/wp\/v2\/product_cat?post=9406"},{"taxonomy":"product_tag","embeddable":true,"href":"https:\/\/tecsecmty.com\/index.php\/wp-json\/wp\/v2\/product_tag?post=9406"}],"curies":[{"name":"wp","href":"https:\/\/api.w.org\/{rel}","templated":true}]}}