{"id":9412,"date":"2023-02-23T22:42:41","date_gmt":"2023-02-24T04:42:41","guid":{"rendered":"https:\/\/tecsecmty.com\/index.php\/producto\/bosch-i_en4204r-receptor-inalambrico-inovonics\/"},"modified":"2023-03-22T23:21:22","modified_gmt":"2023-03-23T05:21:22","slug":"bosch-i_en4204r-receptor-inalambrico-inovonics","status":"publish","type":"product","link":"https:\/\/tecsecmty.com\/index.php\/producto\/bosch-i_en4204r-receptor-inalambrico-inovonics\/","title":{"rendered":"BOSCH I_EN4204R- RECEPTOR INALAMBRICO INOVONICS"},"content":{"rendered":"<h5 class=\"card-title text-center\">Receptor LED inal\u00e1mbrico EN4204R<\/h5>\n<p class=\"ql-align-justify\"><strong>El receptor LED EN4204R entegra hasta cuatro Transmisores inal\u00e1mbricos 900 MHz en cualquier aplicaci\u00f3n. La plataforma EchoStream de Inovonics usa diversidad recepci\u00f3n y procesamiento avanzado de se\u00f1ales para reducir puntos muertos en \u00e1reas de transmisi\u00f3n.<\/strong>\u00a0El LED claramente muestra el estado actual de cada transmisor el receptor proporciona opciones vers\u00e1tiles para agregar alto rendimiento inal\u00e1mbrico a una instalaci\u00f3n.<\/p>\n<p class=\"ql-align-justify\"><strong>Resumen del sistema<\/strong><\/p>\n<p class=\"ql-align-justify\">Desarrollado por Inovonics<\/p>\n<p class=\"ql-align-justify\">La plataforma Inovonics EchoStream, impulsada por la tecnolog\u00eda de red de malla inal\u00e1mbrica Inovonics, asegura un rango superior, confiabilidad y escalabilidad para aplicaciones comerciales. Usando una amplia gama de transmisores y repetidores, esta tecnolog\u00eda probada proporciona flexibilidad y rendimiento para cumplir al m\u00e1ximo estrictos requisitos. Este protocolo exclusivo es<\/p>\n<p class=\"ql-align-justify\">disponible solo en productos Inovonics EchoStream.<\/p>\n<p class=\"ql-align-justify\"><strong>Banda inal\u00e1mbrica de 900 MHz<\/strong><\/p>\n<p class=\"ql-align-justify\">La plataforma Inovonics EchoStream env\u00eda redundantes informaci\u00f3n sobre varios canales multifrecuencia dentro la banda FCC Part 15 900 MHz, que proporciona una calidad superior<\/p>\n<p class=\"ql-align-justify\">Rango y fiabilidad. En comparaci\u00f3n, los sistemas que usan una tecnolog\u00eda de frecuencia \u00fanica solo puede enviar informaci\u00f3n en un canal de banda estrecha. Cualquier interferencia dentro<\/p>\n<p class=\"ql-align-justify\">la banda puede causar se\u00f1ales perdidas. Con conexi\u00f3n inal\u00e1mbrica registro, es f\u00e1cil agregar esta tecnolog\u00eda a cualquier solicitud.<\/p>\n<p class=\"ql-align-justify\"><strong>Funciones b\u00e1sicas<\/strong><\/p>\n<p class=\"ql-align-justify\"><strong>Salidas flexibles<\/strong><\/p>\n<p class=\"ql-align-justify\">Los transmisores y las fallas y alarmas del repetidor se asignan a cualquiera de los modelos de receptor.<\/p>\n<p class=\"ql-align-justify\"><strong>Registro Inal\u00e1mbrico<\/strong><\/p>\n<p class=\"ql-align-justify\">No se requiere un programador externo. los el transmisor se registra utilizando una programaci\u00f3n inal\u00e1mbrica rutina integrada en el receptor. Registro inal\u00e1mbrico reduce el tiempo de instalaci\u00f3n.<\/p>\n<p class=\"ql-align-justify\"><strong>Implementaci\u00f3n inal\u00e1mbrica segura<\/strong><\/p>\n<p class=\"ql-align-justify\">La detecci\u00f3n de atascos monitorea la presencia de todos los canales de interferencia por m\u00e1s de 20 segundos. Un terminal de reinicio est\u00e1 dentro del receptor, permitiendo que el receptor acepte<\/p>\n<p class=\"ql-align-justify\">se\u00f1ales de reinicio externas. El receptor incluye estuche tamper y antenas internas para mayor seguridad.<\/p>\n<p class=\"ql-align-justify\"><strong>Indicaci\u00f3n de estado<\/strong><\/p>\n<p class=\"ql-align-justify\">Los LED muestran la condici\u00f3n actual de cada transmisor, incluyendo activaci\u00f3n, manipulaci\u00f3n, bater\u00eda baja y inactividad.<\/p>\n<p class=\"ql-align-justify\"><strong>Supervisi\u00f3n y Expansi\u00f3n<\/strong><\/p>\n<p class=\"ql-align-justify\">Control de supervisi\u00f3n del transmisor y un transmisor ventana de supervisi\u00f3n espec\u00edfica, definida en el receptor, sitios de soporte con colgantes extra\u00edbles y transmisores de posici\u00f3n fija. La tecnolog\u00eda tambi\u00e9n supervisa repetidores. Inscriba, supervise y mapee hasta cuatro redes inal\u00e1mbricas transmisores y repetidores utilizando el apropiado salidas. Configurar transmisores y repetidores individualmente para adaptarse mejor a la aplicaci\u00f3n. Cada uno incluye una quinta salida utilizada para informar fallas.<\/p>\n<p class=\"ql-align-justify\"><strong>Notas de instalaci\u00f3n \/ configuraci\u00f3n<\/strong><\/p>\n<p class=\"ql-align-justify\"><strong>Informaci\u00f3n de compatibilidad<\/strong><\/p>\n<ul>\n<li class=\"ql-align-justify\">El receptor LED EN4204R es compatible con siguientes productos:<\/li>\n<\/ul>\n<p class=\"ql-align-justify\"><strong>Repetidor<\/strong><\/p>\n<ul>\n<li class=\"ql-align-justify\">Repetidor de alta potencia EN5040-T.<\/li>\n<\/ul>\n<p class=\"ql-align-justify\"><strong>Transmisores<\/strong><\/p>\n<ul>\n<li class=\"ql-align-justify\">Transmisor universal EN1210 (entrada \u00fanica).<\/li>\n<li class=\"ql-align-justify\">Transmisor universal EN1210EOL con resistencia EOL.<\/li>\n<li class=\"ql-align-justify\">Transmisor de encuesta EN1210SK.<\/li>\n<li class=\"ql-align-justify\">Transmisor de puerta-ventana EN1210W con interruptor de l\u00e1minas.<\/li>\n<li class=\"ql-align-justify\">Transmisor universal EN1215EOL con sabotaje de pared y resistencia EOL EN1215WEOL.<\/li>\n<li class=\"ql-align-justify\">Transmisor de puerta y ventana con sabotaje de pared,<\/li>\n<li class=\"ql-align-justify\">Interruptor de l\u00e1minas y resistencia EOL.<\/li>\n<li class=\"ql-align-justify\">Transmisor colgante resistente al agua EN1223D (Doble bot\u00f3n).<\/li>\n<li class=\"ql-align-justify\">Transmisor colgante resistente al agua EN1223S (Bot\u00f3n \u00fanico).<\/li>\n<li class=\"ql-align-justify\">Transmisor colgante EN1223SK Survey.<\/li>\n<li class=\"ql-align-justify\">EN1233D Transmisor colgante de collar (doble bot\u00f3n).<\/li>\n<li class=\"ql-align-justify\">EN1233S Transmisor colgante de collar (un bot\u00f3n).<\/li>\n<li class=\"ql-align-justify\">EN1235D Transmisor colgante con clip para cintur\u00f3n (bot\u00f3n doble).<\/li>\n<li class=\"ql-align-justify\">EN1235S Transmisor colgante con clip para cintur\u00f3n (bot\u00f3n \u00fanico).<\/li>\n<li class=\"ql-align-justify\">Transmisor de ubicaci\u00f3n fija EN1235DF (doble bot\u00f3n).<\/li>\n<li class=\"ql-align-justify\">Transmisor de ubicaci\u00f3n fija EN1235SF (doble bot\u00f3n).<\/li>\n<li class=\"ql-align-justify\">EN1242 Detector de humo-transmisor.<\/li>\n<li class=\"ql-align-justify\">Transmisor de sensor de rotura de vidrio EN1247.<\/li>\n<li class=\"ql-align-justify\">Transmisor Billtrap EN1249.<\/li>\n<li class=\"ql-align-justify\">Transmisor de sensor de movimiento PIR EN1260 (comercial y aplicaciones nacionales de alta gama).<\/li>\n<li class=\"ql-align-justify\">Transmisor de sensor de movimiento PIR EN1261HT (alto tr\u00e1fico \u00c1reas).<\/li>\n<li class=\"ql-align-justify\">Transmisor de sensor de movimiento PIR EN1262 (residencial y Aplicaciones comerciales de bajo tr\u00e1fico).<\/li>\n<li class=\"ql-align-justify\">Transmisor de sensor de movimiento PIR EN1265 (montaje en techo Aplicaciones).<\/li>\n<\/ul>\n<p class=\"ql-align-justify\"><strong>Partes incluidas<\/strong><\/p>\n<p class=\"ql-align-justify\"><strong>Cuant. Componente<\/strong><\/p>\n<ul>\n<li class=\"ql-align-justify\">1 receptor EN4204R.<\/li>\n<li class=\"ql-align-justify\">1 paquete de hardware.<\/li>\n<li class=\"ql-align-justify\">1 Literatura &#8211; Manual de instalaci\u00f3n y operaci\u00f3n.<\/li>\n<\/ul>\n<p class=\"ql-align-justify\"><strong>Nota: Receptor LED inal\u00e1mbrico EN4204R<\/strong><\/p>\n<p class=\"ql-align-justify\"><strong>Monitorea hasta cuatro transmisores o repetidores inal\u00e1mbricos.<\/strong><\/p>\n<p class=\"ql-align-justify\"><strong>N\u00famero de pedido: EN4204R<\/strong><\/p>\n<p class=\"ql-align-justify\"><strong>Principales caracter\u00edsticas<\/strong><\/p>\n<ul>\n<li class=\"ql-align-justify\">Supervisa hasta cuatro transmisores o repetidores.<\/li>\n<li class=\"ql-align-justify\">Soluci\u00f3n rentable para sistemas peque\u00f1os.<\/li>\n<li class=\"ql-align-justify\">Alarma flexible y salida de falla.<\/li>\n<li class=\"ql-align-justify\">Registro inal\u00e1mbrico.<\/li>\n<li class=\"ql-align-justify\">Compatible con una variedad de transmisores y paneles de control.<\/li>\n<\/ul>\n<p class=\"ql-align-justify\"><strong>Especificaciones\u00a0<\/strong><\/p>\n<p class=\"ql-align-justify\"><strong>El\u00e9ctrico<\/strong><\/p>\n<p class=\"ql-align-justify\"><strong>Clasificaci\u00f3n:<\/strong><\/p>\n<ul>\n<li class=\"ql-align-justify\">Requisitos de energ\u00eda: 10 VDC a 14 VDC<\/li>\n<\/ul>\n<p class=\"ql-align-justify\"><strong>Salidas<\/strong><\/p>\n<ul>\n<li class=\"ql-align-justify\">Clasificaci\u00f3n: 1 A, 28 VCC o 0.5 A, 30 VCA (resistiva)<\/li>\n<\/ul>\n<p class=\"ql-align-justify\"><strong>Tipos:<\/strong><\/p>\n<ul>\n<li class=\"ql-align-justify\">Cuatro rel\u00e9s de forma C para conectar a cualquier panel de control o para aplicaciones inal\u00e1mbricas independientes (NO o NC).<\/li>\n<li class=\"ql-align-justify\">Una manipulaci\u00f3n de la caja del receptor NO cierre de contacto.<\/li>\n<li class=\"ql-align-justify\">Una entrada de atasco del receptor NC indicaci\u00f3n.<\/li>\n<\/ul>\n<p class=\"ql-align-justify\"><strong>Ambiental<\/strong><\/p>\n<ul>\n<li class=\"ql-align-justify\">Humedad relativa: hasta 90%, sin condensaci\u00f3n.<\/li>\n<li class=\"ql-align-justify\">Temperatura (en funcionamiento): 0 \u00b0 C a + 60 \u00b0 C (+ 32 \u00b0 F a + 140 \u00b0 F).<\/li>\n<\/ul>\n<p class=\"ql-align-justify\"><strong>Mec\u00e1nico<\/strong><\/p>\n<ul>\n<li class=\"ql-align-justify\">Material: ABS.<\/li>\n<li class=\"ql-align-justify\">Cierre: enganche con tornillos opcionales para alto.<\/li>\n<li class=\"ql-align-justify\">Instalaciones de seguridad.<\/li>\n<li class=\"ql-align-justify\">Dimensiones: De 16.5 cm x 8.9 cm x 2.5 cm (6.5 pulg. X 3.5 pulg. X 1 pulg.).<\/li>\n<li class=\"ql-align-justify\">Peso: 204 g (7.2 oz).<\/li>\n<\/ul>\n<p class=\"ql-align-justify\"><strong>Caracter\u00edsticas de recepci\u00f3n.<\/strong><\/p>\n<ul>\n<li class=\"ql-align-justify\">Compatibilidad de frecuencia: 902 MHz a 928 MHz.<\/li>\n<li class=\"ql-align-justify\">Transmisores: admite hasta cuatro.<\/li>\n<\/ul>\n<p><img decoding=\"async\" class=\"overview-center-img-web\" src=\"https:\/\/tvc.mx\/media\/38151\/Logoopaginas-oficial-1920x400.png\" alt=\"\" \/><\/p>\n","protected":false},"excerpt":{"rendered":"<p>Receptor LED inal\u00e1mbrico EN4204R El receptor LED EN4204R entegra hasta cuatro Transmisores inal\u00e1mbricos 900 MHz en cualquier aplicaci\u00f3n. La plataforma EchoStream de Inovonics usa diversidad recepci\u00f3n y procesamiento avanzado de se\u00f1ales para reducir puntos muertos en \u00e1reas de transmisi\u00f3n.\u00a0El LED claramente muestra el estado actual&hellip;<\/p>\n","protected":false},"featured_media":9411,"comment_status":"open","ping_status":"closed","template":"","meta":{"om_disable_all_campaigns":false,"_monsterinsights_skip_tracking":false,"_monsterinsights_sitenote_active":false,"_monsterinsights_sitenote_note":"","_monsterinsights_sitenote_category":0},"product_brand":[],"product_cat":[847],"product_tag":[81,727,730,66,731,728,729],"class_list":{"0":"post-9412","1":"product","2":"type-product","3":"status-publish","4":"has-post-thumbnail","6":"product_cat-accesorios-impresoras-de-credenciales","7":"product_tag-acceso-y-asistencia","8":"product_tag-cerraduras","9":"product_tag-commax-wulian","10":"product_tag-dahua","11":"product_tag-wejoin","12":"product_tag-yli","13":"product_tag-zkteco","15":"first","16":"instock","17":"sale","18":"taxable","19":"shipping-taxable","20":"purchasable","21":"product-type-simple"},"aioseo_notices":[],"_links":{"self":[{"href":"https:\/\/tecsecmty.com\/index.php\/wp-json\/wp\/v2\/product\/9412","targetHints":{"allow":["GET"]}}],"collection":[{"href":"https:\/\/tecsecmty.com\/index.php\/wp-json\/wp\/v2\/product"}],"about":[{"href":"https:\/\/tecsecmty.com\/index.php\/wp-json\/wp\/v2\/types\/product"}],"replies":[{"embeddable":true,"href":"https:\/\/tecsecmty.com\/index.php\/wp-json\/wp\/v2\/comments?post=9412"}],"version-history":[{"count":1,"href":"https:\/\/tecsecmty.com\/index.php\/wp-json\/wp\/v2\/product\/9412\/revisions"}],"predecessor-version":[{"id":9567,"href":"https:\/\/tecsecmty.com\/index.php\/wp-json\/wp\/v2\/product\/9412\/revisions\/9567"}],"wp:featuredmedia":[{"embeddable":true,"href":"https:\/\/tecsecmty.com\/index.php\/wp-json\/wp\/v2\/media\/9411"}],"wp:attachment":[{"href":"https:\/\/tecsecmty.com\/index.php\/wp-json\/wp\/v2\/media?parent=9412"}],"wp:term":[{"taxonomy":"product_brand","embeddable":true,"href":"https:\/\/tecsecmty.com\/index.php\/wp-json\/wp\/v2\/product_brand?post=9412"},{"taxonomy":"product_cat","embeddable":true,"href":"https:\/\/tecsecmty.com\/index.php\/wp-json\/wp\/v2\/product_cat?post=9412"},{"taxonomy":"product_tag","embeddable":true,"href":"https:\/\/tecsecmty.com\/index.php\/wp-json\/wp\/v2\/product_tag?post=9412"}],"curies":[{"name":"wp","href":"https:\/\/api.w.org\/{rel}","templated":true}]}}