{"id":9415,"date":"2023-02-23T22:42:46","date_gmt":"2023-02-24T04:42:46","guid":{"rendered":"https:\/\/tecsecmty.com\/index.php\/producto\/dahua-dhi-isc-d118-t-arco-detector-de-metales-de-18-zonas-con-medicion-de-temperatura-pantalla-de-3-5-pulgadas-relampago\/"},"modified":"2023-03-22T23:22:33","modified_gmt":"2023-03-23T05:22:33","slug":"dahua-dhi-isc-d118-t-arco-detector-de-metales-de-18-zonas-con-medicion-de-temperatura-pantalla-de-3-5-pulgadas-relampago","status":"publish","type":"product","link":"https:\/\/tecsecmty.com\/index.php\/producto\/dahua-dhi-isc-d118-t-arco-detector-de-metales-de-18-zonas-con-medicion-de-temperatura-pantalla-de-3-5-pulgadas-relampago\/","title":{"rendered":"DAHUA DHI-ISC-D118-T &#8211; Arco Detector de Metales de 18 Zonas con Medici\u00f3n de temperatura\/ pantalla de 3.5 pulgadas\/ #relampago"},"content":{"rendered":"<div class=\"row aling-items-center padding-bottom-2x\">\n<div class=\"col-lg-12\">\n<h5 class=\"card-title text-center\">Informaci\u00f3n general<\/h5>\n<p>El dispositivo es un detector de metales de paso de alto rendimiento. Es liviano y tiene una alta sensibilidad de detecci\u00f3n de metales, fuertes capacidades anti interferencias y un rendimiento estable. El dispositivo, fabricado con materiales especiales de alta resistencia, es liviano y f\u00e1cil de transportar e instalar. El dispositivo tiene un dise\u00f1o modular y se fabrica en l\u00edneas de montaje unificadas, lo que garantiza una buena estabilidad. Tambi\u00e9n ofrece una interfaz simple y f\u00e1cil de usar, en conjunto de la tecnolog\u00eda t\u00e9rmica y visible, la c\u00e1mara es ideal para aplicaciones obscuras y de \u00e1reas peque\u00f1as.<\/p>\n<p><img decoding=\"async\" class=\"overview-center-img-web\" src=\"https:\/\/tvc.mx\/media\/545715\/Dahua-Detector-de-metales-18-zonas-con-medici%C3%B3n-de-temperatura-overprincipal.png\" alt=\"\" \/><\/div>\n<\/div>\n<div class=\"row align-items-center padding-bottom-2x\">\n<div class=\"col-md-5\"><img decoding=\"async\" class=\"d-block m-auto img-thumbnail\" src=\"https:\/\/tvc.mx\/media\/545723\/Dahua-Detector-de-metales-18-zonas-con-medici%C3%B3n-de-temperatura-overzona.png\" alt=\" \" \/><\/div>\n<div class=\"col-md-7 text-md-left text-center\">\n<h2>Indicaci\u00f3n de zona<\/h2>\n<p class=\"text-muted\">\n<p>Se pueden seleccionar 6, 12 o 18 zonas independientes y se pueden ubicar varios elementos met\u00e1licos simult\u00e1neamente.<\/p>\n<p>255 niveles de sensibilidad ajustables en cada zona de detecci\u00f3n (la sensibilidad aumenta por niveles).<\/p>\n<p>Monitoreo de temperatura precisa de rostro sin contacto, que dispara una alerta en el sistema cuando detecta una temperatura fuera de los par\u00e1metros establecidos.<\/p>\n<p>Cumple con los est\u00e1ndares internacionales de seguridad vigentes mediante el uso de campos electromagn\u00e9ticos de Muy Baja Frecuencia. Ning\u00fan da\u00f1o causado a marcapasos, mujeres embarazadas y dispositivos de almacenamiento magn\u00e9tico.<\/p>\n<p>&nbsp;<\/p>\n<\/div>\n<\/div>\n<hr class=\"padding-bottom-2x\" \/>\n<div class=\"row align-items-center padding-bottom-2x\">\n<div class=\"col-md-5 order-md-2\"><img decoding=\"async\" class=\"d-block m-auto img-thumbnail\" src=\"https:\/\/tvc.mx\/media\/545731\/Dahua-Detector-de-metales-18-zonas-con-medici%C3%B3n-de-temperatura-overconteo.png\" alt=\" \" \/><\/div>\n<div class=\"col-md-7 order-md-1 text-md-left text-center\">\n<h2>Modo de conteo<\/h2>\n<p class=\"text-muted\">\n<p>Conteo unidireccional; conteo de entrada\/salida; buscando de d\u00eda.<\/p>\n<p>Diagn\u00f3stico autom\u00e1tico m\u00e1s autocomprobaci\u00f3n manual.<\/p>\n<p>Admite 12 modos de escenario y aplica autom\u00e1ticamente la sensibilidad correspondiente.<\/p>\n<p>&nbsp;<\/p>\n<\/div>\n<\/div>\n<hr class=\"padding-bottom-2x\" \/>\n<div class=\"row align-items-center padding-bottom-2x\">\n<div class=\"col-md-5\"><img decoding=\"async\" class=\"d-block m-auto img-thumbnail\" src=\"https:\/\/tvc.mx\/media\/545787\/sensor-optimizado.png\" alt=\" \" \/><\/div>\n<div class=\"col-md-7 text-md-left text-center\">\n<h2>Sensor IR<\/h2>\n<p class=\"text-muted\">\n<p>Sensor infrarrojo (IR) con menos alarmas falsas o perdidas; estad\u00edsticas autom\u00e1ticas de alarmas y estad\u00edsticas de paso; Detecci\u00f3n IR y m\u00faltiples modos de detecci\u00f3n.<\/p>\n<p>9 tonos de alarma con 10 niveles de volumen ajustables, modo de silencio y duraci\u00f3n de la alarma (0\u201310 s). Indicaci\u00f3n de zona Se pueden seleccionar 6, 12 o 18 zonas independientes y se pueden ubicar varios elementos met\u00e1licos simult\u00e1neamente.<\/p>\n<p>&nbsp;<\/p>\n<\/div>\n<\/div>\n<hr class=\"padding-bottom-2x\" \/>\n<div class=\"row align-items-center padding-bottom-2x\">\n<div class=\"col-md-5 order-md-2\"><img decoding=\"async\" class=\"d-block m-auto img-thumbnail\" src=\"https:\/\/tvc.mx\/media\/545779\/Dahua-Detector-de-metales-18-zonas-con-medici%C3%B3n-de-temperatura-overcaract.png\" alt=\" \" \/><\/div>\n<div class=\"col-md-7 order-md-1 text-md-left text-center\">\n<h2>Principales caracter\u00edsticas<\/h2>\n<p class=\"text-muted\">\n<p>Detector de metales<\/p>\n<ul>\n<li>18 zonas de detecci\u00f3n con luces indicadoras correspondientes<\/li>\n<li>Objetivo m\u00ednimo de detecci\u00f3n: moneda de diez centavos CNY<\/li>\n<li>LCD de 3,5 pulgadas con una interfaz interactiva y f\u00e1cil de usar<\/li>\n<li>Supervise y muestre la intensidad de la se\u00f1al en tiempo real de la interferencia ambiental<\/li>\n<li>Busca autom\u00e1ticamente la frecuencia de funcionamiento (20 niveles disponibles)<\/li>\n<li>N\u00famero de paso de conteo, n\u00fameros de paso\/devoluci\u00f3n y n\u00famero de alarma<\/li>\n<li>Estad\u00edsticas de paso\/retorno, estad\u00edsticas de alarma y b\u00fasqueda por d\u00eda<\/li>\n<li>Dise\u00f1o modular f\u00e1cil de instalar<\/li>\n<li>Dise\u00f1o seguro de bajo voltaje<\/li>\n<li>Conector de aviaci\u00f3n confiable y estable<\/li>\n<li>9 tonos de alarma con 10 niveles de volumen ajustables, modo de silencio y duraci\u00f3n de la alarma: 0\u201310 s<\/li>\n<li>255 niveles de sensibilidad ajustables<\/li>\n<li>Configuraci\u00f3n de par\u00e1metros separada para 12 escenarios admitidos<\/li>\n<li>Control remoto por infrarrojos<\/li>\n<li>M\u00faltiples modos de detecci\u00f3n IR<\/li>\n<li>Admite bater\u00edas de plomo-\u00e1cido (opcional)<\/li>\n<\/ul>\n<p>C\u00e1mara<\/p>\n<ul>\n<li>Tecnolog\u00eda de sensor t\u00e9rmico Vox no refrigerado<\/li>\n<li>Lente atermalizado ( c\u00e1mara t\u00e9rmica), libre de enfoque<\/li>\n<li>4 Mp 1\/ 2.7&#8243; de escaneo progresivo CMOS<\/li>\n<li>ROI, detecci\u00f3n de movimiento, paleta de colores<\/li>\n<li>Detecci\u00f3n de fumador y de comportamiento de llamada<\/li>\n<li>Detecci\u00f3n de fuego y alarma<\/li>\n<li>1\/1 entrada y salida de Alarma<\/li>\n<li>Ranura micro SD<\/li>\n<li>IP67<\/li>\n<li>PoE<\/li>\n<li>Imagen de fusi\u00f3n.<\/li>\n<\/ul>\n<\/div>\n<\/div>\n","protected":false},"excerpt":{"rendered":"<p>Informaci\u00f3n general El dispositivo es un detector de metales de paso de alto rendimiento. Es liviano y tiene una alta sensibilidad de detecci\u00f3n de metales, fuertes capacidades anti interferencias y un rendimiento estable. El dispositivo, fabricado con materiales especiales de alta resistencia, es liviano y&hellip;<\/p>\n","protected":false},"featured_media":1302,"comment_status":"open","ping_status":"closed","template":"","meta":{"om_disable_all_campaigns":false,"_monsterinsights_skip_tracking":false,"_monsterinsights_sitenote_active":false,"_monsterinsights_sitenote_note":"","_monsterinsights_sitenote_category":0},"product_brand":[],"product_cat":[849],"product_tag":[81,727,730,66,731,728,729],"class_list":{"0":"post-9415","1":"product","2":"type-product","3":"status-publish","4":"has-post-thumbnail","6":"product_cat-detectores-de-metal-arco-inspeccion-dahua-acceso-asistencia","7":"product_tag-acceso-y-asistencia","8":"product_tag-cerraduras","9":"product_tag-commax-wulian","10":"product_tag-dahua","11":"product_tag-wejoin","12":"product_tag-yli","13":"product_tag-zkteco","15":"first","16":"instock","17":"sale","18":"taxable","19":"shipping-taxable","20":"purchasable","21":"product-type-simple"},"aioseo_notices":[],"_links":{"self":[{"href":"https:\/\/tecsecmty.com\/index.php\/wp-json\/wp\/v2\/product\/9415","targetHints":{"allow":["GET"]}}],"collection":[{"href":"https:\/\/tecsecmty.com\/index.php\/wp-json\/wp\/v2\/product"}],"about":[{"href":"https:\/\/tecsecmty.com\/index.php\/wp-json\/wp\/v2\/types\/product"}],"replies":[{"embeddable":true,"href":"https:\/\/tecsecmty.com\/index.php\/wp-json\/wp\/v2\/comments?post=9415"}],"version-history":[{"count":1,"href":"https:\/\/tecsecmty.com\/index.php\/wp-json\/wp\/v2\/product\/9415\/revisions"}],"predecessor-version":[{"id":9565,"href":"https:\/\/tecsecmty.com\/index.php\/wp-json\/wp\/v2\/product\/9415\/revisions\/9565"}],"wp:featuredmedia":[{"embeddable":true,"href":"https:\/\/tecsecmty.com\/index.php\/wp-json\/wp\/v2\/media\/1302"}],"wp:attachment":[{"href":"https:\/\/tecsecmty.com\/index.php\/wp-json\/wp\/v2\/media?parent=9415"}],"wp:term":[{"taxonomy":"product_brand","embeddable":true,"href":"https:\/\/tecsecmty.com\/index.php\/wp-json\/wp\/v2\/product_brand?post=9415"},{"taxonomy":"product_cat","embeddable":true,"href":"https:\/\/tecsecmty.com\/index.php\/wp-json\/wp\/v2\/product_cat?post=9415"},{"taxonomy":"product_tag","embeddable":true,"href":"https:\/\/tecsecmty.com\/index.php\/wp-json\/wp\/v2\/product_tag?post=9415"}],"curies":[{"name":"wp","href":"https:\/\/api.w.org\/{rel}","templated":true}]}}