{"id":9419,"date":"2023-02-23T22:42:49","date_gmt":"2023-02-24T04:42:49","guid":{"rendered":"https:\/\/tecsecmty.com\/index.php\/producto\/dahua-isc-d109l-arco-detector-de-metales-9-zonas-display-de-5-digitos-de-alto-brillo-luces-indicadoras-de-area-contador-de-paso-y-alarmas-deteccion-multi-zona-99-tonos-de-alarmas-y-volumen-aju\/"},"modified":"2023-03-22T23:22:55","modified_gmt":"2023-03-23T05:22:55","slug":"dahua-isc-d109l-arco-detector-de-metales-9-zonas-display-de-5-digitos-de-alto-brillo-luces-indicadoras-de-area-contador-de-paso-y-alarmas-deteccion-multi-zona-99-tonos-de-alarmas-y-volumen-aju","status":"publish","type":"product","link":"https:\/\/tecsecmty.com\/index.php\/producto\/dahua-isc-d109l-arco-detector-de-metales-9-zonas-display-de-5-digitos-de-alto-brillo-luces-indicadoras-de-area-contador-de-paso-y-alarmas-deteccion-multi-zona-99-tonos-de-alarmas-y-volumen-aju\/","title":{"rendered":"Dahua ISC-D109L &#8211; Arco Detector de Metales\/ 9 Zonas\/ Display de 5 d\u00edgitos de Alto Brillo\/ Luces Indicadoras de \u00c1rea\/ Contador de Paso y Alarmas\/ Detecci\u00f3n Multi Zona\/ 99 Tonos de Alarmas y Volumen Ajustable\/ #LoNuevo #NuevaL"},"content":{"rendered":"<div class=\"row aling-items-center padding-bottom-2x\">\n<div class=\"col-lg-12\">\n<h5 class=\"card-title text-center\">Informaci\u00f3n General<\/h5>\n<p>El dispositivo tiene una alta sensibilidad de detecci\u00f3n de metales, peso ligero, gran capacidad de interferencia y un rendimiento estable. Utiliza materiales especiales de alta resistencia, ligeros y f\u00e1ciles de transportar e instalar. El dispositivo tiene un dise\u00f1o modular y se fabrica en l\u00edneas de montaje unificadas para una buena estabilidad. Gracias a su interfaz intuitiva y su uso simple, no se requiere capacitaci\u00f3n operativa.<\/p>\n<p><img decoding=\"async\" class=\"overview-center-img-web\" src=\"https:\/\/tvc.mx\/media\/495034\/detector-de-metales-9-zonas-de-detecci%C3%B3n-con-6-sensores-ISC-D109L-Dahua.png\" alt=\"\" \/><\/div>\n<\/div>\n<div class=\"row align-items-center padding-bottom-2x\">\n<div class=\"col-md-5 order-md-2\"><img decoding=\"async\" class=\"d-block m-auto img-thumbnail\" src=\"https:\/\/tvc.mx\/media\/495036\/indicacion-de-zonas.png\" alt=\" \" \/><\/div>\n<div class=\"col-md-7 order-md-1 text-md-left text-center\">\n<h2>Sensor IR optimizado<\/h2>\n<p class=\"text-muted\">\n<p>La sensibilidad de cada zona de detecci\u00f3n se puede ajustar seg\u00fan sea necesario para cumplir con los diferentes requisitos de sensibilidad de las diferentes zonas.<\/p>\n<p>Busca y aplica autom\u00e1ticamente la frecuencia de operaci\u00f3n adecuada; admite 20 niveles ajustables.<\/p>\n<p>&nbsp;<\/p>\n<\/div>\n<\/div>\n<hr class=\"padding-bottom-2x\" \/>\n<div class=\"row align-items-center padding-bottom-2x\">\n<div class=\"col-md-5\"><img decoding=\"async\" class=\"d-block m-auto img-thumbnail\" src=\"https:\/\/tvc.mx\/media\/493064\/sensor-optimizado.png\" alt=\" \" \/><\/div>\n<div class=\"col-md-7 text-md-left text-center\">\n<h2>Sensor optimizado<\/h2>\n<p class=\"text-muted\">\n<p>Sensor infrarrojo (IR) con menos alarmas falsas o perdidas; estad\u00edsticas autom\u00e1ticas de alarmas y estad\u00edsticas de paso; Detecci\u00f3n IR y m\u00faltiples modos de detecci\u00f3n.<\/p>\n<p>&nbsp;<\/p>\n<\/div>\n<\/div>\n<hr class=\"padding-bottom-2x\" \/>\n<div class=\"row align-items-center padding-bottom-2x\">\n<div class=\"col-md-5 order-md-2\"><img decoding=\"async\" class=\"d-block m-auto img-thumbnail\" src=\"https:\/\/tvc.mx\/media\/495038\/conteo-de-personas.png\" alt=\" \" \/><\/div>\n<div class=\"col-md-7 order-md-1 text-md-left text-center\">\n<h2>Modo de conteo<\/h2>\n<p class=\"text-muted\">\n<p>Conteo unidireccional; conteo de entrada\/salida; buscando de d\u00eda.<\/p>\n<p>El acceso a la programaci\u00f3n y la configuraci\u00f3n de par\u00e1metros est\u00e1n protegidos por una contrase\u00f1a de cinco d\u00edgitos.<\/p>\n<p>Cumple con los est\u00e1ndares internacionales de seguridad vigentes mediante el uso de campos electromagn\u00e9ticos de Muy Baja Frecuencia. No se causaron da\u00f1os a marcapasos, mujeres embarazadas y dispositivos de almacenamiento magn\u00e9tico.<\/p>\n<p>&nbsp;<\/p>\n<\/div>\n<\/div>\n<hr class=\"padding-bottom-2x\" \/>\n<div class=\"row align-items-center padding-bottom-2x\">\n<div class=\"col-md-5\"><img decoding=\"async\" class=\"d-block m-auto img-thumbnail\" src=\"https:\/\/tvc.mx\/media\/495040\/detector-de-metales-9-zonas-de-detecci%C3%B3n-con-6-sensores-ISC-D109L-Dahua-caracteristicas.png\" alt=\" \" \/><\/div>\n<div class=\"col-md-7 text-md-left text-center\">\n<h2>Principales Caracter\u00edsticas<\/h2>\n<p class=\"text-muted\">\n<ul>\n<li>Supervise y muestre la intensidad de la se\u00f1al en tiempo real de la interferencia ambiental<\/li>\n<li>Busca autom\u00e1ticamente la frecuencia de funcionamiento (20 niveles disponibles)<\/li>\n<li>N\u00famero de paso de conteo, n\u00fameros de paso\/devoluci\u00f3n y n\u00famero de alarma<\/li>\n<li>Estad\u00edsticas de paso\/retorno, estad\u00edsticas de alarma y b\u00fasqueda por d\u00eda<\/li>\n<li>Dise\u00f1o modular f\u00e1cil de instalar<\/li>\n<li>Dise\u00f1o seguro de bajo voltaje<\/li>\n<li>Conector de aviaci\u00f3n confiable y estable<\/li>\n<li>9 tonos de alarma con 10 niveles de volumen ajustables, modo de silencio y duraci\u00f3n de la alarma: 0\u201310 s<\/li>\n<li>255 niveles de sensibilidad ajustables<\/li>\n<li>Configuraci\u00f3n de par\u00e1metros separada para 12 escenarios admitidos<\/li>\n<li>control remoto por infrarrojos<\/li>\n<li>M\u00faltiples modos de detecci\u00f3n IR<\/li>\n<li>Admite bater\u00edas de plomo-\u00e1cido (opcional)<\/li>\n<\/ul>\n<p>&nbsp;<\/p>\n<\/div>\n<\/div>\n<hr class=\"padding-bottom-2x\" \/>\n<div class=\"row align-items-center padding-bottom-2x\">\n<div class=\"col-md-5 order-md-2\"><img decoding=\"async\" class=\"d-block m-auto img-thumbnail\" src=\"https:\/\/tvc.mx\/media\/495042\/detector-de-metales-9-zonas-de-detecci%C3%B3n-con-6-sensores-ISC-D109L-Dahua-especificaciones.png\" alt=\" \" \/><\/div>\n<div class=\"col-md-7 order-md-1 text-md-left text-center\">\n<h2>Especificaciones<\/h2>\n<p class=\"text-muted\">\n<ul>\n<li>6 zonas de detecci\u00f3n superpuestas, transmisi\u00f3n bilateral y recepci\u00f3n de se\u00f1ales de detecci\u00f3n; Luces indicadoras de 2 paneles<\/li>\n<li>El sensor infrarrojo puede reducir las falsas alarmas; estad\u00edsticas autom\u00e1ticas de alarma y estad\u00edsticas de paso\/retorno<\/li>\n<li>255 niveles de sensibilidad ajustables en cada zona de detecci\u00f3n (la sensibilidad aumenta por niveles)<\/li>\n<li>Viene con un mando a distancia por infrarrojos con un alcance m\u00e1ximo de mando a distancia de 2 m<\/li>\n<li>Tensi\u00f3n de funcionamiento 12 V CC, adaptador de corriente (incluido): 100 V\u2013240 V CA, 50\/60 Hz<\/li>\n<li>Interruptor de encendido en ambos paneles de puerta e interruptor de encendido de detecci\u00f3n de metales en el panel frontal<\/li>\n<li>Luz indicadora Un indicador verde<\/li>\n<\/ul>\n<\/div>\n<\/div>\n","protected":false},"excerpt":{"rendered":"<p>Informaci\u00f3n General El dispositivo tiene una alta sensibilidad de detecci\u00f3n de metales, peso ligero, gran capacidad de interferencia y un rendimiento estable. Utiliza materiales especiales de alta resistencia, ligeros y f\u00e1ciles de transportar e instalar. El dispositivo tiene un dise\u00f1o modular y se fabrica en&hellip;<\/p>\n","protected":false},"featured_media":1310,"comment_status":"open","ping_status":"closed","template":"","meta":{"om_disable_all_campaigns":false,"_monsterinsights_skip_tracking":false,"_monsterinsights_sitenote_active":false,"_monsterinsights_sitenote_note":"","_monsterinsights_sitenote_category":0},"product_brand":[],"product_cat":[849],"product_tag":[81,727,730,66,731,728,729],"class_list":{"0":"post-9419","1":"product","2":"type-product","3":"status-publish","4":"has-post-thumbnail","6":"product_cat-detectores-de-metal-arco-inspeccion-dahua-acceso-asistencia","7":"product_tag-acceso-y-asistencia","8":"product_tag-cerraduras","9":"product_tag-commax-wulian","10":"product_tag-dahua","11":"product_tag-wejoin","12":"product_tag-yli","13":"product_tag-zkteco","15":"first","16":"instock","17":"sale","18":"taxable","19":"shipping-taxable","20":"purchasable","21":"product-type-simple"},"aioseo_notices":[],"_links":{"self":[{"href":"https:\/\/tecsecmty.com\/index.php\/wp-json\/wp\/v2\/product\/9419","targetHints":{"allow":["GET"]}}],"collection":[{"href":"https:\/\/tecsecmty.com\/index.php\/wp-json\/wp\/v2\/product"}],"about":[{"href":"https:\/\/tecsecmty.com\/index.php\/wp-json\/wp\/v2\/types\/product"}],"replies":[{"embeddable":true,"href":"https:\/\/tecsecmty.com\/index.php\/wp-json\/wp\/v2\/comments?post=9419"}],"version-history":[{"count":1,"href":"https:\/\/tecsecmty.com\/index.php\/wp-json\/wp\/v2\/product\/9419\/revisions"}],"predecessor-version":[{"id":9561,"href":"https:\/\/tecsecmty.com\/index.php\/wp-json\/wp\/v2\/product\/9419\/revisions\/9561"}],"wp:featuredmedia":[{"embeddable":true,"href":"https:\/\/tecsecmty.com\/index.php\/wp-json\/wp\/v2\/media\/1310"}],"wp:attachment":[{"href":"https:\/\/tecsecmty.com\/index.php\/wp-json\/wp\/v2\/media?parent=9419"}],"wp:term":[{"taxonomy":"product_brand","embeddable":true,"href":"https:\/\/tecsecmty.com\/index.php\/wp-json\/wp\/v2\/product_brand?post=9419"},{"taxonomy":"product_cat","embeddable":true,"href":"https:\/\/tecsecmty.com\/index.php\/wp-json\/wp\/v2\/product_cat?post=9419"},{"taxonomy":"product_tag","embeddable":true,"href":"https:\/\/tecsecmty.com\/index.php\/wp-json\/wp\/v2\/product_tag?post=9419"}],"curies":[{"name":"wp","href":"https:\/\/api.w.org\/{rel}","templated":true}]}}