{"id":9421,"date":"2023-02-23T22:42:50","date_gmt":"2023-02-24T04:42:50","guid":{"rendered":"https:\/\/tecsecmty.com\/index.php\/producto\/zkteco-d1065-arco-detector-de-metal-6-zonas-contador-de-5-digitos-indicadores-led-en-ambas-vistas-alta-sensibilidad\/"},"modified":"2023-03-22T23:25:15","modified_gmt":"2023-03-23T05:25:15","slug":"zkteco-d1065-arco-detector-de-metal-6-zonas-contador-de-5-digitos-indicadores-led-en-ambas-vistas-alta-sensibilidad","status":"publish","type":"product","link":"https:\/\/tecsecmty.com\/index.php\/producto\/zkteco-d1065-arco-detector-de-metal-6-zonas-contador-de-5-digitos-indicadores-led-en-ambas-vistas-alta-sensibilidad\/","title":{"rendered":"ZKTECO D1065 &#8211; Arco Detector de Metal \/ 6 Zonas \/ Contador de 5 D\u00edgitos \/ Indicadores LED en Ambas Vistas \/ Alta Sensibilidad"},"content":{"rendered":"<div class=\"row aling-items-center padding-bottom-2x\">\n<div class=\"col-lg-12\">\n<h5 class=\"card-title text-center\">Descripci\u00f3n<\/h5>\n<p class=\"ql-align-justify\">El arco detector de metal\u00a0<strong>ZKTECO D1065<\/strong>\u00a0es un detector de metales de paso que se utiliza para controles de seguridad en los puntos de acceso como c\u00e1rceles, juzgados y aeropuertos. Los detectores de metales son muy sensibles a los metales magn\u00e9ticos y tienen una alta detecci\u00f3n. Se utilizan para detectar las armas de metal ocultas en el cuerpo de una persona. Ofrece detecci\u00f3n de alta velocidad capacidad. Puede detectar grandes objetos met\u00e1licos como cuchillos y pistolas. Su proyecci\u00f3n la capacidad es muy grande en comparaci\u00f3n con los detectores de metales port\u00e1tiles.<\/p>\n<p class=\"ql-align-justify\"><strong>Caracter\u00edsticas principales:<\/strong><\/p>\n<ul>\n<li class=\"ql-align-justify\">Las zonas de detecci\u00f3n pueden detectar con precisi\u00f3n el objeto.<\/li>\n<li class=\"ql-align-justify\">La unidad de control del microprocesador genera las ondas electromagn\u00e9ticas para escanear y permite controlar la velocidad de escaneo con precisi\u00f3n.<\/li>\n<li class=\"ql-align-justify\">Permite ajuste de sensibilidad en detecci\u00f3n.<\/li>\n<li class=\"ql-align-justify\">El detector muestra el n\u00famero de peatones que pasaron y el recuento de alarmas.<\/li>\n<li class=\"ql-align-justify\">El detector es inofensivo para marcapasos card\u00edacos, mujeres embarazadas, disquetes magn\u00e9ticos, cintas de grabaci\u00f3n, etc.<\/li>\n<li class=\"ql-align-justify\">Incluye base pl\u00e1stica impermeable y no solo puede fijar el dispositivo firmemente, sino que tambi\u00e9n protege el dispositivo contra el agua.<\/li>\n<li class=\"ql-align-justify\">Permite agregar contrase\u00f1a num\u00e9rica de 6 d\u00edgitos (Contrase\u00f1a default: 1-0-0-0-0-0).<\/li>\n<li class=\"ql-align-justify\">Idioma completamente en Espa\u00f1ol, Ingles (opcional).<\/li>\n<li class=\"ql-align-justify\">Configura la fecha desde el monitor.<\/li>\n<li class=\"ql-align-justify\">Valor de frecuencia 1 a 40, para evitar interferencias.<\/li>\n<li class=\"ql-align-justify\">Sensibilidad general 200 y sensibilidad individual de 100.<\/li>\n<li class=\"ql-align-justify\">Tiempo de alarma en una detecci\u00f3n de 0.5 segundos a 10 s (paso de 0.5 s).<\/li>\n<\/ul>\n<p><img decoding=\"async\" class=\"overview-center-img-web\" src=\"https:\/\/tvc.mx\/media\/472160\/Arco-detector-de-metales-6-zonas-con-contador-de-5-digitos-alta-sensibilidad-D1065-ZKTeco-TVC-O1.png\" alt=\"\" \/><\/div>\n<\/div>\n<div class=\"row align-items-center padding-bottom-2x\">\n<div class=\"col-md-5 order-md-2\"><img decoding=\"async\" class=\"d-block m-auto img-thumbnail\" src=\"https:\/\/tvc.mx\/media\/380811\/Arco-detector-de-metales-6-zonas-con-contador-de-5-digitos-alta-sensibilidad-D1065-ZKTeco-TVC-O2.png\" alt=\" \" \/><\/div>\n<div class=\"col-md-7 order-md-1 text-md-left text-center\">\n<h2>Especificaciones t\u00e9cnicas<\/h2>\n<p class=\"text-muted\">\n<ul>\n<li>Fuente de alimentaci\u00f3n: 110V CA a 12V CD 3A, 36W.<\/li>\n<li>Tempera trabajo: -20 \u00b0 C hasta 55 \u00b0 C.<\/li>\n<li>Frecuencia de trabajo: 5,7 KHz a 9,6 KHz.<\/li>\n<li>Corriente de trabajo: 3A.<\/li>\n<li>Poder de funcionamiento: 36W.<\/li>\n<li>Volumen de alarma: 85dB.<\/li>\n<li>Dimensi\u00f3n: (H * W * L) 2213 * 831 * 471 (mil\u00edmetro).<\/li>\n<li>Dimensi\u00f3n con embalaje: (H * W * L) 2280 * 282 * 560 (mil\u00edmetro).<\/li>\n<li>Peso con embalaje: 40 kg.<\/li>\n<\/ul>\n<p>&nbsp;<\/p>\n<\/div>\n<\/div>\n<hr class=\"padding-bottom-2x\" \/>\n<h2>Incluye<\/h2>\n<p class=\"text-muted\">\n<ul>\n<li>Soporte frontal con panel de control integrado.<\/li>\n<li>Soporte posterior<img decoding=\"async\" class=\"alignright\" src=\"https:\/\/tvc.mx\/media\/552308\/Arco-detector-de-metales-6-zonas-con-contador-de-5-digitos-alta-sensibilidad-D1065-ZKTeco-TVC-O3.png\" alt=\" \" \/><\/li>\n<li>2 paneles, tanto derecho e izquierdo.<\/li>\n<li>8 tornillos de sujeci\u00f3n con perillas pl\u00e1sticas.<\/li>\n<li>1 cable de corriente y fuente de alimentaci\u00f3n 110V CA a 12V CD 3A, 36W.<\/li>\n<\/ul>\n<div class=\"row align-items-center padding-bottom-2x\"><\/div>\n","protected":false},"excerpt":{"rendered":"<p>Descripci\u00f3n El arco detector de metal\u00a0ZKTECO D1065\u00a0es un detector de metales de paso que se utiliza para controles de seguridad en los puntos de acceso como c\u00e1rceles, juzgados y aeropuertos. Los detectores de metales son muy sensibles a los metales magn\u00e9ticos y tienen una alta&hellip;<\/p>\n","protected":false},"featured_media":9420,"comment_status":"open","ping_status":"closed","template":"","meta":{"om_disable_all_campaigns":false,"_monsterinsights_skip_tracking":false,"_monsterinsights_sitenote_active":false,"_monsterinsights_sitenote_note":"","_monsterinsights_sitenote_category":0},"product_brand":[],"product_cat":[851],"product_tag":[81,727,730,66,731,728,729],"class_list":{"0":"post-9421","1":"product","2":"type-product","3":"status-publish","4":"has-post-thumbnail","6":"product_cat-detectores-de-metal-arco-inspeccion-zkteco-acceso-asistencia","7":"product_tag-acceso-y-asistencia","8":"product_tag-cerraduras","9":"product_tag-commax-wulian","10":"product_tag-dahua","11":"product_tag-wejoin","12":"product_tag-yli","13":"product_tag-zkteco","15":"first","16":"instock","17":"sale","18":"taxable","19":"shipping-taxable","20":"purchasable","21":"product-type-simple"},"aioseo_notices":[],"_links":{"self":[{"href":"https:\/\/tecsecmty.com\/index.php\/wp-json\/wp\/v2\/product\/9421","targetHints":{"allow":["GET"]}}],"collection":[{"href":"https:\/\/tecsecmty.com\/index.php\/wp-json\/wp\/v2\/product"}],"about":[{"href":"https:\/\/tecsecmty.com\/index.php\/wp-json\/wp\/v2\/types\/product"}],"replies":[{"embeddable":true,"href":"https:\/\/tecsecmty.com\/index.php\/wp-json\/wp\/v2\/comments?post=9421"}],"version-history":[{"count":2,"href":"https:\/\/tecsecmty.com\/index.php\/wp-json\/wp\/v2\/product\/9421\/revisions"}],"predecessor-version":[{"id":9560,"href":"https:\/\/tecsecmty.com\/index.php\/wp-json\/wp\/v2\/product\/9421\/revisions\/9560"}],"wp:featuredmedia":[{"embeddable":true,"href":"https:\/\/tecsecmty.com\/index.php\/wp-json\/wp\/v2\/media\/9420"}],"wp:attachment":[{"href":"https:\/\/tecsecmty.com\/index.php\/wp-json\/wp\/v2\/media?parent=9421"}],"wp:term":[{"taxonomy":"product_brand","embeddable":true,"href":"https:\/\/tecsecmty.com\/index.php\/wp-json\/wp\/v2\/product_brand?post=9421"},{"taxonomy":"product_cat","embeddable":true,"href":"https:\/\/tecsecmty.com\/index.php\/wp-json\/wp\/v2\/product_cat?post=9421"},{"taxonomy":"product_tag","embeddable":true,"href":"https:\/\/tecsecmty.com\/index.php\/wp-json\/wp\/v2\/product_tag?post=9421"}],"curies":[{"name":"wp","href":"https:\/\/api.w.org\/{rel}","templated":true}]}}