{"id":9425,"date":"2023-02-23T22:42:54","date_gmt":"2023-02-24T04:42:54","guid":{"rendered":"https:\/\/tecsecmty.com\/index.php\/producto\/zkteco-d3180-arco-detector-de-metales-18-zonas-de-deteccion-pantalla-lcd-7-500-niveles-de-sensibilidad-por-zona-conteo-de-alarmas-y-personas-password-de-proteccion-indicadores-led-mate\/"},"modified":"2023-03-22T23:25:15","modified_gmt":"2023-03-23T05:25:15","slug":"zkteco-d3180-arco-detector-de-metales-18-zonas-de-deteccion-pantalla-lcd-7-500-niveles-de-sensibilidad-por-zona-conteo-de-alarmas-y-personas-password-de-proteccion-indicadores-led-mate","status":"publish","type":"product","link":"https:\/\/tecsecmty.com\/index.php\/producto\/zkteco-d3180-arco-detector-de-metales-18-zonas-de-deteccion-pantalla-lcd-7-500-niveles-de-sensibilidad-por-zona-conteo-de-alarmas-y-personas-password-de-proteccion-indicadores-led-mate\/","title":{"rendered":"ZKTECO D3180 &#8211; Arco Detector de Metales \/ 18 Zonas de detecci\u00f3n \/ Pantalla LCD 7&#8243;\/ 500 Niveles de Sensibilidad por Zona \/ Conteo de Alarmas y Personas \/ Password de Protecci\u00f3n \/ Indicadores LED \/ Material a Prueba de Fuego"},"content":{"rendered":"<div class=\"row aling-items-center padding-bottom-2x\">\n<div class=\"col-lg-12\">\n<h5 class=\"card-title text-center\">Descripci\u00f3n<\/h5>\n<p>El arco detector de metal\u00a0<strong>D3180\u00a0<\/strong>adapta un dise\u00f1o modular y de f\u00e1cil instalaci\u00f3n. Cuenta con 18 zonas de detecci\u00f3n y 500 niveles de sensibilidad por zona. Integra una pantalla LCD de 7&#8243; donde podr\u00e1s navegar en su configuraci\u00f3n, adem\u00e1s observaras un conteo de personas y alarmas efectuadas. La pantalla cuenta con un soporte met\u00e1lico de acero inoxidable con \u00e1ngulos de visi\u00f3n ajustables, proporciona un mejor \u00e1ngulo de visi\u00f3n y evita la reflexi\u00f3n de la luz para tener la interfaz m\u00e1s clara.<\/p>\n<p>Datos generales:<\/p>\n<ul>\n<li>18 zonas de detecci\u00f3n.<\/li>\n<li>500 niveles de sensibilidad.<\/li>\n<li>Pantalla LCD 7\u2019\u2019.<\/li>\n<li>Conteo de alarmas y personas.<\/li>\n<li>Instalaci\u00f3n y uso sencillos.<\/li>\n<li>Sonido sincr\u00f3nico y alarma LED.<\/li>\n<\/ul>\n<p><img decoding=\"async\" class=\"overview-center-img-web\" src=\"https:\/\/tvc.mx\/media\/426843\/Arco-detector-de-metales-18-zonas-500-niveles-de-sensibilidad-D3180-ZKTeco-TVC-O1.png\" alt=\"\" \/><\/div>\n<\/div>\n<div class=\"row align-items-center padding-bottom-2x\">\n<div class=\"col-md-5\"><img decoding=\"async\" class=\"d-block m-auto img-thumbnail\" src=\"https:\/\/tvc.mx\/media\/426827\/Arco-detector-de-metales-18-zonas-500-niveles-de-sensibilidad-D3180-ZKTeco-TVC-O3.png\" alt=\" \" \/><\/div>\n<div class=\"col-md-7 text-md-left text-center\">\n<h2>Especificaciones t\u00e9cnicas<\/h2>\n<p class=\"text-muted\">\n<ul>\n<li>Fuente de alimentaci\u00f3n: DC12V \/ 3A.<\/li>\n<li>Temperatura de trabajo: -20\u00b0C a 55\u00b0C.<\/li>\n<li>Humedad de trabajo: &lt;95% (sin condensaci\u00f3n).<\/li>\n<li>Frecuencia de trabajo: 5.7KHz a 9.6KHz.<\/li>\n<li>Voltaje de entrada: DC12V.<\/li>\n<li>Corriente de trabajo: 1.2A.<\/li>\n<li>Poder corriente: 14W.<\/li>\n<li>Dimensiones: 2226*845*580 (mm).<\/li>\n<li>Tama\u00f1o del carril: (L * W * H) 2000*710*498 (mm).<\/li>\n<li>Dimensiones del producto con embalaje: (L * W * H) 2280*347*660 (mm).<\/li>\n<li>Peso con embalaje: 52 kg.<\/li>\n<\/ul>\n<p>&nbsp;<\/p>\n<\/div>\n<\/div>\n<hr class=\"padding-bottom-2x\" \/>\n<div class=\"row align-items-center padding-bottom-2x\">\n<div class=\"col-md-5\"><img decoding=\"async\" class=\"d-block m-auto img-thumbnail\" src=\"https:\/\/tvc.mx\/media\/578995\/Arco-detector-de-metales-18-zonas-500-niveles-de-sensibilidad-D3180-ZKTeco-TVC-O3.png\" alt=\" \" \/><\/div>\n<div class=\"col-md-7 text-md-left text-center\">\n<h2>Incluye<\/h2>\n<p class=\"text-muted\">\n<ul>\n<li>Soporte frontal y panel de control.<\/li>\n<li>Soporte posterior.<\/li>\n<li>Control remoto.<\/li>\n<li>2 paneles, tanto derecho e izquierdo.<\/li>\n<li>8 tornillos de sujeci\u00f3n con perillas pl\u00e1sticas.<\/li>\n<li>1 cable de corriente y fuente de alimentaci\u00f3n 110V CA a 12V CD 3A, 36W.<\/li>\n<\/ul>\n<\/div>\n<\/div>\n","protected":false},"excerpt":{"rendered":"<p>Descripci\u00f3n El arco detector de metal\u00a0D3180\u00a0adapta un dise\u00f1o modular y de f\u00e1cil instalaci\u00f3n. Cuenta con 18 zonas de detecci\u00f3n y 500 niveles de sensibilidad por zona. Integra una pantalla LCD de 7&#8243; donde podr\u00e1s navegar en su configuraci\u00f3n, adem\u00e1s observaras un conteo de personas y&hellip;<\/p>\n","protected":false},"featured_media":9424,"comment_status":"open","ping_status":"closed","template":"","meta":{"om_disable_all_campaigns":false,"_monsterinsights_skip_tracking":false,"_monsterinsights_sitenote_active":false,"_monsterinsights_sitenote_note":"","_monsterinsights_sitenote_category":0},"product_brand":[],"product_cat":[851],"product_tag":[81,727,730,66,731,728,729],"class_list":{"0":"post-9425","1":"product","2":"type-product","3":"status-publish","4":"has-post-thumbnail","6":"product_cat-detectores-de-metal-arco-inspeccion-zkteco-acceso-asistencia","7":"product_tag-acceso-y-asistencia","8":"product_tag-cerraduras","9":"product_tag-commax-wulian","10":"product_tag-dahua","11":"product_tag-wejoin","12":"product_tag-yli","13":"product_tag-zkteco","15":"first","16":"instock","17":"sale","18":"taxable","19":"shipping-taxable","20":"purchasable","21":"product-type-simple"},"aioseo_notices":[],"_links":{"self":[{"href":"https:\/\/tecsecmty.com\/index.php\/wp-json\/wp\/v2\/product\/9425","targetHints":{"allow":["GET"]}}],"collection":[{"href":"https:\/\/tecsecmty.com\/index.php\/wp-json\/wp\/v2\/product"}],"about":[{"href":"https:\/\/tecsecmty.com\/index.php\/wp-json\/wp\/v2\/types\/product"}],"replies":[{"embeddable":true,"href":"https:\/\/tecsecmty.com\/index.php\/wp-json\/wp\/v2\/comments?post=9425"}],"version-history":[{"count":1,"href":"https:\/\/tecsecmty.com\/index.php\/wp-json\/wp\/v2\/product\/9425\/revisions"}],"predecessor-version":[{"id":9555,"href":"https:\/\/tecsecmty.com\/index.php\/wp-json\/wp\/v2\/product\/9425\/revisions\/9555"}],"wp:featuredmedia":[{"embeddable":true,"href":"https:\/\/tecsecmty.com\/index.php\/wp-json\/wp\/v2\/media\/9424"}],"wp:attachment":[{"href":"https:\/\/tecsecmty.com\/index.php\/wp-json\/wp\/v2\/media?parent=9425"}],"wp:term":[{"taxonomy":"product_brand","embeddable":true,"href":"https:\/\/tecsecmty.com\/index.php\/wp-json\/wp\/v2\/product_brand?post=9425"},{"taxonomy":"product_cat","embeddable":true,"href":"https:\/\/tecsecmty.com\/index.php\/wp-json\/wp\/v2\/product_cat?post=9425"},{"taxonomy":"product_tag","embeddable":true,"href":"https:\/\/tecsecmty.com\/index.php\/wp-json\/wp\/v2\/product_tag?post=9425"}],"curies":[{"name":"wp","href":"https:\/\/api.w.org\/{rel}","templated":true}]}}