{"id":9427,"date":"2023-02-23T22:42:56","date_gmt":"2023-02-24T04:42:56","guid":{"rendered":"https:\/\/tecsecmty.com\/index.php\/producto\/zkteco-d4330-arco-detector-de-metales-33-zonas-de-deteccion-300-niveles-de-sensibilidad-pantalla-hd-7-indicadores-led-en-ambas-vistas-control-remoto\/"},"modified":"2023-03-22T23:25:16","modified_gmt":"2023-03-23T05:25:16","slug":"zkteco-d4330-arco-detector-de-metales-33-zonas-de-deteccion-300-niveles-de-sensibilidad-pantalla-hd-7-indicadores-led-en-ambas-vistas-control-remoto","status":"publish","type":"product","link":"https:\/\/tecsecmty.com\/index.php\/producto\/zkteco-d4330-arco-detector-de-metales-33-zonas-de-deteccion-300-niveles-de-sensibilidad-pantalla-hd-7-indicadores-led-en-ambas-vistas-control-remoto\/","title":{"rendered":"ZKTECO D4330 &#8211; Arco Detector de Metales \/ 33 Zonas de Detecci\u00f3n \/ 300 Niveles de Sensibilidad \/ Pantalla HD 7&#8243; \/ Indicadores LED en ambas vistas \/ Control Remoto"},"content":{"rendered":"<h5 class=\"card-title text-center\">Descripci\u00f3n<\/h5>\n<p><strong>ZK-D4330<\/strong>\u00a0adapta una estructura de viga con un dise\u00f1o modular y con cableado oculto. Este dise\u00f1o no solo es m\u00e1s conveniente para la instalaci\u00f3n, el mantenimiento y la log\u00edstica, sino que tambi\u00e9n permite un mayor nivel de seguridad. Un soporte met\u00e1lico de acero inoxidable con \u00e1ngulos de visi\u00f3n ajustables proporciona un mejor \u00e1ngulo de visi\u00f3n y evita la reflexi\u00f3n de la luz. Adem\u00e1s, el brillo de la retro iluminaci\u00f3n puede ser ajustado para hacer la interfaz m\u00e1s clara.<\/p>\n<p><img decoding=\"async\" class=\"overview-center-img-web\" src=\"https:\/\/tvc.mx\/media\/472310\/Detector-Arco-Metal-33-Zonas-Contador-Led-Alta-Precisi%C3%B3n-D4330-ZKT-TVC-O1.png\" alt=\"\" \/><\/p>\n<h2>Especificaciones t\u00e9cnicas:<\/h2>\n<p class=\"text-muted\">\n<ul>\n<li>Voltaje de entrada 15V 4800mA.<\/li>\n<li>Temperatura de trabajo -20\u2103 ~ 50\u2103.<\/li>\n<li>Dimensiones externas (mm) 2220 (H) x 930(W) x 760(D).<\/li>\n<li>Dimensiones del canal (mm) 2010 (H) x 760(W) x 760 (D).<\/li>\n<li>Dimensiones del paquete (mm) 2300 (H) x 335(W) x 800 (D).<\/li>\n<li>Peso bruto 70 kg.<\/li>\n<\/ul>\n<p><strong>Caracter\u00edsticas:<\/strong><\/p>\n<ul>\n<li>Arco Detector de Metales de 33 Zonas.<\/li>\n<li>33 zonas de detecci\u00f3n.<\/li>\n<li>Pantalla de 7\u201d.<\/li>\n<li>Control remoto.<\/li>\n<li>Sencilla instalaci\u00f3n y operaci\u00f3n.<\/li>\n<li>Excelente estabilidad y capacidad anti-interferencia.<\/li>\n<li>Cada zona tiene 300 niveles de sensibilidad.<\/li>\n<li>Soporta varios idiomas para personalizaci\u00f3n.<\/li>\n<li>Gran precisi\u00f3n y velocidad de veri\ufb01caci\u00f3n.<\/li>\n<\/ul>\n<h2>Detecci\u00f3n de \u00e1rea:<\/h2>\n<p class=\"text-muted\">\n<ul>\n<li class=\"ql-align-justify\">300 niveles de sensibilidad ajustables de las zona de detecci\u00f3n y 255 niveles de sensibilidad.<\/li>\n<li class=\"ql-align-justify\">Desde el nivel del piso hasta la barra transversal, detecta con precisi\u00f3n m\u00faltiples objetos met\u00e1licos simult\u00e1neamente.<\/li>\n<li class=\"ql-align-justify\">La posici\u00f3n real de los metales se pueden observar claramente en ambos lados del indicador LED, y dependiendo del tama\u00f1o y la forma del metal, se muestran diferentes intensidades de alarma en el panel de control.<\/li>\n<li class=\"ql-align-justify\">Detecci\u00f3n precisa de armas y contrabando con filtraci\u00f3n de relojes, monedas, cinturones, botones y otros art\u00edculos inofensivos.<\/li>\n<li class=\"ql-align-justify\">Inofensivo para el cuerpo humano, personas con marcapasos card\u00edaco, mujeres embarazadas, disquetes magn\u00e9ticos, cintas de grabaci\u00f3n, etc.<\/li>\n<\/ul>\n<h2>Incluye<\/h2>\n<p class=\"text-muted\">\n<ul>\n<li>Arco detector de metales.<\/li>\n<li>Control remoto.<\/li>\n<li>Fuente de alimentaci\u00f3n 15V CD.<\/li>\n<\/ul>\n","protected":false},"excerpt":{"rendered":"<p>Descripci\u00f3n ZK-D4330\u00a0adapta una estructura de viga con un dise\u00f1o modular y con cableado oculto. Este dise\u00f1o no solo es m\u00e1s conveniente para la instalaci\u00f3n, el mantenimiento y la log\u00edstica, sino que tambi\u00e9n permite un mayor nivel de seguridad. Un soporte met\u00e1lico de acero inoxidable con&hellip;<\/p>\n","protected":false},"featured_media":9426,"comment_status":"open","ping_status":"closed","template":"","meta":{"om_disable_all_campaigns":false,"_monsterinsights_skip_tracking":false,"_monsterinsights_sitenote_active":false,"_monsterinsights_sitenote_note":"","_monsterinsights_sitenote_category":0},"product_brand":[],"product_cat":[851],"product_tag":[81,727,730,66,731,728,729],"class_list":{"0":"post-9427","1":"product","2":"type-product","3":"status-publish","4":"has-post-thumbnail","6":"product_cat-detectores-de-metal-arco-inspeccion-zkteco-acceso-asistencia","7":"product_tag-acceso-y-asistencia","8":"product_tag-cerraduras","9":"product_tag-commax-wulian","10":"product_tag-dahua","11":"product_tag-wejoin","12":"product_tag-yli","13":"product_tag-zkteco","15":"first","16":"instock","17":"sale","18":"taxable","19":"shipping-taxable","20":"purchasable","21":"product-type-simple"},"aioseo_notices":[],"_links":{"self":[{"href":"https:\/\/tecsecmty.com\/index.php\/wp-json\/wp\/v2\/product\/9427","targetHints":{"allow":["GET"]}}],"collection":[{"href":"https:\/\/tecsecmty.com\/index.php\/wp-json\/wp\/v2\/product"}],"about":[{"href":"https:\/\/tecsecmty.com\/index.php\/wp-json\/wp\/v2\/types\/product"}],"replies":[{"embeddable":true,"href":"https:\/\/tecsecmty.com\/index.php\/wp-json\/wp\/v2\/comments?post=9427"}],"version-history":[{"count":2,"href":"https:\/\/tecsecmty.com\/index.php\/wp-json\/wp\/v2\/product\/9427\/revisions"}],"predecessor-version":[{"id":9554,"href":"https:\/\/tecsecmty.com\/index.php\/wp-json\/wp\/v2\/product\/9427\/revisions\/9554"}],"wp:featuredmedia":[{"embeddable":true,"href":"https:\/\/tecsecmty.com\/index.php\/wp-json\/wp\/v2\/media\/9426"}],"wp:attachment":[{"href":"https:\/\/tecsecmty.com\/index.php\/wp-json\/wp\/v2\/media?parent=9427"}],"wp:term":[{"taxonomy":"product_brand","embeddable":true,"href":"https:\/\/tecsecmty.com\/index.php\/wp-json\/wp\/v2\/product_brand?post=9427"},{"taxonomy":"product_cat","embeddable":true,"href":"https:\/\/tecsecmty.com\/index.php\/wp-json\/wp\/v2\/product_cat?post=9427"},{"taxonomy":"product_tag","embeddable":true,"href":"https:\/\/tecsecmty.com\/index.php\/wp-json\/wp\/v2\/product_tag?post=9427"}],"curies":[{"name":"wp","href":"https:\/\/api.w.org\/{rel}","templated":true}]}}