{"id":943,"date":"2023-02-16T00:15:16","date_gmt":"2023-02-16T00:15:16","guid":{"rendered":"https:\/\/tecsecmty.com\/index.php\/producto\/dvr-muvil-4-canales-1080p-soporta-3g-gps-y-wifi-1-tb-de-disco-incluido-monitoreo-remoto-soporta-memoria-sd\/"},"modified":"2023-03-22T23:20:48","modified_gmt":"2023-03-23T05:20:48","slug":"dvr-movil-4-canales-1080p-soporta-3g-gps-y-wifi-1-tb-de-disco-incluido-monitoreo-remoto-soporta-memoria-sd","status":"publish","type":"product","link":"https:\/\/tecsecmty.com\/index.php\/producto\/dvr-movil-4-canales-1080p-soporta-3g-gps-y-wifi-1-tb-de-disco-incluido-monitoreo-remoto-soporta-memoria-sd\/","title":{"rendered":"DVR Movil 4 Canales 1080P\/ Soporta 3G, GPS y WiFi \/ 1 TB de Disco Incluido \/ Monitoreo Remoto \/ Soporta Memoria SD"},"content":{"rendered":"<div class=\"container\">\n<div class=\"row\">\n<div class=\"col-md-12\">\n<div class=\"row\">\n<div class=\"row\">\n<div class=\"col-md-12\">\n<h4 class=\"text-primary center info-text\" style=\"text-align: left;\">Informaci\u00f3n de Producto<\/h4>\n<\/div>\n<\/div>\n<div class=\"row\" style=\"text-align: left;\">\n<div class=\"col-md-12\">\n<h3>DVR M\u00f3vil 4 Canales 1080P\/ Soporta 3G, GPS y WiFi \/ 1 TB de Disco Incluido \/ Monitoreo Remoto \/ Soporta Memoria SD<\/h3>\n<\/div>\n<\/div>\n<div id=\"producto_container\" class=\"row\" style=\"text-align: left;\">\n<div class=\"col-md-4\">\n<p><img decoding=\"async\" class=\"img-responsive center-block\" src=\"https:\/\/ftp3.syscom.mx\/usuarios\/fotos\/BancoFotografiasSyscom\/HIKVISION\/DSMP5504_GLF_WI58(1T)\/DSMP5504_GLF_WI58(1T)-p.PNG\" alt=\"DS-MP5504\/GLF\/WI581T\" \/><\/p>\n<div class=\"row\">\n<div id=\"galerias\" class=\"col-sm-12\"><\/div>\n<\/div>\n<\/div>\n<div class=\"col-md-4\">\n<div><img decoding=\"async\" class=\"img-responsive img-thumbnail\" src=\"https:\/\/ftp3.syscom.mx\/usuarios\/fotos\/logotipos\/hikvision.png\" \/><\/div>\n<div><\/div>\n<div>\n<p>Modelo: <span class=\"modelo-marca\">DS-MP5504\/GLF\/WI581T<\/span><\/p>\n<p>Marca: <span class=\"modelo-marca\">HIKVISION<\/span><\/p>\n<\/div>\n<\/div>\n<\/div>\n<\/div>\n<div class=\"row \" style=\"text-align: left;\">\n<div class=\"col-md-12\">\n<div class=\"row well\">\n<p><img decoding=\"async\" class=\"fr-fic fr-dii\" src=\"http:\/\/ftp3.syscom.mx\/usuarios\/jdelafuente\/HIKVISION\/hikvision%20logo%20complete.png\" \/><\/p>\n<p>&nbsp;<\/p>\n<div class=\"row\">\n<div class=\"col-sm-4\">\n<div>\n<p><strong>Caracter\u00edsticas principales:<\/strong><\/p>\n<ul>\n<li>Soporta 4 c\u00e1maras m\u00f3vil TURBO 1080p + 1 c\u00e1maras m\u00f3vil IP 1080p (requiere switch PoE).<\/li>\n<li>Incluye modulo de 3G (requiere SIM de datos para transmisi\u00f3n de informaci\u00f3n remota y licencias del software iVMS-5200).<\/li>\n<li>Incluye modulo de GPS.<\/li>\n<li>Incluye 1 HDD de 1 TB (soporta hasta 2 TB) .<\/li>\n<li>Soporta 1 memoria SD de hasta 256 GB (no incluida).<\/li>\n<li>Incluye modulo de WiFi (5.8 GHz).<\/li>\n<\/ul>\n<\/div>\n<\/div>\n<div class=\"col-sm-4\">\n<div>\n<p><strong>Caracter\u00edsticas F\u00edsicas y El\u00e9ctricas:<\/strong><\/p>\n<ul>\n<li>1 Puerto de red (10M \/ 100M).<\/li>\n<li>4 Entradas de alarma<\/li>\n<li>2 Salidas de alarma.<\/li>\n<li>Alimentaci\u00f3n: 9 &#8211; 32 Vcc (se alimenta directa de la bater\u00eda del autom\u00f3vil).<\/li>\n<li>Dimensiones: 206 x 219 x 60 mm.<\/li>\n<li>Peso: 1.6 kg.<\/li>\n<li>Garant\u00eda: 2 a\u00f1os.<\/li>\n<\/ul>\n<\/div>\n<\/div>\n<div class=\"col-sm-4\">\n<div>\n<p><strong>Requerimientos adicionales para transmisi\u00f3n remota de v\u00eddeo y ubicaci\u00f3n de DVR:<\/strong><\/p>\n<ul>\n<li>Se requiere un servidor (PC) dedicada para colocar las licencias del software iVMS-5200 y dejas corriendo los servicios para poder consultar el v\u00eddeo en vivo de manera remota. Se recomienda un servidor como m\u00ednimo core i5 \/ 8 memoria RAM.<\/li>\n<li>Se requiere tener IP publica fija (dedicada) y el ancho de banda depender\u00e1 de la cantidad del numero DVR\u00b4s a transmitir o visualizar.<\/li>\n<\/ul>\n<\/div>\n<\/div>\n<\/div>\n<p>&nbsp;<\/p>\n<div class=\"row\">\n<div class=\"col-sm-12\">\n<div>\n<p><strong>Licencias necesarias para transmisi\u00f3n remota del DVR:<\/strong><\/p>\n<ul>\n<li><strong>iVMS-5200-MS-B:<\/strong> Licencia base que incluye 11 licencias de canales de v\u00eddeo. Ejemplo: 1 DVR de 4 canales puede consumir hasta 4 licencias de v\u00eddeo.<\/li>\n<li><strong>iVMS-5200-MS-C:<\/strong> Licencia de 1 canal de v\u00eddeo adicional.<\/li>\n<li><strong>iVMS-5200-MS-BI:<\/strong> Licencia para habilitar el modulo de Bussines Intelligence, permite obtener an\u00e1lisis de datos de trafico, estad\u00edsticas de kilometraje, trafico de red y duraci\u00f3n en linea del DVR.<\/li>\n<\/ul>\n<\/div>\n<\/div>\n<\/div>\n<p>&nbsp;<\/p>\n<p><img decoding=\"async\" class=\"fr-fic fr-dii\" src=\"https:\/\/ftp3.syscom.mx\/usuarios\/emendoza\/elesbanmch\/HIKVISON\/IMAGENES\/Captura.PNG\" \/><\/p>\n<p>&nbsp;<\/p>\n<\/div>\n<\/div>\n<\/div>\n<\/div>\n<\/div>\n<\/div>\n<p style=\"text-align: left;\"><img decoding=\"async\" src=\"https:\/\/tracker.metricool.com\/c3po.jpg?hash=95c94f37730bb8f54dd4308f1f878f9\" \/><\/p>\n","protected":false},"excerpt":{"rendered":"<p>Informaci\u00f3n de Producto DVR M\u00f3vil 4 Canales 1080P\/ Soporta 3G, GPS y WiFi \/ 1 TB de Disco Incluido \/ Monitoreo Remoto \/ Soporta Memoria SD Modelo: DS-MP5504\/GLF\/WI581T Marca: HIKVISION &nbsp; Caracter\u00edsticas principales: Soporta 4 c\u00e1maras m\u00f3vil TURBO 1080p + 1 c\u00e1maras m\u00f3vil IP 1080p&hellip;<\/p>\n","protected":false},"featured_media":1336,"comment_status":"open","ping_status":"closed","template":"","meta":{"om_disable_all_campaigns":false,"_monsterinsights_skip_tracking":false,"_monsterinsights_sitenote_active":false,"_monsterinsights_sitenote_note":"","_monsterinsights_sitenote_category":0},"product_brand":[],"product_cat":[60],"product_tag":[62,63,61],"class_list":{"0":"post-943","1":"product","2":"type-product","3":"status-publish","4":"has-post-thumbnail","6":"product_cat-video-grabadoras-moviles","7":"product_tag-camara-movil","8":"product_tag-dashcam","9":"product_tag-videograbadorasmoviles","11":"first","12":"instock","13":"taxable","14":"shipping-taxable","15":"product-type-simple"},"aioseo_notices":[],"_links":{"self":[{"href":"https:\/\/tecsecmty.com\/index.php\/wp-json\/wp\/v2\/product\/943","targetHints":{"allow":["GET"]}}],"collection":[{"href":"https:\/\/tecsecmty.com\/index.php\/wp-json\/wp\/v2\/product"}],"about":[{"href":"https:\/\/tecsecmty.com\/index.php\/wp-json\/wp\/v2\/types\/product"}],"replies":[{"embeddable":true,"href":"https:\/\/tecsecmty.com\/index.php\/wp-json\/wp\/v2\/comments?post=943"}],"version-history":[{"count":1,"href":"https:\/\/tecsecmty.com\/index.php\/wp-json\/wp\/v2\/product\/943\/revisions"}],"predecessor-version":[{"id":1335,"href":"https:\/\/tecsecmty.com\/index.php\/wp-json\/wp\/v2\/product\/943\/revisions\/1335"}],"wp:featuredmedia":[{"embeddable":true,"href":"https:\/\/tecsecmty.com\/index.php\/wp-json\/wp\/v2\/media\/1336"}],"wp:attachment":[{"href":"https:\/\/tecsecmty.com\/index.php\/wp-json\/wp\/v2\/media?parent=943"}],"wp:term":[{"taxonomy":"product_brand","embeddable":true,"href":"https:\/\/tecsecmty.com\/index.php\/wp-json\/wp\/v2\/product_brand?post=943"},{"taxonomy":"product_cat","embeddable":true,"href":"https:\/\/tecsecmty.com\/index.php\/wp-json\/wp\/v2\/product_cat?post=943"},{"taxonomy":"product_tag","embeddable":true,"href":"https:\/\/tecsecmty.com\/index.php\/wp-json\/wp\/v2\/product_tag?post=943"}],"curies":[{"name":"wp","href":"https:\/\/api.w.org\/{rel}","templated":true}]}}