{"id":9435,"date":"2023-02-23T22:43:02","date_gmt":"2023-02-24T04:43:02","guid":{"rendered":"https:\/\/tecsecmty.com\/index.php\/producto\/zkteco-mds100-detector-de-metales-portatil-tipo-poste-2-zonas-100-niveles-de-sensibilidad-escaneo-50-personas-por-minuto-bateria-recargable-hasta-28-hrs-de-operacion\/"},"modified":"2023-03-22T23:25:28","modified_gmt":"2023-03-23T05:25:28","slug":"zkteco-mds100-detector-de-metales-portatil-tipo-poste-2-zonas-100-niveles-de-sensibilidad-escaneo-50-personas-por-minuto-bateria-recargable-hasta-28-hrs-de-operacion","status":"publish","type":"product","link":"https:\/\/tecsecmty.com\/index.php\/producto\/zkteco-mds100-detector-de-metales-portatil-tipo-poste-2-zonas-100-niveles-de-sensibilidad-escaneo-50-personas-por-minuto-bateria-recargable-hasta-28-hrs-de-operacion\/","title":{"rendered":"ZKTECO MDS100 &#8211; Detector de Metales Port\u00e1til tipo Poste \/ 2 Zonas \/ 100 Niveles de Sensibilidad \/ Escaneo 50 personas por minuto \/ Bater\u00eda recargable hasta 28 hrs de Operaci\u00f3n"},"content":{"rendered":"<div class=\"row aling-items-center padding-bottom-2x\">\n<div class=\"col-lg-12\">\n<h5 class=\"card-title text-center\">Descripci\u00f3n<\/h5>\n<p>El detector de metal port\u00e1til <strong>MDS100, <\/strong>permite una alta tasa de rendimiento en detecci\u00f3n, hasta 50 personas por minuto, detectando dispositivos m\u00f3viles, reloj inteligentes y contrabando de metales ferrosos.<\/p>\n<p><img decoding=\"async\" class=\"overview-center-img-web\" src=\"https:\/\/tvc.mx\/media\/659877\/Detector-de-metales-port%C3%A1til-tipo-poste-dos-zonas-en-detecci%C3%B3n-MDS100-ZKTeco-TVC-O1.png\" alt=\"\" \/><\/div>\n<\/div>\n<div class=\"row align-items-center padding-bottom-2x\">\n<div class=\"col-md-5\"><img decoding=\"async\" class=\"d-block m-auto img-thumbnail\" src=\"https:\/\/tvc.mx\/media\/577363\/Detector-de-metales-port%C3%A1til-tipo-poste-dos-zonas-en-detecci%C3%B3n-MDS100-ZKTeco-TVC-O5.png\" alt=\" \" \/><\/div>\n<div class=\"col-md-7 text-md-left text-center\">\n<h2>Funci\u00f3n<\/h2>\n<p class=\"text-muted\">\n<p class=\"ql-align-justify\">Integra una fuerte capacidad anti-interferencia para una detecci\u00f3n precisa de dos zonas, con una distancia m\u00e1xima de detecci\u00f3n de hasta 120 cm. Cuenta con 100 niveles de sensibilidad ajustables para cada zona de detecci\u00f3n y permite ser port\u00e1til y r\u00e1pido de montar.<\/p>\n<p>&nbsp;<\/p>\n<\/div>\n<\/div>\n<hr class=\"padding-bottom-2x\" \/>\n<div class=\"row align-items-center padding-bottom-2x\">\n<div class=\"col-md-5 order-md-2\"><img decoding=\"async\" class=\"d-block m-auto img-thumbnail\" src=\"https:\/\/tvc.mx\/media\/577343\/Detector-de-metales-port%C3%A1til-tipo-poste-dos-zonas-en-detecci%C3%B3n-MDS100-ZKTeco-TVC-O4.png\" alt=\" \" \/><\/div>\n<div class=\"col-md-7 order-md-1 text-md-left text-center\">\n<h2>Especificaciones t\u00e9cnicas<\/h2>\n<p class=\"text-muted\">\n<ul>\n<li>Distancia m\u00e1xima de detecci\u00f3n: 120 cm.<\/li>\n<li>Radio de detecci\u00f3n: Hasta 80 cm.<\/li>\n<li>Detecci\u00f3n: 50 personas\/minuto.<\/li>\n<li>Nivel de sensibilidad: 100.<\/li>\n<li>Zona de alarma: 2 zonas.<\/li>\n<li>Tama\u00f1o de la pantalla t\u00e1ctil: 3,5\u00bb pulgadas.<\/li>\n<li>Volumen de alarma: 1 a 10 niveles.<\/li>\n<li>Timbre de alarma: 6 tipos (seleccionables).<\/li>\n<li>Voltaje de entrada: 15V CD.<\/li>\n<li>Bater\u00eda recargable integrada: Admite 28 horas de operaci\u00f3n.<\/li>\n<li>Capacidad de la bater\u00eda: 10,000 mAh.<\/li>\n<li>Corriente de funcionamiento: 260 mA.<\/li>\n<li>Potencia de funcionamiento: 3.9 W.<\/li>\n<li>Material de la carcasa: Aleaci\u00f3n de aluminio.<\/li>\n<li>Nivel de protecci\u00f3n: IPX5.<\/li>\n<li>Temperatura de funcionamiento: -10 C a 50 C.<\/li>\n<\/ul>\n<p>&nbsp;<\/p>\n<\/div>\n<\/div>\n<hr class=\"padding-bottom-2x\" \/>\n<div class=\"row align-items-center padding-bottom-2x\">\n<div class=\"col-md-5\"><img decoding=\"async\" class=\"d-block m-auto img-thumbnail\" src=\"https:\/\/tvc.mx\/media\/577351\/Detector-de-metales-port%C3%A1til-tipo-poste-dos-zonas-en-detecci%C3%B3n-MDS100-ZKTeco-TVC-O3png.png\" alt=\" \" \/><\/div>\n<div class=\"col-md-7 text-md-left text-center\">\n<h2>Incluye<\/h2>\n<p class=\"text-muted\">\n<ul>\n<li>Detector de metales port\u00e1til tipo poste.<\/li>\n<\/ul>\n<\/div>\n<\/div>\n","protected":false},"excerpt":{"rendered":"<p>Descripci\u00f3n El detector de metal port\u00e1til MDS100, permite una alta tasa de rendimiento en detecci\u00f3n, hasta 50 personas por minuto, detectando dispositivos m\u00f3viles, reloj inteligentes y contrabando de metales ferrosos. Funci\u00f3n Integra una fuerte capacidad anti-interferencia para una detecci\u00f3n precisa de dos zonas, con una&hellip;<\/p>\n","protected":false},"featured_media":9434,"comment_status":"open","ping_status":"closed","template":"","meta":{"om_disable_all_campaigns":false,"_monsterinsights_skip_tracking":false,"_monsterinsights_sitenote_active":false,"_monsterinsights_sitenote_note":"","_monsterinsights_sitenote_category":0},"product_brand":[],"product_cat":[852],"product_tag":[81,727,730,66,731,728,729],"class_list":{"0":"post-9435","1":"product","2":"type-product","3":"status-publish","4":"has-post-thumbnail","6":"product_cat-detectores-de-metal-portatil","7":"product_tag-acceso-y-asistencia","8":"product_tag-cerraduras","9":"product_tag-commax-wulian","10":"product_tag-dahua","11":"product_tag-wejoin","12":"product_tag-yli","13":"product_tag-zkteco","15":"first","16":"instock","17":"sale","18":"taxable","19":"shipping-taxable","20":"purchasable","21":"product-type-simple"},"aioseo_notices":[],"_links":{"self":[{"href":"https:\/\/tecsecmty.com\/index.php\/wp-json\/wp\/v2\/product\/9435","targetHints":{"allow":["GET"]}}],"collection":[{"href":"https:\/\/tecsecmty.com\/index.php\/wp-json\/wp\/v2\/product"}],"about":[{"href":"https:\/\/tecsecmty.com\/index.php\/wp-json\/wp\/v2\/types\/product"}],"replies":[{"embeddable":true,"href":"https:\/\/tecsecmty.com\/index.php\/wp-json\/wp\/v2\/comments?post=9435"}],"version-history":[{"count":2,"href":"https:\/\/tecsecmty.com\/index.php\/wp-json\/wp\/v2\/product\/9435\/revisions"}],"predecessor-version":[{"id":9516,"href":"https:\/\/tecsecmty.com\/index.php\/wp-json\/wp\/v2\/product\/9435\/revisions\/9516"}],"wp:featuredmedia":[{"embeddable":true,"href":"https:\/\/tecsecmty.com\/index.php\/wp-json\/wp\/v2\/media\/9434"}],"wp:attachment":[{"href":"https:\/\/tecsecmty.com\/index.php\/wp-json\/wp\/v2\/media?parent=9435"}],"wp:term":[{"taxonomy":"product_brand","embeddable":true,"href":"https:\/\/tecsecmty.com\/index.php\/wp-json\/wp\/v2\/product_brand?post=9435"},{"taxonomy":"product_cat","embeddable":true,"href":"https:\/\/tecsecmty.com\/index.php\/wp-json\/wp\/v2\/product_cat?post=9435"},{"taxonomy":"product_tag","embeddable":true,"href":"https:\/\/tecsecmty.com\/index.php\/wp-json\/wp\/v2\/product_tag?post=9435"}],"curies":[{"name":"wp","href":"https:\/\/api.w.org\/{rel}","templated":true}]}}