{"id":9437,"date":"2023-02-23T22:43:03","date_gmt":"2023-02-24T04:43:03","guid":{"rendered":"https:\/\/tecsecmty.com\/index.php\/producto\/zkteco-zkx100100-maquina-de-rayos-x-para-equipaje-energia-doble-tunel-de-100-x-100-cm-estacion-de-monitoreo-doble-escaneo-bidireccional\/"},"modified":"2023-03-22T23:25:40","modified_gmt":"2023-03-23T05:25:40","slug":"zkteco-zkx100100-maquina-de-rayos-x-para-equipaje-energia-doble-tunel-de-100-x-100-cm-estacion-de-monitoreo-doble-escaneo-bidireccional","status":"publish","type":"product","link":"https:\/\/tecsecmty.com\/index.php\/producto\/zkteco-zkx100100-maquina-de-rayos-x-para-equipaje-energia-doble-tunel-de-100-x-100-cm-estacion-de-monitoreo-doble-escaneo-bidireccional\/","title":{"rendered":"ZKTECO ZKX100100 &#8211; M\u00e1quina de Rayos X para Equipaje \/ Energ\u00eda Doble \/ T\u00fanel de 100 x 100 cm \/ Estaci\u00f3n de Monitoreo Doble \/ Escaneo Bidireccional \/"},"content":{"rendered":"<h5 class=\"card-title text-center\">Descripci\u00f3n<\/h5>\n<p class=\"ql-align-justify\">El sistema de inspecci\u00f3n por Rayos-X <strong>ZKX100100 <\/strong>aumenta la capacidad del operador para identi\ufb01car amenazas potenciales; el dispositivo est\u00e1 dise\u00f1ado para escanear objetos de un tama\u00f1o de hasta 100 \u00d7 100 cm. El <strong>ZKX100100 <\/strong>cuenta con un generador con\ufb01able de Rayos-X con doble energ\u00eda, ofrece un excelente algoritmo para mostrar una imagen de escaneo clara que permite a los operadores detectar posibles amenazas.<\/p>\n<p class=\"ql-align-justify\">Adem\u00e1s el <strong>ZK100100 <\/strong>est\u00e1 equipado con una banda transportadora m\u00e1s baja para que sea m\u00e1s f\u00e1cil colocar el equipaje.<\/p>\n<p><img decoding=\"async\" class=\"overview-center-img-web\" src=\"https:\/\/tvc.mx\/media\/471096\/M%C3%A1quina-de-rayos-x-energ%C3%ADa-doble-escaneo-bidireccional-ZKX100100-ZKTeco-TVC-P1.png\" alt=\"\" \/><\/p>\n<h2>Funci\u00f3n<\/h2>\n<p class=\"text-muted\">\n<p class=\"ql-align-justify\">El\u00a0<strong>ZKX100100<\/strong> utiliza un generador de Rayos-X de energ\u00eda doble de alta calidad. Con un excelente algoritmo de imagen, el\u00a0<strong>ZKX100100 <\/strong>muestra im\u00e1genes claras de los objetos inspeccionados, lo que le permite al operador identificar objetos potencialmente peligrosos a simple vista.<\/p>\n<p class=\"ql-align-justify\">El\u00a0<strong>ZKX100100 <\/strong>cuenta con una innovadora funci\u00f3n de identificaci\u00f3n biom\u00e9trica para los operadores, mejorando la seguridad del sistema y evitando que el operador llegase a olvidar su contrase\u00f1a. Con un dise\u00f1o ergon\u00f3mico y moderno, el\u00a0<strong>ZKX100100 <\/strong>ayuda a los operadores a identificar objetos sospechosos de forma r\u00e1pida y precisa.<\/p>\n<div class=\"row align-items-center padding-bottom-2x\">\n<div class=\"col-md-7 order-md-1 text-md-left text-center\">\n<h2>Especificaciones<\/h2>\n<p class=\"text-muted\">\n<ul>\n<li>Voltaje de alimentaci\u00f3n 110V CA.<\/li>\n<li>Tama\u00f1o del t\u00fanel (An) 1008mm x (Al) 1009mm.<\/li>\n<li>Velocidad de transporte de la banda 0.2 m\/s.<\/li>\n<li>Altura de banda transportadora 387 mm.<\/li>\n<li>Carga m\u00e1xima \u2264200 kg distribuido uniformemente.<\/li>\n<li>Resoluci\u00f3n de contraste 38 awg.<\/li>\n<li>Penetraci\u00f3n (placa de acero) 30 mm.<\/li>\n<li>Monitor LED de 21.5 pulgadas.<\/li>\n<li>Funciones del sistema alarma de alta densidad.<\/li>\n<li>Contador de equipaje.<\/li>\n<li>Contador de tiempo en funcionamiento, contador de tiempo en emisi\u00f3n de rayos-X.<\/li>\n<li>Mantenimiento del sistema, zoom de 64x.<\/li>\n<li>Incluye monitor y teclado.<\/li>\n<li>Ofrece una mayor resoluci\u00f3n de detecci\u00f3n gracias a su generador de rayos-x Hamamatsu\u00a9.<\/li>\n<li>Excelente dise\u00f1o ergon\u00f3mico e industrial.<\/li>\n<\/ul>\n<p><strong>Sistema de Rayos X\u00a0<\/strong><\/p>\n<ul>\n<li>Voltaje M\u00e1ximo 160 kV.<\/li>\n<li>Refrigeraci\u00f3n Por Ba\u00f1o de Aceite Sellado Herm\u00e9ticamente 100%.<\/li>\n<li>Tasa de Dosis de Radiaci\u00f3n Externa 0.1 \u03bcSv\/h (a 5 cm de la Carcasa).<\/li>\n<\/ul>\n<p><strong>Datos de Instalaci\u00f3n\u00a0<\/strong><\/p>\n<ul>\n<li>Dimensiones del Empaque (L) 2600 mm x (An) 1520 mm x (Al) 1920 mm.<\/li>\n<li>Dimensiones del Paquete de la Consola (L) 1320 mm x (An) 850 mm x (Al) 1320 mm.<\/li>\n<li>Peso 1250 Kg + 135 Kg(Consola).<\/li>\n<li>Consumo de Energ\u00eda 1 kVA.<\/li>\n<li>Ruido 55.8 dB(A).<\/li>\n<\/ul>\n<p>&nbsp;<\/p>\n<\/div>\n<\/div>\n<hr class=\"padding-bottom-2x\" \/>\n<div class=\"row align-items-center padding-bottom-2x\">\n<div class=\"col-md-5 order-md-2\"><img decoding=\"async\" class=\"d-block m-auto img-thumbnail\" src=\"https:\/\/tvc.mx\/media\/472094\/M%C3%A1quina-de-rayos-x-energ%C3%ADa-doble-escaneo-bidireccional-ZKX100100-ZKTeco-TVC-O3.png\" alt=\" \" \/><\/div>\n<div class=\"col-md-7 order-md-1 text-md-left text-center\">\n<h2>Incluye<\/h2>\n<p class=\"text-muted\">\n<ul>\n<li>M\u00e1quina de rayos X (energ\u00eda doble).<\/li>\n<li>Control de mando con pantalla, teclado y botonera con paro de emergencia.<\/li>\n<li>Kit de herramientas necesario para su ensamblaje.<\/li>\n<\/ul>\n<p>&nbsp;<\/p>\n<\/div>\n<\/div>\n","protected":false},"excerpt":{"rendered":"<h5 class=\"card-title text-center\">Descripci\u00f3n<\/h5>\n<p class=\"ql-align-justify\">El sistema de inspecci\u00f3n por Rayos-X <strong>ZKX100100 <\/strong>aumenta la capacidad del operador para identi\ufb01car amenazas potenciales; el dispositivo est\u00e1 dise\u00f1ado para escanear objetos de un tama\u00f1o de hasta 100 \u00d7 100 cm. El <strong>ZKX100100 <\/strong>cuenta con un generador con\ufb01able de Rayos-X con doble energ\u00eda, ofrece un excelente algoritmo para mostrar una imagen de escaneo clara que permite a los operadores detectar posibles amenazas.<\/p>\n<p class=\"ql-align-justify\">Adem\u00e1s el <strong>ZK100100 <\/strong>est\u00e1 equipado con una banda transportadora m\u00e1s baja para que sea m\u00e1s f\u00e1cil colocar el equipaje.<\/p>\n","protected":false},"featured_media":9436,"comment_status":"open","ping_status":"closed","template":"","meta":{"om_disable_all_campaigns":false,"_monsterinsights_skip_tracking":false,"_monsterinsights_sitenote_active":false,"_monsterinsights_sitenote_note":"","_monsterinsights_sitenote_category":0},"product_brand":[],"product_cat":[853],"product_tag":[81,727,730,66,731,728,729],"class_list":{"0":"post-9437","1":"product","2":"type-product","3":"status-publish","4":"has-post-thumbnail","6":"product_cat-sistemas-de-inspeccion-de-rayos-x","7":"product_tag-acceso-y-asistencia","8":"product_tag-cerraduras","9":"product_tag-commax-wulian","10":"product_tag-dahua","11":"product_tag-wejoin","12":"product_tag-yli","13":"product_tag-zkteco","15":"first","16":"instock","17":"sale","18":"taxable","19":"shipping-taxable","20":"purchasable","21":"product-type-simple"},"aioseo_notices":[],"_links":{"self":[{"href":"https:\/\/tecsecmty.com\/index.php\/wp-json\/wp\/v2\/product\/9437","targetHints":{"allow":["GET"]}}],"collection":[{"href":"https:\/\/tecsecmty.com\/index.php\/wp-json\/wp\/v2\/product"}],"about":[{"href":"https:\/\/tecsecmty.com\/index.php\/wp-json\/wp\/v2\/types\/product"}],"replies":[{"embeddable":true,"href":"https:\/\/tecsecmty.com\/index.php\/wp-json\/wp\/v2\/comments?post=9437"}],"version-history":[{"count":2,"href":"https:\/\/tecsecmty.com\/index.php\/wp-json\/wp\/v2\/product\/9437\/revisions"}],"predecessor-version":[{"id":9514,"href":"https:\/\/tecsecmty.com\/index.php\/wp-json\/wp\/v2\/product\/9437\/revisions\/9514"}],"wp:featuredmedia":[{"embeddable":true,"href":"https:\/\/tecsecmty.com\/index.php\/wp-json\/wp\/v2\/media\/9436"}],"wp:attachment":[{"href":"https:\/\/tecsecmty.com\/index.php\/wp-json\/wp\/v2\/media?parent=9437"}],"wp:term":[{"taxonomy":"product_brand","embeddable":true,"href":"https:\/\/tecsecmty.com\/index.php\/wp-json\/wp\/v2\/product_brand?post=9437"},{"taxonomy":"product_cat","embeddable":true,"href":"https:\/\/tecsecmty.com\/index.php\/wp-json\/wp\/v2\/product_cat?post=9437"},{"taxonomy":"product_tag","embeddable":true,"href":"https:\/\/tecsecmty.com\/index.php\/wp-json\/wp\/v2\/product_tag?post=9437"}],"curies":[{"name":"wp","href":"https:\/\/api.w.org\/{rel}","templated":true}]}}