{"id":9443,"date":"2023-02-23T22:43:09","date_gmt":"2023-02-24T04:43:09","guid":{"rendered":"https:\/\/tecsecmty.com\/index.php\/producto\/zkteco-zkx6550-maquina-de-rayos-x-para-equipaje-energia-doble-escaneo-bidireccional-tunel-de-65-x-50-cm-con-estacion-de-monitoreo\/"},"modified":"2023-02-24T09:55:08","modified_gmt":"2023-02-24T15:55:08","slug":"zkteco-zkx6550-maquina-de-rayos-x-para-equipaje-energia-doble-escaneo-bidireccional-tunel-de-65-x-50-cm-con-estacion-de-monitoreo","status":"publish","type":"product","link":"https:\/\/tecsecmty.com\/index.php\/producto\/zkteco-zkx6550-maquina-de-rayos-x-para-equipaje-energia-doble-escaneo-bidireccional-tunel-de-65-x-50-cm-con-estacion-de-monitoreo\/","title":{"rendered":"ZKTECO ZKX6550 &#8211; M\u00e1quina de Rayos X para equipaje \/ Energ\u00eda Doble \/ Escaneo bidireccional \/ T\u00fanel de 65 x 50 cm \/ Con Estaci\u00f3n de Monitoreo"},"content":{"rendered":"<h5 class=\"card-title text-center\">Descripci\u00f3n<\/h5>\n<p class=\"ql-align-justify\">El sistema de inspecci\u00f3n por Rayos-X <strong>ZKX6550 <\/strong>mejora la capacidad del operador para identificar amenazas potenciales. El dispositivo est\u00e1 dise\u00f1ado para inspeccionar maletines, equipaje de mano y paquetes peque\u00f1os. Se utiliza para controles estrictos de seguridad como c\u00e1rceles, juzgados, fabricas, bancos, aduana, hotel, almac\u00e9n y aeropuertos.<\/p>\n<p>Caracter\u00edsticas principales:<\/p>\n<ul>\n<li>Se alimenta a 120V CA.<\/li>\n<li>Se\u00f1ala los objetos con alta densidad en un equipaje.<\/li>\n<li>Incluye pantalla, teclado y mouse.<\/li>\n<li>Ideal para equipajes peque\u00f1os.<\/li>\n<li>Soporta hasta 180 Kg.<\/li>\n<li>De f\u00e1cil operaci\u00f3n.<\/li>\n<li>Integra software gratuito con herramientas que facilitan identificar los objetos peligrosos en un escaneo X.<\/li>\n<li class=\"ql-align-justify\">\u00danicamente requieres ensamblar sus accesorios (ya incluidos) conectar a la red el\u00e9ctrica y ya estar\u00e1 listo para ponerlo a escanear equipajes (Plug and play).<\/li>\n<\/ul>\n<p><img decoding=\"async\" class=\"overview-center-img-web\" src=\"https:\/\/tvc.mx\/media\/470942\/Maquina-De-Rayos-X-Para-Equipaje-Doble-Energ%C3%ADa-Banda-Transportadora-ZKX6550-ZKT-TVC-O.png\" alt=\"\" \/><\/p>\n<div class=\"col-md-7 order-md-1 text-md-left text-center\">\n<h2>Funci\u00f3n<\/h2>\n<p class=\"text-muted\">\n<p class=\"ql-align-justify\">El <strong>ZKX6550 <\/strong>utiliza un generador de Rayos-X de energ\u00eda doble de alta calidad. Con un excelente algoritmo de imagen, el <strong>ZKX6550 <\/strong>muestra im\u00e1genes claras de los objetos inspeccionados, lo que le permite al operador identificar objetos potencialmente peligrosos asimple vista.<\/p>\n<p class=\"ql-align-justify\">El <strong>ZKX6550 <\/strong>cuenta con una innovadora funci\u00f3n de identificaci\u00f3n biom\u00e9trica para los operadores, mejorando la seguridad del sistema y evitando que el operador llegase a olvidar su contrase\u00f1a. Con un dise\u00f1o ergon\u00f3mico y moderno, el <strong>ZKX6550 <\/strong>ayuda a los operadores a identificar objetos sospechosos de forma r\u00e1pida y precisa.<\/p>\n<\/div>\n<p>&nbsp;<\/p>\n<p>&nbsp;<\/p>\n<p><img decoding=\"async\" class=\"d-block m-auto img-thumbnail alignright\" src=\"https:\/\/tvc.mx\/media\/470886\/Maquina-De-Rayos-X-Para-Equipaje-Doble-Energ%C3%ADa-Banda-Transportadora-ZKX6550-ZKT-TVC-O4.png\" alt=\" \" \/><\/p>\n<p>&nbsp;<\/p>\n<p>&nbsp;<\/p>\n<div class=\"col-md-7 order-md-1 text-md-left text-center\">\n<p>&nbsp;<\/p>\n<\/div>\n<p>&nbsp;<\/p>\n<p>&nbsp;<\/p>\n<p style=\"text-align: left;\">\n<p>&nbsp;<\/p>\n<p>&nbsp;<\/p>\n<p>&nbsp;<\/p>\n<p>&nbsp;<\/p>\n<h2>Especificaciones t\u00e9cnicas:<\/h2>\n<p class=\"text-muted\">\n<ul>\n<li>Voltaje de alimentaci\u00f3n 110V CA.<\/li>\n<li>Tama\u00f1o del t\u00fanel (An) 660 mm x (Al) 510 mm.<\/li>\n<li>Velocidad de transporte de la banda 0.20 m\/s.<\/li>\n<li>Altura de banda transportadora 702 mm.<\/li>\n<li>Carga m\u00e1xima \u2264180 kg distribuido uniformemente.<\/li>\n<li>Resoluci\u00f3n de contraste 40 awg (alambre met\u00e1lico de 0.0787 mm).<\/li>\n<li>Espacio horizontal \u03c61.0 mm vertical \u03c62.0 mm.<\/li>\n<li>Penetraci\u00f3n (placa de acero) 38 mm.<\/li>\n<li>Monitor led de 17 pulgadas.<\/li>\n<li>Contador de tiempo en funcionamiento, contador de tiempo en emisi\u00f3n de rayos-X.<\/li>\n<li>Mantenimiento del sistema, zoom de 64x.<\/li>\n<li>Incluye monitor y teclado.<\/li>\n<li>Ofrece una mayor resoluci\u00f3n de detecci\u00f3n gracias a su generador de rayos-x Hamamatsu\u00a9.<\/li>\n<li>Excelente dise\u00f1o ergon\u00f3mico e industrial.<\/li>\n<\/ul>\n<h2>Incluye<\/h2>\n<p class=\"text-muted\">\n<ul>\n<li>M\u00e1quina rayos X de energ\u00eda doble.<\/li>\n<li>Mesa met\u00e1lica para salida de equipaje.<\/li>\n<li>Control de mando con pantalla, teclado y botonera con paro de emergencia.<\/li>\n<li>Kit de herramientas necesario para su ensamblaje.<\/li>\n<\/ul>\n","protected":false},"excerpt":{"rendered":"<p>Descripci\u00f3n El sistema de inspecci\u00f3n por Rayos-X ZKX6550 mejora la capacidad del operador para identificar amenazas potenciales. El dispositivo est\u00e1 dise\u00f1ado para inspeccionar maletines, equipaje de mano y paquetes peque\u00f1os. Se utiliza para controles estrictos de seguridad como c\u00e1rceles, juzgados, fabricas, bancos, aduana, hotel, almac\u00e9n&hellip;<\/p>\n","protected":false},"featured_media":9442,"comment_status":"open","ping_status":"closed","template":"","meta":{"om_disable_all_campaigns":false,"_monsterinsights_skip_tracking":false,"_monsterinsights_sitenote_active":false,"_monsterinsights_sitenote_note":"","_monsterinsights_sitenote_category":0},"product_brand":[],"product_cat":[853],"product_tag":[81,727,730,66,731,728,729],"class_list":{"0":"post-9443","1":"product","2":"type-product","3":"status-publish","4":"has-post-thumbnail","6":"product_cat-sistemas-de-inspeccion-de-rayos-x","7":"product_tag-acceso-y-asistencia","8":"product_tag-cerraduras","9":"product_tag-commax-wulian","10":"product_tag-dahua","11":"product_tag-wejoin","12":"product_tag-yli","13":"product_tag-zkteco","15":"first","16":"instock","17":"sale","18":"taxable","19":"shipping-taxable","20":"purchasable","21":"product-type-simple"},"aioseo_notices":[],"_links":{"self":[{"href":"https:\/\/tecsecmty.com\/index.php\/wp-json\/wp\/v2\/product\/9443","targetHints":{"allow":["GET"]}}],"collection":[{"href":"https:\/\/tecsecmty.com\/index.php\/wp-json\/wp\/v2\/product"}],"about":[{"href":"https:\/\/tecsecmty.com\/index.php\/wp-json\/wp\/v2\/types\/product"}],"replies":[{"embeddable":true,"href":"https:\/\/tecsecmty.com\/index.php\/wp-json\/wp\/v2\/comments?post=9443"}],"version-history":[{"count":3,"href":"https:\/\/tecsecmty.com\/index.php\/wp-json\/wp\/v2\/product\/9443\/revisions"}],"predecessor-version":[{"id":9509,"href":"https:\/\/tecsecmty.com\/index.php\/wp-json\/wp\/v2\/product\/9443\/revisions\/9509"}],"wp:featuredmedia":[{"embeddable":true,"href":"https:\/\/tecsecmty.com\/index.php\/wp-json\/wp\/v2\/media\/9442"}],"wp:attachment":[{"href":"https:\/\/tecsecmty.com\/index.php\/wp-json\/wp\/v2\/media?parent=9443"}],"wp:term":[{"taxonomy":"product_brand","embeddable":true,"href":"https:\/\/tecsecmty.com\/index.php\/wp-json\/wp\/v2\/product_brand?post=9443"},{"taxonomy":"product_cat","embeddable":true,"href":"https:\/\/tecsecmty.com\/index.php\/wp-json\/wp\/v2\/product_cat?post=9443"},{"taxonomy":"product_tag","embeddable":true,"href":"https:\/\/tecsecmty.com\/index.php\/wp-json\/wp\/v2\/product_tag?post=9443"}],"curies":[{"name":"wp","href":"https:\/\/api.w.org\/{rel}","templated":true}]}}