{"id":9445,"date":"2023-02-23T22:43:11","date_gmt":"2023-02-24T04:43:11","guid":{"rendered":"https:\/\/tecsecmty.com\/index.php\/producto\/parktron-ppscc1-chipcoin-mifare-para-sistema-de-cobro-de-estacionamiento-10000-escrituras-500-piezas-compatible-con-terminales-parktron\/"},"modified":"2023-03-22T23:23:45","modified_gmt":"2023-03-23T05:23:45","slug":"parktron-ppscc1-chipcoin-mifare-para-sistema-de-cobro-de-estacionamiento-10000-escrituras-500-piezas-compatible-con-terminales-parktron","status":"publish","type":"product","link":"https:\/\/tecsecmty.com\/index.php\/producto\/parktron-ppscc1-chipcoin-mifare-para-sistema-de-cobro-de-estacionamiento-10000-escrituras-500-piezas-compatible-con-terminales-parktron\/","title":{"rendered":"PARKTRON PPSCC1 &#8211; Chipcoin mifare Para sistema de cobro de estacionamiento \/ 10,000 Escrituras \/ 500 Piezas \/ Compatible con terminales PARKTRON"},"content":{"rendered":"<h5 class=\"card-title text-center\">Descripci\u00f3n<\/h5>\n<p class=\"ql-align-justify\">La Nueva Tecnolog\u00eda sin contacto <strong>ChipCoin <\/strong>(CPS2000) es la \u00faltima versi\u00f3n del sistema de gesti\u00f3n de Estacionamientos construido por Parktron. Un ChipCoin es una ficha de pl\u00e1stico con un chip en su interior para almacenar datos propios de un estacionamiento como los son Hora de Ingreso, salida y cuota ofreciendo una soluci\u00f3n de estacionamiento m\u00e1s rentable y amistosa al medio ambiente a trav\u00e9s de su funci\u00f3n reutilizable.<\/p>\n<p class=\"ql-align-justify\">Usar un sistema sin el uso de papel donde mediante el uso de un chip se graban datos de lectura\/escritura reduce los costos de emisi\u00f3n de Ticket, esfuerzos y costos de mantenimiento, as\u00ed como la reducci\u00f3n de tiempos hacen un sistema Estable, rentable y seguro. Cada Equipo est\u00e1 equipado con IPC (Industrial Personal Computer) conectados entre s\u00ed a trav\u00e9s de una red Ethernet se logra realizar una integraci\u00f3n completa de un sistema de cobro de estacionamientos.<\/p>\n<p class=\"ql-align-justify\">Mediante la instalaci\u00f3n y el uso de nuestro software de nuestro Sistema de Pago con Chipcoin, podemos centralizar la gesti\u00f3n y administraci\u00f3n para un mejor manejo de la informaci\u00f3n como lo son la generaci\u00f3n de Reportes, Monitoreo en tiempo real, as\u00ed como el estatus de cada uno de nuestros dispositivos todo esto con uno pocos clics<\/p>\n<p><strong>Caracter\u00edsticas:<\/strong><\/p>\n<ul>\n<li>Chipcoin MIFARE.<\/li>\n<li>10,000 Escrituras.<\/li>\n<li>Pack 500 Piezas.<\/li>\n<li>Compatible con Sistemas Chipcoin.<\/li>\n<\/ul>\n<p><img decoding=\"async\" class=\"overview-center-img-web\" src=\"https:\/\/tvc.mx\/media\/44559\/CENTRALPPSCC1.png\" alt=\"\" \/><\/p>\n","protected":false},"excerpt":{"rendered":"<p>Descripci\u00f3n La Nueva Tecnolog\u00eda sin contacto ChipCoin (CPS2000) es la \u00faltima versi\u00f3n del sistema de gesti\u00f3n de Estacionamientos construido por Parktron. Un ChipCoin es una ficha de pl\u00e1stico con un chip en su interior para almacenar datos propios de un estacionamiento como los son Hora&hellip;<\/p>\n","protected":false},"featured_media":9444,"comment_status":"open","ping_status":"closed","template":"","meta":{"om_disable_all_campaigns":false,"_monsterinsights_skip_tracking":false,"_monsterinsights_sitenote_active":false,"_monsterinsights_sitenote_note":"","_monsterinsights_sitenote_category":0},"product_brand":[],"product_cat":[856],"product_tag":[81,727,730,66,731,728,729],"class_list":{"0":"post-9445","1":"product","2":"type-product","3":"status-publish","4":"has-post-thumbnail","6":"product_cat-consumibles","7":"product_tag-acceso-y-asistencia","8":"product_tag-cerraduras","9":"product_tag-commax-wulian","10":"product_tag-dahua","11":"product_tag-wejoin","12":"product_tag-yli","13":"product_tag-zkteco","15":"first","16":"instock","17":"sale","18":"taxable","19":"shipping-taxable","20":"purchasable","21":"product-type-simple"},"aioseo_notices":[],"_links":{"self":[{"href":"https:\/\/tecsecmty.com\/index.php\/wp-json\/wp\/v2\/product\/9445","targetHints":{"allow":["GET"]}}],"collection":[{"href":"https:\/\/tecsecmty.com\/index.php\/wp-json\/wp\/v2\/product"}],"about":[{"href":"https:\/\/tecsecmty.com\/index.php\/wp-json\/wp\/v2\/types\/product"}],"replies":[{"embeddable":true,"href":"https:\/\/tecsecmty.com\/index.php\/wp-json\/wp\/v2\/comments?post=9445"}],"version-history":[{"count":1,"href":"https:\/\/tecsecmty.com\/index.php\/wp-json\/wp\/v2\/product\/9445\/revisions"}],"predecessor-version":[{"id":9506,"href":"https:\/\/tecsecmty.com\/index.php\/wp-json\/wp\/v2\/product\/9445\/revisions\/9506"}],"wp:featuredmedia":[{"embeddable":true,"href":"https:\/\/tecsecmty.com\/index.php\/wp-json\/wp\/v2\/media\/9444"}],"wp:attachment":[{"href":"https:\/\/tecsecmty.com\/index.php\/wp-json\/wp\/v2\/media?parent=9445"}],"wp:term":[{"taxonomy":"product_brand","embeddable":true,"href":"https:\/\/tecsecmty.com\/index.php\/wp-json\/wp\/v2\/product_brand?post=9445"},{"taxonomy":"product_cat","embeddable":true,"href":"https:\/\/tecsecmty.com\/index.php\/wp-json\/wp\/v2\/product_cat?post=9445"},{"taxonomy":"product_tag","embeddable":true,"href":"https:\/\/tecsecmty.com\/index.php\/wp-json\/wp\/v2\/product_tag?post=9445"}],"curies":[{"name":"wp","href":"https:\/\/api.w.org\/{rel}","templated":true}]}}