{"id":9453,"date":"2023-02-23T22:43:21","date_gmt":"2023-02-24T04:43:21","guid":{"rendered":"https:\/\/tecsecmty.com\/index.php\/producto\/saxxon-rt200i-impresora-de-descuentos-en-cupon-para-sistemas-con-codigo-de-barras-software\/"},"modified":"2023-03-22T23:24:06","modified_gmt":"2023-03-23T05:24:06","slug":"saxxon-rt200i-impresora-de-descuentos-en-cupon-para-sistemas-con-codigo-de-barras-software","status":"publish","type":"product","link":"https:\/\/tecsecmty.com\/index.php\/producto\/saxxon-rt200i-impresora-de-descuentos-en-cupon-para-sistemas-con-codigo-de-barras-software\/","title":{"rendered":"SAXXON RT200i &#8211; Impresora de descuentos en cupon \/ Para sistemas con codigo de barras \/ Software"},"content":{"rendered":"<p>&nbsp;<\/p>\n<div class=\"product-main\">\n<h1 class=\"product-name\" style=\"text-align: left;\">SAXXON RT200i &#8211; Impresora de descuentos en cupon \/ Para sistemas con codigo de barras \/ Software<span class=\"smallText\">[SXN384002]<\/span><\/h1>\n<div class=\"extra-actions\" style=\"text-align: left;\">\n<table align=\"center\">\n<tbody>\n<tr>\n<td><\/td>\n<\/tr>\n<\/tbody>\n<\/table>\n<\/div>\n<\/div>\n<div class=\"products_description\" style=\"text-align: left;\">\n<div id=\"product_title\" class=\"fonts\">Mini impresora de c\u00f3digos de barras con desempe\u00f1o industrial, La impresora de c\u00f3digos de barras modelo RT200i esta dotada de caracter\u00edsticas de desempe\u00f1o mejoradas que la hacen la impresora de transferencia t\u00e9rmica de 2&#8243; m\u00e1s poderosa. La impresora utiliza m\u00e9todo de impresi\u00f3n de transferencia t\u00e9rmica \/ t\u00e9rmica directa.<\/div>\n<div class=\"fonts\"><\/div>\n<div class=\"fonts\">Es usada en los algunos sistemas de estacionamiento para la impresion de cupones de descuento directamente en papel mediante el uso de codigos de barras que son interpretados por una terminal de salida o ATM<\/div>\n<div class=\"fonts\"><\/div>\n<div class=\"fonts\">Especificaciones<\/div>\n<div class=\"fonts\"><\/div>\n<div class=\"fonts\">\n<p>&#8211; M\u00e9todo de impresi\u00f3n: de transferencia t\u00e9rmica \/ t\u00e9rmica directa<br \/>\n&#8211; Resoluci\u00f3n: 203 dpi (8 puntos \/ mm)<br \/>\n&#8211;\u00a0Velocidad de impresi\u00f3n:\u00a07IPS (177 mm \/ s)<br \/>\n&#8211; Ancho de impresi\u00f3n 2.12 \u00ab(54 mm)<br \/>\n&#8211; Longitud de impresi\u00f3n Min. 0,16 \u00ab(4 mm); Max. 68 \u00ab(1,727 mm)<br \/>\n&#8211; Procesador CPU RISC de 32 bits<br \/>\n&#8211; Memoria 8 MB Flash (4 MB para almacenamiento de usuario) \/ 16MB SDRAM<br \/>\n&#8211; Tipo de sensor: fijo sensor transmisivo y el sensor reflectante, central alineada<br \/>\nsensor reflector ajustable (rango completo)<br \/>\n&#8211; Tipos de papel: de forma continua, etiquetas gap, detecci\u00f3n de marcas de negro, y el agujero perforado; longitud de la etiqueta fijada por \u00a0 \u00a0 \u00a0 \u00a0 \u00a0 \u00a0detecci\u00f3n autom\u00e1tica o programaci\u00f3n<br \/>\n&#8211; Tipos de Cintas: cera, cera \/ resina, resina<br \/>\n&#8211;\u00a0Lenguaje de impresora EZPL, detector magn\u00e9tico GEPL, GZPL<br \/>\n&#8211; Software de aplicaci\u00f3n de etiquetado: GoLabel (por EZPL solamente)<br \/>\nConductor: MAC, Linux, Windows 2000, XP, Vista, Windows 7, 8.1 y 10, Windows Server 2003 y 2008<br \/>\nDLL: Win CE, .NET, Windows Mobile, Windows 2000 \/ XP \/ Vista \/ Windows 7 \/ Windows 8.1 \/ Android<br \/>\n&#8211; Fuentes residentes fuentes de mapa de bits: 6, 8, 10, 12, 14, 18, 24, 30, 16&#215;26 y OCR A y B<\/p>\n<p>&#8211; C\u00f3digos de barras: 1-D Los c\u00f3digos de barras:<br \/>\nC\u00f3digo 39, C\u00f3digo 93, EAN-8, EAN-13, EAN 8\/13 (con extensi\u00f3n de 2 y 5 d\u00edgitos), UPC-A, UPC-E, UPC-A y UPC-E con extensi\u00f3n de 2 \u00f3 5 d\u00edgitos EAN, Interleaved 2-of-5 (I 2 de 5), Interleaved 2 de 5 con portador de env\u00edo Bares, Codabar, C\u00f3digo 128 (subgrupo A, B, C), EAN 128, RPS 128, UCC 128, UCC \/ EAN-128 K-Mart, Random peso, Postnet, ITF 14, china c\u00f3digo postal, HIBC, MSI, Plessey, Telepen, FIM, GS1, C\u00f3digo postal alem\u00e1n, Planet 11 y 13 d\u00edgitos, Postnet japonesa, Est\u00e1ndar 2 de 5, Industrial 2 de 5, Logmars, C\u00f3digo 11, ISBT -128, C\u00f3digo 32<br \/>\n2-D\u00a0PDF417, c\u00f3digo Datamatrix, MaxiC\u00f3digo, c\u00f3digo QR, Micro PDF417, c\u00f3digo y el c\u00f3digo Aztec Micro QR, C\u00f3digo 49, Codablock M, 39 TLC<br \/>\nC\u00f3digo de p\u00e1gina:c\u00f3digos de p\u00e1gina 437, 850, 851, 852, 855, 857, 860, 861, 862, 863, 865, 866, 869, 737<br \/>\nVENTANAS 1250, 1251, 1252, 1253, 1254, 1255,1257<br \/>\nUnicode UTF8, UTF16BE, UTF16LE<br \/>\n&#8211; Gr\u00e1ficos residentes tipos de archivos gr\u00e1ficos son BMP y PCX, otros formatos gr\u00e1ficos se pueden descargar desde el software<br \/>\n&#8211; Interfaces USB 2.0<br \/>\npuerto serie RS-232 (DB-9)<br \/>\nEthernet 10\/100 Mbps<br \/>\nPuerto USB<br \/>\n&#8211; Panel de control LCD en color TFT con el bot\u00f3n de navegaci\u00f3n<br \/>\n&#8211; Bot\u00f3n de encendido \/ apagado<br \/>\n&#8211; Bot\u00f3n de calibraci\u00f3n<br \/>\n&#8211; Real Time Clock Standard<br \/>\n&#8211; Cambio autom\u00e1tico de potencia de 100-240 y 50-60 Hz<br \/>\n&#8211; Temperatura Ambiente de la operaci\u00f3n:5 \u00b0 C a 40 \u00b0 C<br \/>\n&#8211; Temperatura de almacenamiento:-20 \u00b0 C a 50 \u00b0 C<br \/>\n&#8211; Humedad de la operaci\u00f3n: 30-85%, sin condensaci\u00f3n.<br \/>\n&#8211; Almacenamiento: 10-90%, sin condensaci\u00f3n.<br \/>\n&#8211; Aprobaci\u00f3n de agencias CE (EMC), FCC Clase A, CB, cUL, EAC, BIS, CCC<br \/>\n&#8211; Dimensi\u00f3n Longitud: 9,7 \u00ab(254 mm)<br \/>\nAltura: 6.9 \u00ab(175 mm)<br \/>\nAnchura: 5,3 \u00ab(136 mm)<br \/>\n&#8211; Peso 4,4 libras (2 kg), con exclusi\u00f3n de los consumibles<br \/>\n&#8211; Interfaces de dispositivos USB + RS232 opciones (instalaci\u00f3n de f\u00e1brica)<\/p>\n<\/div>\n<\/div>\n<p style=\"text-align: left;\">\n","protected":false},"excerpt":{"rendered":"<p>&nbsp; SAXXON RT200i &#8211; Impresora de descuentos en cupon \/ Para sistemas con codigo de barras \/ Software[SXN384002] Mini impresora de c\u00f3digos de barras con desempe\u00f1o industrial, La impresora de c\u00f3digos de barras modelo RT200i esta dotada de caracter\u00edsticas de desempe\u00f1o mejoradas que la hacen&hellip;<\/p>\n","protected":false},"featured_media":9452,"comment_status":"open","ping_status":"closed","template":"","meta":{"om_disable_all_campaigns":false,"_monsterinsights_skip_tracking":false,"_monsterinsights_sitenote_active":false,"_monsterinsights_sitenote_note":"","_monsterinsights_sitenote_category":0},"product_brand":[],"product_cat":[857],"product_tag":[81,727,730,66,731,728,729],"class_list":{"0":"post-9453","1":"product","2":"type-product","3":"status-publish","4":"has-post-thumbnail","6":"product_cat-refacciones-sistemas-de-estacionamiento","7":"product_tag-acceso-y-asistencia","8":"product_tag-cerraduras","9":"product_tag-commax-wulian","10":"product_tag-dahua","11":"product_tag-wejoin","12":"product_tag-yli","13":"product_tag-zkteco","15":"first","16":"instock","17":"sale","18":"taxable","19":"shipping-taxable","20":"purchasable","21":"product-type-simple"},"aioseo_notices":[],"_links":{"self":[{"href":"https:\/\/tecsecmty.com\/index.php\/wp-json\/wp\/v2\/product\/9453","targetHints":{"allow":["GET"]}}],"collection":[{"href":"https:\/\/tecsecmty.com\/index.php\/wp-json\/wp\/v2\/product"}],"about":[{"href":"https:\/\/tecsecmty.com\/index.php\/wp-json\/wp\/v2\/types\/product"}],"replies":[{"embeddable":true,"href":"https:\/\/tecsecmty.com\/index.php\/wp-json\/wp\/v2\/comments?post=9453"}],"version-history":[{"count":2,"href":"https:\/\/tecsecmty.com\/index.php\/wp-json\/wp\/v2\/product\/9453\/revisions"}],"predecessor-version":[{"id":9500,"href":"https:\/\/tecsecmty.com\/index.php\/wp-json\/wp\/v2\/product\/9453\/revisions\/9500"}],"wp:featuredmedia":[{"embeddable":true,"href":"https:\/\/tecsecmty.com\/index.php\/wp-json\/wp\/v2\/media\/9452"}],"wp:attachment":[{"href":"https:\/\/tecsecmty.com\/index.php\/wp-json\/wp\/v2\/media?parent=9453"}],"wp:term":[{"taxonomy":"product_brand","embeddable":true,"href":"https:\/\/tecsecmty.com\/index.php\/wp-json\/wp\/v2\/product_brand?post=9453"},{"taxonomy":"product_cat","embeddable":true,"href":"https:\/\/tecsecmty.com\/index.php\/wp-json\/wp\/v2\/product_cat?post=9453"},{"taxonomy":"product_tag","embeddable":true,"href":"https:\/\/tecsecmty.com\/index.php\/wp-json\/wp\/v2\/product_tag?post=9453"}],"curies":[{"name":"wp","href":"https:\/\/api.w.org\/{rel}","templated":true}]}}