{"id":9455,"date":"2023-02-23T22:43:26","date_gmt":"2023-02-24T04:43:26","guid":{"rendered":"https:\/\/tecsecmty.com\/index.php\/producto\/parktron-caps209-estacion-de-pago-automatico-atm-chipcoin-mifare-acepta-billetes-y-monedas-impresion-de-ticket\/"},"modified":"2023-03-22T23:23:44","modified_gmt":"2023-03-23T05:23:44","slug":"parktron-caps209-estacion-de-pago-automatico-atm-chipcoin-mifare-acepta-billetes-y-monedas-impresion-de-ticket","status":"publish","type":"product","link":"https:\/\/tecsecmty.com\/index.php\/producto\/parktron-caps209-estacion-de-pago-automatico-atm-chipcoin-mifare-acepta-billetes-y-monedas-impresion-de-ticket\/","title":{"rendered":"PARKTRON CAPS209 &#8211; Estaci\u00f3n de pago Autom\u00e1tico ATM\/ Chipcoin Mifare \/ Acepta billetes y monedas \/ Impresi\u00f3n de TICKET"},"content":{"rendered":"<div class=\"row aling-items-center padding-bottom-2x\">\n<div class=\"col-lg-12\">\n<h5 class=\"card-title text-center\">Descripci\u00f3n<\/h5>\n<p class=\"ql-align-justify\">El CAPS209 es una estaci\u00f3n de pago autom\u00e1tico usada en estacionamientos\u00a0CPS200. Adopta la tecnolog\u00eda de las Chipoins\u00a0(MifareIC por dentro) como ticket de estacionamiento y proporciona un servicio de pago f\u00e1cil y conveniente. En caso de ser desconectado de la red , el CAPS209 puede ser capaz de seguir operando y guardar los datos fuera de l\u00ednea\u00a0bajo su operaci\u00f3n en modo Stand-alone, cuando es conectado de nuevo a la red env\u00eda los datos a la central de administraci\u00f3n del servidor. Cuenta con una pantalla principal a color TFT-LCD y un altavoz de multimedia el cual es proporcionado por una interfaz IAPS209\u00a0muy f\u00e1cil de usar.<\/p>\n<p><img decoding=\"async\" class=\"overview-center-img-web\" src=\"https:\/\/tvc.mx\/media\/27807\/bannercentral02.jpg\" alt=\"\" \/><\/div>\n<\/div>\n<div class=\"row align-items-center padding-bottom-2x\">\n<div class=\"col-md-5\"><img decoding=\"async\" class=\"d-block m-auto img-thumbnail\" src=\"https:\/\/tvc.mx\/media\/27808\/izquieradaderecha01.jpg\" alt=\" \" \/><\/div>\n<div class=\"col-md-7 text-md-left text-center\">\n<h2>Funci\u00f3n<\/h2>\n<p class=\"text-muted\">\n<p>Un sensor infrarrojo ubicado al frente del gabinete detectar\u00e1 la presencia de un usuario y encender\u00e1 la pantalla mientras un mensaje de voz le pedir\u00e1 al usuario que inserte su Chip coin para poder calcular su monto a pagar. La cantidad solicitada a pagar se mostrar\u00e1 en la pantalla mientras espera por el pago.<\/p>\n<p>Aceptar\u00e1 monedas y billetes para ejecutar el pago hasta ser completado, si el caso lo amerita le devolver\u00e1 su respectivo cambio. Al completar el proceso de pago el cajero le devolver\u00e1 su Chip Coin con la informaci\u00f3n de pago actualizada y lista para su validaci\u00f3n de salida del estacionamiento.<\/p>\n<p>&nbsp;<\/p>\n<\/div>\n<\/div>\n<hr class=\"padding-bottom-2x\" \/>\n<div class=\"row aling-items-center padding-bottom-2x\">\n<div class=\"col-lg-12\">\n<h5 class=\"card-title text-center\">Especificaciones<\/h5>\n<p>Temperatura de trabajo -10 a 50\u00b0C<\/p>\n<p>Fuente 110\/220 V AC, 3.4\/1.7 A a 50\/60 Hz<\/p>\n<p>Peso 283 Kg<\/p>\n<p>Poder 250 W<\/p>\n<p>Dimensiones (ancho,largo,alto): 868 x 660 x 188 mm\u00a0(\u00b13%)<\/p>\n<ul>\n<li>ChipCoin Mifare lector \/ escritor<\/li>\n<li>IPC &#8211; Industrial de baja potencia,\u00a0tama\u00f1o medio de la placa de la CPU pentium.<\/li>\n<li>aislado tarjeta de E \/ S digital.<\/li>\n<li>Pantalla est\u00e1ndar a color LCD-TFT.\u00a0(Pantalla t\u00e1ctil a petici\u00f3n)<\/li>\n<li>Impresora t\u00e9rmica de recibo de pago y la impresi\u00f3n de informes de cambios.<\/li>\n<li>altavoces multimedia.<\/li>\n<li>dispositivo Sub-intercomunicador.<\/li>\n<li>Validador\/ colector de billetes<\/li>\n<\/ul>\n<p class=\"ql-indent-1\">-Multi-Ancho y validaci\u00f3n de cuatro v\u00edas.<\/p>\n<p class=\"ql-indent-1\">&#8211; De un solo apilamiento de cassette con cerradura de seguridad (capacidad: 1.000 notas).<\/p>\n<ul>\n<li>Validador de Monedas:-Cierre de seguridad autom\u00e1tico; s\u00f3lo se abre cuando est\u00e1 en espera del pago.<\/li>\n<\/ul>\n<p class=\"ql-indent-1\">&#8211; Aceptar varios tipos de monedas en una sola ranura.<\/p>\n<ul>\n<li>Tolva de Monedas:<\/li>\n<\/ul>\n<p class=\"ql-indent-1\">&#8211; Est\u00e1ndar 3 (m\u00e1x. 4). Tolvas para monedas de diferente denominaci\u00f3n y almacenamiento<\/p>\n<ul>\n<li>proporciona 3 (m\u00e1x. 4) monedas de cambio.<\/li>\n<\/ul>\n<p class=\"ql-indent-1\">&#8211; Un tama\u00f1o de almacenamiento de 500 ~ 1000 monedas por la tolva (depende del tama\u00f1o de la moneda)<\/p>\n<ul>\n<li>Gabinete:<\/li>\n<\/ul>\n<p class=\"ql-indent-1\">&#8211; Acero laminado en caliente, espesor de 3,0 mm para trabajo pesado, panel de la puerta delantera y<\/p>\n<ul>\n<li>\u00a02.0mm para el gabinete entero<\/li>\n<\/ul>\n<p class=\"ql-indent-1\">&#8211; Termolacado en poli\u00e9ster.<\/p>\n<p class=\"ql-indent-1\">&#8211; Desmontable de acero inoxidable SUS430 (espesor 3,0 mm) a la base del gabinete prolonga la vida \u00fatil\u00a0y es de f\u00e1cil instalaci\u00f3n.<\/p>\n<p class=\"ql-indent-1\">&#8211; Sistema de ventilaci\u00f3n.<\/p>\n<p class=\"ql-indent-1\">&#8211; Servicio la iluminaci\u00f3n interna.<\/p>\n<ul>\n<li>seguimiento y control de alarma:<\/li>\n<\/ul>\n<p class=\"ql-indent-1\">&#8211; Monitoreo de alarmas en tiempo real y alerta a la administraci\u00f3n central.<\/p>\n<p class=\"ql-indent-1\">&#8211; Tipos de alarma: la intrusi\u00f3n del gabinete \/ colisi\u00f3n \/ billete de banco completo,\u00a0errores debajo de la\u00a0moneda\/ dispositivo de comunicaci\u00f3n &#8230; etc.<\/p>\n<p class=\"ql-indent-1\">&#8211; Lista negra alerta para el Servidor de administraci\u00f3n central.<\/p>\n<p class=\"ql-indent-1\">&#8211; La alarma de intrusi\u00f3n ilegal.<\/p>\n<ul>\n<li>La funci\u00f3n de impresi\u00f3n de recibos se puede configurar en tres modos: S\u00ed \/ No \/ Pregunta.<\/li>\n<\/ul>\n<p><strong>Opciones:<\/strong><\/p>\n<ul>\n<li>Renovar la integraci\u00f3n de servicios de pago al sistema de tarjetas de otra estaci\u00f3n de pago.<\/li>\n<li>Funci\u00f3n de emisi\u00f3n de tickets perdidos\u00a0(con un dispensador de tickets).<\/li>\n<li>Integraci\u00f3n de servicio de pago con tarjeta de cr\u00e9dito (con un lector de tarjetas de cr\u00e9dito).<\/li>\n<li>El material de la carcasa y el color son personalizables<\/li>\n<li>Proporciona cambio de billetes de banco: validador de billetes mejorado.<\/li>\n<li>dispositivo de monedas de dep\u00f3sito.<\/li>\n<\/ul>\n<p><img decoding=\"async\" class=\"overview-center-img-web\" src=\"https:\/\/tvc.mx\/media\/27809\/bannercentral01.jpg\" alt=\"\" \/><\/div>\n<\/div>\n","protected":false},"excerpt":{"rendered":"<p>Descripci\u00f3n El CAPS209 es una estaci\u00f3n de pago autom\u00e1tico usada en estacionamientos\u00a0CPS200. Adopta la tecnolog\u00eda de las Chipoins\u00a0(MifareIC por dentro) como ticket de estacionamiento y proporciona un servicio de pago f\u00e1cil y conveniente. En caso de ser desconectado de la red , el CAPS209 puede&hellip;<\/p>\n","protected":false},"featured_media":9454,"comment_status":"open","ping_status":"closed","template":"","meta":{"om_disable_all_campaigns":false,"_monsterinsights_skip_tracking":false,"_monsterinsights_sitenote_active":false,"_monsterinsights_sitenote_note":"","_monsterinsights_sitenote_category":0},"product_brand":[],"product_cat":[858],"product_tag":[81,727,730,66,731,728,729],"class_list":{"0":"post-9455","1":"product","2":"type-product","3":"status-publish","4":"has-post-thumbnail","6":"product_cat-sistema-de-cobro","7":"product_tag-acceso-y-asistencia","8":"product_tag-cerraduras","9":"product_tag-commax-wulian","10":"product_tag-dahua","11":"product_tag-wejoin","12":"product_tag-yli","13":"product_tag-zkteco","15":"first","16":"instock","17":"sale","18":"taxable","19":"shipping-taxable","20":"purchasable","21":"product-type-simple"},"aioseo_notices":[],"_links":{"self":[{"href":"https:\/\/tecsecmty.com\/index.php\/wp-json\/wp\/v2\/product\/9455","targetHints":{"allow":["GET"]}}],"collection":[{"href":"https:\/\/tecsecmty.com\/index.php\/wp-json\/wp\/v2\/product"}],"about":[{"href":"https:\/\/tecsecmty.com\/index.php\/wp-json\/wp\/v2\/types\/product"}],"replies":[{"embeddable":true,"href":"https:\/\/tecsecmty.com\/index.php\/wp-json\/wp\/v2\/comments?post=9455"}],"version-history":[{"count":2,"href":"https:\/\/tecsecmty.com\/index.php\/wp-json\/wp\/v2\/product\/9455\/revisions"}],"predecessor-version":[{"id":9498,"href":"https:\/\/tecsecmty.com\/index.php\/wp-json\/wp\/v2\/product\/9455\/revisions\/9498"}],"wp:featuredmedia":[{"embeddable":true,"href":"https:\/\/tecsecmty.com\/index.php\/wp-json\/wp\/v2\/media\/9454"}],"wp:attachment":[{"href":"https:\/\/tecsecmty.com\/index.php\/wp-json\/wp\/v2\/media?parent=9455"}],"wp:term":[{"taxonomy":"product_brand","embeddable":true,"href":"https:\/\/tecsecmty.com\/index.php\/wp-json\/wp\/v2\/product_brand?post=9455"},{"taxonomy":"product_cat","embeddable":true,"href":"https:\/\/tecsecmty.com\/index.php\/wp-json\/wp\/v2\/product_cat?post=9455"},{"taxonomy":"product_tag","embeddable":true,"href":"https:\/\/tecsecmty.com\/index.php\/wp-json\/wp\/v2\/product_tag?post=9455"}],"curies":[{"name":"wp","href":"https:\/\/api.w.org\/{rel}","templated":true}]}}