{"id":9457,"date":"2023-02-23T22:43:30","date_gmt":"2023-02-24T04:43:30","guid":{"rendered":"https:\/\/tecsecmty.com\/index.php\/producto\/parktron-ccst209-estacion-de-cobro-manual-para-chipcoin-incluye-software-lector-con-conexion-usb-miniprinter-cajon-para-efectivo-no-incluye-pc\/"},"modified":"2023-03-22T23:23:44","modified_gmt":"2023-03-23T05:23:44","slug":"parktron-ccst209-estacion-de-cobro-manual-para-chipcoin-incluye-software-lector-con-conexion-usb-miniprinter-cajon-para-efectivo-no-incluye-pc","status":"publish","type":"product","link":"https:\/\/tecsecmty.com\/index.php\/producto\/parktron-ccst209-estacion-de-cobro-manual-para-chipcoin-incluye-software-lector-con-conexion-usb-miniprinter-cajon-para-efectivo-no-incluye-pc\/","title":{"rendered":"PARKTRON CCST209 &#8211; Estaci\u00f3n de cobro manual para chipcoin \/ Incluye software, lector con conexion USB, miniprinter, caj\u00f3n para efectivo, NO INCLUYE PC"},"content":{"rendered":"<div class=\"row aling-items-center padding-bottom-2x\">\n<div class=\"col-lg-12\">\n<h5 class=\"card-title text-center\">Informaci\u00f3n General<\/h5>\n<p class=\"ql-align-justify\">Una Estaci\u00f3n de Pago CCST209 es un equipo POS o estaci\u00f3n de cobro manipulado por una persona mediante el uso de Software (CPS2000 ) instalado en una PC para la admnistraci\u00f3n de un sistema de Estacionamiento. Es compatible con fichas (Tarjetas) Chipcoins (Mifare\u00ae IC ) donde Necesitamos de una Terminal de entrada que despacha la ficha o chip coin a los vehiculos dentro del estacionamiento. En caso de falla en la red, el sistema de estacionamiento tiene la capacidad de ser operado en modo independiente (OFF LINE); los datos se guardar\u00e1n fuera de l\u00ednea y luego seran enviados de vuelta al Servidor de administraci\u00f3n central una ve que el equipo reestablezca su comunicacion via red (TCP\/IP)<\/p>\n<p class=\"ql-align-justify\">La estacion de pago manual lee los datos codificados contenidos en un ChipCoin, calcula y muestra la cantidad en pantalla del cobro a realizarse deacuerdo a la(s) tarifas configuradas desde nuestro sistema de estacionamiento. Una vez que se realiza el pago el sistema permite la impresion de un ticket de pago con datos como la hora de entrada y salida, Nombre del estacionamiento, etc.,\u00a0el ChipCoin esta listo para ser reingresado a una estacion de entrada ahora el vehiculo puede salir del Estacionamiento<\/p>\n<p><img decoding=\"async\" class=\"overview-center-img-web\" src=\"https:\/\/tvc.mx\/media\/601207\/Estaci%C3%B3n-de-Cobro-Manual-para-Chipcoin-Incluye-Software-Descripci%C3%B3n-CCST209-PARKTRON.png\" alt=\"\" \/><\/div>\n<\/div>\n<div class=\"row align-items-center padding-bottom-2x\">\n<div class=\"col-md-5 order-md-2\"><img decoding=\"async\" class=\"d-block m-auto img-thumbnail\" src=\"https:\/\/tvc.mx\/media\/17104\/izqderchCPU.jpg\" alt=\" \" \/><\/div>\n<div class=\"col-md-7 order-md-1 text-md-left text-center\">\n<h2>Especificaciones:<\/h2>\n<p class=\"text-muted\">\n<p><strong>SE REQUIERE UNA PC CON LAS SIGUIENTES CARACTERISTICAS (NO INCLUIDA):<\/strong><\/p>\n<p><strong>Equipo POS:<\/strong><\/p>\n<p>&#8211; CPU: Intel i3 (2,6 GHz) o superior.<\/p>\n<p>Memoria:<\/p>\n<p>&#8211; 8 GB de RAM o superior.<\/p>\n<p>&#8211; Disco duro HDD de 500 gb o SSD desde 120 GB.<\/p>\n<p>&#8211; Interfaz: IEEE 802.3, 100\/1000 Mbps Ethernet.<\/p>\n<p>&#8211; Monitor 17 \u00abLCD TFT a color.<\/p>\n<p>&#8211; Disponibilidad de puertos usb (5).<\/p>\n<p><strong>EQUIPO INCLUIDO:<\/strong><\/p>\n<p>Lector \/ escritor de ChipCoin .<\/p>\n<p>Impresora de recibos (Miniprinter):<\/p>\n<p>&#8211; M\u00e9todo de impresi\u00f3n: t\u00e9rmica directa.<\/p>\n<p>&#8211; Velocidad de impresi\u00f3n: 25 RPM (6 pulgadas por minuto).<\/p>\n<p>&#8211; Ancho del papel: 60 mm.<\/p>\n<p>Caj\u00f3n de dinero: 4 bandejas para billetes, 8 bandejas para monedas.<\/p>\n<p><strong>CARACTERISTICAS TECNICAS:<\/strong><\/p>\n<p>Temperatura de trabajo: 0 ~ 50 \u00b0 C.<\/p>\n<p>El\u00e9ctrica: 110 VAC 60Hz.<\/p>\n<p><strong>CARACTERISTICAS DEL SOFTWARE:<\/strong><\/p>\n<p>Software POS de la aplicaci\u00f3n:<\/p>\n<p>&#8211; Administraci\u00f3n entrada:<\/p>\n<p>&#8211; Nombre de usuario \/ contrase\u00f1a de inicio de sesi\u00f3n o la tarjeta de la autorizaci\u00f3n necesaria.<\/p>\n<p>&#8211; M\u00faltiples niveles de autorizaci\u00f3n se pueden aplicar para la configuraci\u00f3n diferente<\/p>\n<p>grupo de funciones del sistema.<\/p>\n<p>Configuraci\u00f3n de tasa Aparcamiento descargar desde el servidor:<\/p>\n<p>&#8211; Zona horaria.<\/p>\n<p>&#8211; D\u00eda de la semana.<\/p>\n<p>&#8211; Vacaciones.<\/p>\n<p>&#8211; Tiempo de cortes\u00eda.<\/p>\n<p>&#8211; Tiempo de gracia.<\/p>\n<p>&#8211; C\u00e1lculo de la Comisi\u00f3n en boletos perdidos.<\/p>\n<p>Selecci\u00f3n Descuento:<\/p>\n<p>&#8211; Cantidad.<\/p>\n<p>&#8211; Porcentaje.<\/p>\n<p>&#8211; Horas.<\/p>\n<p>Informe de cambio de operador<\/p>\n<p>&nbsp;<\/p>\n<p>&nbsp;<\/p>\n<\/div>\n<\/div>\n<hr class=\"padding-bottom-2x\" \/>\n<div class=\"row aling-items-center padding-bottom-2x\">\n<div class=\"col-lg-12\">\n<h5 class=\"card-title text-center\">Opciones<\/h5>\n<ul>\n<li>Lector de tarjetas Mifare\u00a0(tipo de montaje en pared) para sistema de tarjeta de temporada.<\/li>\n<li>Pantalla t\u00e1ctil TFT LCD en color para la visualizaci\u00f3n del operador<\/li>\n<\/ul>\n<\/div>\n<\/div>\n","protected":false},"excerpt":{"rendered":"<p>Informaci\u00f3n General Una Estaci\u00f3n de Pago CCST209 es un equipo POS o estaci\u00f3n de cobro manipulado por una persona mediante el uso de Software (CPS2000 ) instalado en una PC para la admnistraci\u00f3n de un sistema de Estacionamiento. Es compatible con fichas (Tarjetas) Chipcoins (Mifare\u00ae&hellip;<\/p>\n","protected":false},"featured_media":9456,"comment_status":"open","ping_status":"closed","template":"","meta":{"om_disable_all_campaigns":false,"_monsterinsights_skip_tracking":false,"_monsterinsights_sitenote_active":false,"_monsterinsights_sitenote_note":"","_monsterinsights_sitenote_category":0},"product_brand":[],"product_cat":[858],"product_tag":[81,727,730,66,731,728,729],"class_list":{"0":"post-9457","1":"product","2":"type-product","3":"status-publish","4":"has-post-thumbnail","6":"product_cat-sistema-de-cobro","7":"product_tag-acceso-y-asistencia","8":"product_tag-cerraduras","9":"product_tag-commax-wulian","10":"product_tag-dahua","11":"product_tag-wejoin","12":"product_tag-yli","13":"product_tag-zkteco","15":"first","16":"instock","17":"sale","18":"taxable","19":"shipping-taxable","20":"purchasable","21":"product-type-simple"},"aioseo_notices":[],"_links":{"self":[{"href":"https:\/\/tecsecmty.com\/index.php\/wp-json\/wp\/v2\/product\/9457","targetHints":{"allow":["GET"]}}],"collection":[{"href":"https:\/\/tecsecmty.com\/index.php\/wp-json\/wp\/v2\/product"}],"about":[{"href":"https:\/\/tecsecmty.com\/index.php\/wp-json\/wp\/v2\/types\/product"}],"replies":[{"embeddable":true,"href":"https:\/\/tecsecmty.com\/index.php\/wp-json\/wp\/v2\/comments?post=9457"}],"version-history":[{"count":2,"href":"https:\/\/tecsecmty.com\/index.php\/wp-json\/wp\/v2\/product\/9457\/revisions"}],"predecessor-version":[{"id":9496,"href":"https:\/\/tecsecmty.com\/index.php\/wp-json\/wp\/v2\/product\/9457\/revisions\/9496"}],"wp:featuredmedia":[{"embeddable":true,"href":"https:\/\/tecsecmty.com\/index.php\/wp-json\/wp\/v2\/media\/9456"}],"wp:attachment":[{"href":"https:\/\/tecsecmty.com\/index.php\/wp-json\/wp\/v2\/media?parent=9457"}],"wp:term":[{"taxonomy":"product_brand","embeddable":true,"href":"https:\/\/tecsecmty.com\/index.php\/wp-json\/wp\/v2\/product_brand?post=9457"},{"taxonomy":"product_cat","embeddable":true,"href":"https:\/\/tecsecmty.com\/index.php\/wp-json\/wp\/v2\/product_cat?post=9457"},{"taxonomy":"product_tag","embeddable":true,"href":"https:\/\/tecsecmty.com\/index.php\/wp-json\/wp\/v2\/product_tag?post=9457"}],"curies":[{"name":"wp","href":"https:\/\/api.w.org\/{rel}","templated":true}]}}