{"id":9459,"date":"2023-02-23T22:43:31","date_gmt":"2023-02-24T04:43:31","guid":{"rendered":"https:\/\/tecsecmty.com\/index.php\/producto\/parktron-cent2097-terminal-de-entrada-dispensadora-de-chipcoin-para-sistema-de-cobro-de-estacionamientos-pantalla-de-7-pulgadas-lectora-pensionados-sobrepedido\/"},"modified":"2023-03-22T23:23:44","modified_gmt":"2023-03-23T05:23:44","slug":"parktron-cent2097-terminal-de-entrada-dispensadora-de-chipcoin-para-sistema-de-cobro-de-estacionamientos-pantalla-de-7-pulgadas-lectora-pensionados-sobrepedido","status":"publish","type":"product","link":"https:\/\/tecsecmty.com\/index.php\/producto\/parktron-cent2097-terminal-de-entrada-dispensadora-de-chipcoin-para-sistema-de-cobro-de-estacionamientos-pantalla-de-7-pulgadas-lectora-pensionados-sobrepedido\/","title":{"rendered":"PARKTRON CENT2097 &#8211; Terminal de entrada dispensadora de chipcoin para sistema de cobro de estacionamientos\/ pantalla de 7 pulgadas\/ Lectora pensionados\/ Sobrepedido"},"content":{"rendered":"<h5 class=\"card-title text-center\">Descripci\u00f3n<\/h5>\n<p class=\"ql-align-justify\">El equipo con modelo <strong>CENT2097 <\/strong>es una Terminal de entrada utilizada en sistemas de estacionamiento (CPS2000). Usa tecnolog\u00eda Chipcoins (Mifare\u00ae IC) como tickets de estacionamiento y proporciona un control de entrada r\u00e1pida y f\u00e1cil en un estacionamiento. En caso de una falla en la red, el sistema de estacionamiento tiene la capacidad de ser operado en modo independiente (OFF LINE); los datos se guardar\u00e1n fuera de l\u00ednea y luego seran enviados de vuelta al Servidor de administraci\u00f3n central una ve que el equipo reestablezca su comunicacion via red (TCP\/IP)<\/p>\n<p class=\"ql-align-justify\">El equipo contiene una pantalla monocromatica para mostrar instrucciones en texto asi como un altavoz multimedia para proporcionan una interfaz f\u00e1cil de usar. El proceso inicia cuando es detectado un Vehiculo, la terminal de entrada emite instruciones atraves del altavoz como tambien en la pantalla, el Usuario debbera presionar el boton para la expedicion de un Chipcoin el cual ser\u00e1 grabado con los datos de Numero de la entrada, la hora, y el ID de Terminal para posteriormente levantar la pluma para el ingreso a nuestro sistema de estacionamiento<\/p>\n<p class=\"ql-align-justify\">Para los Chipcoins dispensados que no son utilizados o tomados por el conductor son reciclados y enviados a una lista negra de la misma manera aquellos chipcoin que son ingresados en una terminal de Salida<\/p>\n<p class=\"ql-align-justify\"><strong>Especificaciones:<\/strong><\/p>\n<ul>\n<li class=\"ql-align-justify\">Motorizado ChipCoin lector \/ escritor \/ distribuidor \/ colector:<\/li>\n<li class=\"ql-align-justify\">Capacidad del boleto: 550 Chipcoins.<\/li>\n<li class=\"ql-align-justify\">Placa de control del sistema Linux incorporado.<\/li>\n<li class=\"ql-align-justify\">Tarjeta de control de E \/ S digital aislada.<\/li>\n<li class=\"ql-align-justify\">Pantalla de texto LCD en monocromo (240 x 60 puntos).<\/li>\n<li class=\"ql-align-justify\">Altavoz multimedia<\/li>\n<li class=\"ql-align-justify\">Dispositivo de subintercom.<\/li>\n<li class=\"ql-align-justify\">Gabinete:<\/li>\n<li class=\"ql-align-justify\">2.0 mm de espesor de acero laminado en caliente de alta resistencia.<\/li>\n<li class=\"ql-align-justify\">Recubrimiento en polvo de poli\u00e9ster.<\/li>\n<li class=\"ql-align-justify\">Base de armario de acero inoxidable SUS430.<\/li>\n<li class=\"ql-align-justify\">Temperatura de trabajo: -10 ~ 50 \u00b0 C.<\/li>\n<li class=\"ql-align-justify\">El\u00e9ctrico: 110 o 220 VCA, 50 \/ 60Hz.<\/li>\n<li class=\"ql-align-justify\">Dimensiones: W500mm x D500mm x H1300mm (\u00b1 3%).<\/li>\n<li class=\"ql-align-justify\">Peso: 80kgs (\u00b1 3%).<\/li>\n<\/ul>\n<p class=\"ql-align-justify\"><strong>Opciones:<\/strong><\/p>\n<ul>\n<li class=\"ql-align-justify\">Pantalla TFT-LCD de 7 \u00ab.<\/li>\n<li class=\"ql-align-justify\">Lector de tarjetas Mifare\u00ae (tipo de montaje en pared) para sistema de tarjeta de temporada (suscriptor).<\/li>\n<li class=\"ql-align-justify\">Dispensador secundario Chipcoin para un sistema de dispensadores duales de un total de capacidad de 1100 Chipcoins.<\/li>\n<li class=\"ql-align-justify\">Un m\u00f3dulo de tolva Chipcoin de dispensaci\u00f3n hacia arriba para una capacidad 2000 ampliada de Chipcoins.<\/li>\n<li class=\"ql-align-justify\">Material y color personalizados del gabinete.<\/li>\n<\/ul>\n<p class=\"ql-align-justify\"><strong>Que necesito para que mi equipo funcione:<\/strong><\/p>\n<ul>\n<li class=\"ql-align-justify\">Estaci\u00f3n autom\u00e1tica de pago o\u00a0Estaci\u00f3n de Pago basada en PC (POS)<\/li>\n<li class=\"ql-align-justify\">Colector de ticket<\/li>\n<li class=\"ql-align-justify\">Chipcoin<\/li>\n<li class=\"ql-align-justify\">Loop para detecci\u00f3n de automoviles (cable calibre 16 &#8211; 18)<\/li>\n<li class=\"ql-align-justify\">Barrera<\/li>\n<li class=\"ql-align-justify\">Server<\/li>\n<\/ul>\n<p><img decoding=\"async\" class=\"overview-center-img-web\" src=\"https:\/\/tvc.mx\/media\/42708\/PPS1010017-centro.png\" alt=\"\" \/><\/p>\n","protected":false},"excerpt":{"rendered":"<p>Descripci\u00f3n El equipo con modelo CENT2097 es una Terminal de entrada utilizada en sistemas de estacionamiento (CPS2000). Usa tecnolog\u00eda Chipcoins (Mifare\u00ae IC) como tickets de estacionamiento y proporciona un control de entrada r\u00e1pida y f\u00e1cil en un estacionamiento. En caso de una falla en la&hellip;<\/p>\n","protected":false},"featured_media":9458,"comment_status":"open","ping_status":"closed","template":"","meta":{"om_disable_all_campaigns":false,"_monsterinsights_skip_tracking":false,"_monsterinsights_sitenote_active":false,"_monsterinsights_sitenote_note":"","_monsterinsights_sitenote_category":0},"product_brand":[],"product_cat":[858],"product_tag":[81,727,730,66,731,728,729],"class_list":{"0":"post-9459","1":"product","2":"type-product","3":"status-publish","4":"has-post-thumbnail","6":"product_cat-sistema-de-cobro","7":"product_tag-acceso-y-asistencia","8":"product_tag-cerraduras","9":"product_tag-commax-wulian","10":"product_tag-dahua","11":"product_tag-wejoin","12":"product_tag-yli","13":"product_tag-zkteco","15":"first","16":"instock","17":"sale","18":"taxable","19":"shipping-taxable","20":"purchasable","21":"product-type-simple"},"aioseo_notices":[],"_links":{"self":[{"href":"https:\/\/tecsecmty.com\/index.php\/wp-json\/wp\/v2\/product\/9459","targetHints":{"allow":["GET"]}}],"collection":[{"href":"https:\/\/tecsecmty.com\/index.php\/wp-json\/wp\/v2\/product"}],"about":[{"href":"https:\/\/tecsecmty.com\/index.php\/wp-json\/wp\/v2\/types\/product"}],"replies":[{"embeddable":true,"href":"https:\/\/tecsecmty.com\/index.php\/wp-json\/wp\/v2\/comments?post=9459"}],"version-history":[{"count":1,"href":"https:\/\/tecsecmty.com\/index.php\/wp-json\/wp\/v2\/product\/9459\/revisions"}],"predecessor-version":[{"id":9494,"href":"https:\/\/tecsecmty.com\/index.php\/wp-json\/wp\/v2\/product\/9459\/revisions\/9494"}],"wp:featuredmedia":[{"embeddable":true,"href":"https:\/\/tecsecmty.com\/index.php\/wp-json\/wp\/v2\/media\/9458"}],"wp:attachment":[{"href":"https:\/\/tecsecmty.com\/index.php\/wp-json\/wp\/v2\/media?parent=9459"}],"wp:term":[{"taxonomy":"product_brand","embeddable":true,"href":"https:\/\/tecsecmty.com\/index.php\/wp-json\/wp\/v2\/product_brand?post=9459"},{"taxonomy":"product_cat","embeddable":true,"href":"https:\/\/tecsecmty.com\/index.php\/wp-json\/wp\/v2\/product_cat?post=9459"},{"taxonomy":"product_tag","embeddable":true,"href":"https:\/\/tecsecmty.com\/index.php\/wp-json\/wp\/v2\/product_tag?post=9459"}],"curies":[{"name":"wp","href":"https:\/\/api.w.org\/{rel}","templated":true}]}}