{"id":9461,"date":"2023-02-23T22:43:33","date_gmt":"2023-02-24T04:43:33","guid":{"rendered":"https:\/\/tecsecmty.com\/index.php\/producto\/parktron-cext2097-terminal-de-salida-colectora-de-chipcoins-para-sistema-de-cobro-de-estacionamientos-pantalla-de-7-pulgadas-lectora-de-pensionados\/"},"modified":"2023-03-22T23:23:44","modified_gmt":"2023-03-23T05:23:44","slug":"parktron-cext2097-terminal-de-salida-colectora-de-chipcoins-para-sistema-de-cobro-de-estacionamientos-pantalla-de-7-pulgadas-lectora-de-pensionados","status":"publish","type":"product","link":"https:\/\/tecsecmty.com\/index.php\/producto\/parktron-cext2097-terminal-de-salida-colectora-de-chipcoins-para-sistema-de-cobro-de-estacionamientos-pantalla-de-7-pulgadas-lectora-de-pensionados\/","title":{"rendered":"PARKTRON CEXT2097 &#8211; Terminal de salida, colectora de chipcoins para sistema de cobro de estacionamientos\/ Pantalla de 7 pulgadas\/ Lectora de pensionados"},"content":{"rendered":"<h5 class=\"card-title text-center\">Descripcion<\/h5>\n<p class=\"ql-align-justify\">Una Terminal de Salida con modelo <strong>CEXT2097 <\/strong>trabaja con la tecnologia ChipCoins (Mifare\u00ae IC), una terminal de Entrada expide un chipcoin donde contiene la hora de entrada, numero de terminal, etc., una vez que es pagada en una estaci\u00f3n de pago ATM (CAP209) esta es escrita con la hora de salida y realiza la impresion de un Ticket con la informacion, con esto podr\u00e1 ser leida o interpretada por nuestra Terminal de Salida y que el vehiculo pueda salir de manera facil y segura del Estacionamiento.<\/p>\n<p class=\"ql-align-justify\">En caso de una falla en la red, el sistema de estacionamiento tiene la capacidad de ser operado en modo independiente (OFF LINE); los datos se guardar\u00e1n fuera de l\u00ednea y luego seran enviados de vuelta al Servidor de administraci\u00f3n central una ve que el equipo reestablezca su comunicacion via red (TCP\/IP).<\/p>\n<p class=\"ql-align-justify\">Para los Chipcoins dispensados que no son utilizados o tomados por el conductor son reciclados y enviados a una lista negra de la misma manera aquellos chipcoin que son ingresados en una terminal de Salida.<\/p>\n<p class=\"ql-align-justify\"><strong>Especificaciones:<\/strong><\/p>\n<ul>\n<li class=\"ql-align-justify\">Lector \/ escritor de Chipcoin y coleccionista.<\/li>\n<li class=\"ql-align-justify\">Mecanismo de lectura \/ escritura sin contacto.<\/li>\n<li class=\"ql-align-justify\">Placa de control del sistema Linux incorporado.<\/li>\n<li class=\"ql-align-justify\">Tarjeta de control de E \/ S digital aislada.<\/li>\n<li class=\"ql-align-justify\">Pantalla de texto LCD en monocromo (240 x 60 puntos). Dise\u00f1o de protector de pantalla, prolongar el ciclo de vida del LCD.<\/li>\n<li class=\"ql-align-justify\">Altavoz multimedia.<\/li>\n<li class=\"ql-align-justify\">Intercomunicador de dos v\u00edas<\/li>\n<\/ul>\n<p class=\"ql-align-justify\"><strong>Gabinete<\/strong>:<\/p>\n<ul>\n<li class=\"ql-align-justify\">Acero laminado en caliente de trabajo pesado de 2,0 mm de espesor.<\/li>\n<li class=\"ql-align-justify\">Recubrimiento en polvo de poli\u00e9ster.<\/li>\n<li class=\"ql-align-justify\">Sistema de ventilaci\u00f3n coordinado por termostato.<\/li>\n<li class=\"ql-align-justify\">Iluminaci\u00f3n de servicio interno. Dise\u00f1o de ahorro de energ\u00eda, activar solo cuando las puertas del gabinete se abren.<\/li>\n<\/ul>\n<p class=\"ql-align-justify\"><strong>Monitoreo y control de alarmas:<\/strong><\/p>\n<ul>\n<li class=\"ql-align-justify\">Monitoreo de alarmas en tiempo real y alerta a la Administraci\u00f3n Central Servidor.<\/li>\n<li class=\"ql-align-justify\">Tipos de alarma: intrusi\u00f3n \/ colisi\u00f3n del gabinete, boleto bajo \/ vac\u00edo, dispositivo \/errores de comunicaci\u00f3n &#8230; etc.<\/li>\n<\/ul>\n<p class=\"ql-align-justify\"><strong>Principales Caracter\u00edsticas:<\/strong><\/p>\n<ul>\n<li class=\"ql-align-justify\">Tablero de control del sistema Embedded Linux.<\/li>\n<li class=\"ql-align-justify\">Placa aislada E \/ S digital de control.<\/li>\n<li class=\"ql-align-justify\">Pantalla de texto LCD Monocromo (240 x 60 puntos).<\/li>\n<li class=\"ql-align-justify\">Altavoces multimedia.<\/li>\n<li class=\"ql-align-justify\">Sub-intercom dispositivo.<\/li>\n<li class=\"ql-align-justify\">Gabinete:<\/li>\n<li class=\"ql-align-justify\">2,0 mm de espesor resistente de acero laminado en caliente.<\/li>\n<li class=\"ql-align-justify\">Poli\u00e9ster recubrimiento.<\/li>\n<li class=\"ql-align-justify\">SUS430 base del gabinete de acero inoxidable.<\/li>\n<li class=\"ql-align-justify\">Temperatura de trabajo: -10 ~ 50 \u00b0 C.<\/li>\n<li class=\"ql-align-justify\">El\u00e9ctrica: 110 VAC, 50\/60Hz.<\/li>\n<li class=\"ql-align-justify\">Dimensiones: W500mm x D500mm x H1300mm (\u00b1 3%).<\/li>\n<li class=\"ql-align-justify\">Peso: 80kgs (\u00b1 3%).<\/li>\n<\/ul>\n<p class=\"ql-align-justify\"><strong>Opciones:<\/strong><\/p>\n<ul>\n<li class=\"ql-align-justify\">Pantalla TFT-LCD a color de 7 \u00ab.<\/li>\n<li class=\"ql-align-justify\">Lector de tarjetas Mifare\u00ae (tipo de montaje en pared) para tarjeta de temporada<\/li>\n<li class=\"ql-align-justify\">(subscriptor) sistema.<\/li>\n<li class=\"ql-align-justify\">Base de armario de acero inoxidable SUS430 para prolongar la vida \u00fatil.<\/li>\n<li class=\"ql-align-justify\">Material y color personalizados del gabinete.<\/li>\n<\/ul>\n<p><img decoding=\"async\" class=\"overview-center-img-web\" src=\"https:\/\/tvc.mx\/media\/42732\/CEXT2097---Terminal-de-salida.png\" alt=\"\" \/><\/p>\n","protected":false},"excerpt":{"rendered":"<p>Descripcion Una Terminal de Salida con modelo CEXT2097 trabaja con la tecnologia ChipCoins (Mifare\u00ae IC), una terminal de Entrada expide un chipcoin donde contiene la hora de entrada, numero de terminal, etc., una vez que es pagada en una estaci\u00f3n de pago ATM (CAP209) esta&hellip;<\/p>\n","protected":false},"featured_media":9460,"comment_status":"open","ping_status":"closed","template":"","meta":{"om_disable_all_campaigns":false,"_monsterinsights_skip_tracking":false,"_monsterinsights_sitenote_active":false,"_monsterinsights_sitenote_note":"","_monsterinsights_sitenote_category":0},"product_brand":[],"product_cat":[858],"product_tag":[81,727,730,66,731,728,729],"class_list":{"0":"post-9461","1":"product","2":"type-product","3":"status-publish","4":"has-post-thumbnail","6":"product_cat-sistema-de-cobro","7":"product_tag-acceso-y-asistencia","8":"product_tag-cerraduras","9":"product_tag-commax-wulian","10":"product_tag-dahua","11":"product_tag-wejoin","12":"product_tag-yli","13":"product_tag-zkteco","15":"first","16":"instock","17":"sale","18":"taxable","19":"shipping-taxable","20":"purchasable","21":"product-type-simple"},"aioseo_notices":[],"_links":{"self":[{"href":"https:\/\/tecsecmty.com\/index.php\/wp-json\/wp\/v2\/product\/9461","targetHints":{"allow":["GET"]}}],"collection":[{"href":"https:\/\/tecsecmty.com\/index.php\/wp-json\/wp\/v2\/product"}],"about":[{"href":"https:\/\/tecsecmty.com\/index.php\/wp-json\/wp\/v2\/types\/product"}],"replies":[{"embeddable":true,"href":"https:\/\/tecsecmty.com\/index.php\/wp-json\/wp\/v2\/comments?post=9461"}],"version-history":[{"count":1,"href":"https:\/\/tecsecmty.com\/index.php\/wp-json\/wp\/v2\/product\/9461\/revisions"}],"predecessor-version":[{"id":9493,"href":"https:\/\/tecsecmty.com\/index.php\/wp-json\/wp\/v2\/product\/9461\/revisions\/9493"}],"wp:featuredmedia":[{"embeddable":true,"href":"https:\/\/tecsecmty.com\/index.php\/wp-json\/wp\/v2\/media\/9460"}],"wp:attachment":[{"href":"https:\/\/tecsecmty.com\/index.php\/wp-json\/wp\/v2\/media?parent=9461"}],"wp:term":[{"taxonomy":"product_brand","embeddable":true,"href":"https:\/\/tecsecmty.com\/index.php\/wp-json\/wp\/v2\/product_brand?post=9461"},{"taxonomy":"product_cat","embeddable":true,"href":"https:\/\/tecsecmty.com\/index.php\/wp-json\/wp\/v2\/product_cat?post=9461"},{"taxonomy":"product_tag","embeddable":true,"href":"https:\/\/tecsecmty.com\/index.php\/wp-json\/wp\/v2\/product_tag?post=9461"}],"curies":[{"name":"wp","href":"https:\/\/api.w.org\/{rel}","templated":true}]}}