{"id":9465,"date":"2023-02-23T22:43:37","date_gmt":"2023-02-24T04:43:37","guid":{"rendered":"https:\/\/tecsecmty.com\/index.php\/producto\/parktron-icdv211-validador-para-1-descuento-para-chipcoin-mifare-conexion-y-alimentacion-por-usb-facil-sincronizacion\/"},"modified":"2023-03-22T23:23:45","modified_gmt":"2023-03-23T05:23:45","slug":"parktron-icdv211-validador-para-1-descuento-para-chipcoin-mifare-conexion-y-alimentacion-por-usb-facil-sincronizacion","status":"publish","type":"product","link":"https:\/\/tecsecmty.com\/index.php\/producto\/parktron-icdv211-validador-para-1-descuento-para-chipcoin-mifare-conexion-y-alimentacion-por-usb-facil-sincronizacion\/","title":{"rendered":"PARKTRON ICDV211 &#8211; Validador para 1 descuento para chipcoin mifare conexion y alimentacion por USB, facil sincronizacion"},"content":{"rendered":"<h5 class=\"card-title text-center\">Descripci\u00f3n<\/h5>\n<p class=\"ql-align-justify\">Es un validador que nos cumple con la funcion de validar alg\u00fan tipo de descuento de una Chipcoin MIFARE o una tarjeta MIFARE,\u00a0la cual es capaz de leer y aplicar dicho descuento o promoci\u00f3n. Nos es \u00fatil en estacionamientos con cajeros que utilizan Chipcoin MIFARE y cajeros que utilizan tarjetas MIFARE.<\/p>\n<p class=\"ql-align-justify\"><strong>Caracter\u00edsticas<\/strong>:<\/p>\n<ul>\n<li class=\"ql-align-justify\">Capacidad de Lector\/escritor\u00a0programable Mifare IC.<\/li>\n<li class=\"ql-align-justify\">Operaci\u00f3n autom\u00e1tica.<\/li>\n<li class=\"ql-align-justify\">Alimentaci\u00f3n por cable usb<\/li>\n<li class=\"ql-align-justify\">Integrado por el sistema de estacionamiento Mifare\u00a0IPMS2000<\/li>\n<li class=\"ql-align-justify\">Soporte de soluciones<\/li>\n<\/ul>\n<p class=\"ql-align-justify\"><strong>Un dispositivo que descuenta dentro de los contadores de los cajeros autom\u00e1ticos en el cual es\u00a0preprogramado un descuento en la tarjeta de estacionamiento\u00a0Mifare.<\/strong><\/p>\n<ol>\n<li class=\"ql-align-justify\">Un lector \u00f3 escritor simple operan la aplicaci\u00f3n para descontar cierta cantidad a las tarjetas de estacionamiento.<\/li>\n<li class=\"ql-align-justify\">S\u00f3lo un tipo de descuento simple es preprogramado<\/li>\n<li class=\"ql-align-justify\">(ie. 0.5,1,1.5,2,5, 2, 2.5\u2026. horas\u00a0de estacionamiento gratis)<\/li>\n<li class=\"ql-align-justify\">El tipo de descuento es pre-configurado de f\u00e1brica o administrador con herramientas de software proporcionadas.<\/li>\n<li class=\"ql-align-justify\">El estado de la operaci\u00f3n de descuento es mostrado\u00a0en la pantalla LCD\u00a0del validador.<\/li>\n<li class=\"ql-align-justify\">Los datos de identificaci\u00f3n y validaci\u00f3n son guardados en la tarjeta y en el sistema para auditor\u00edas.<\/li>\n<\/ol>\n<p class=\"ql-align-justify\"><strong>Descripcion t\u00e9cnica:<\/strong><\/p>\n<ul>\n<li class=\"ql-align-justify\">Especificaciones del Hardware<\/li>\n<li class=\"ql-align-justify\">Dimensiones 135.0 mm (L) * 90.3 mm (An)* 23.5 mm (A)<\/li>\n<li class=\"ql-align-justify\">Peso 220g (0.49)Lb Aprox<\/li>\n<li class=\"ql-align-justify\">Material ABS<\/li>\n<li class=\"ql-align-justify\">Tipo de cable Para conectar\u00a0QPROX a un Host, EFTPOS o terminal<\/li>\n<li class=\"ql-align-justify\">Fuente Entrada: Adaptador para AC 110V,<\/li>\n<li class=\"ql-align-justify\">Interfaz de Host:<\/li>\n<\/ul>\n<p class=\"ql-indent-2 ql-align-justify\">RS232 (Velocidad de comunicaci\u00f3n arriba de 115200 bps)<\/p>\n<p class=\"ql-indent-2 ql-align-justify\">Velocidad m\u00e1xima USB (12bps)<\/p>\n<p class=\"ql-indent-2 ql-align-justify\">RS422 (Opcional)<\/p>\n<ul>\n<li class=\"ql-align-justify\">Interfaz de la tarjeta Mifare:<\/li>\n<\/ul>\n<p class=\"ql-indent-2 ql-align-justify\">Mifare classic protocol<\/p>\n<p class=\"ql-indent-2 ql-align-justify\">ISO4443 type A &amp; B (T=CL) y ISO1892 (NFC)<\/p>\n<p class=\"ql-indent-2 ql-align-justify\">Frecuencia de trabajo 13.56 mHz<\/p>\n<ul>\n<li class=\"ql-align-justify\">Interfaz de la tarjeta SAM:<\/li>\n<\/ul>\n<p class=\"ql-indent-2 ql-align-justify\">Arriba de 4 ranuras SAM<\/p>\n<p class=\"ql-indent-2 ql-align-justify\">Cumple con el protocolo\u00a0ISO7816-3 T=0 y\u00a0T=1<\/p>\n<ul>\n<li class=\"ql-align-justify\">Interfaz humana:<\/li>\n<\/ul>\n<p class=\"ql-indent-2 ql-align-justify\">4 indicadores LED<\/p>\n<p class=\"ql-indent-2 ql-align-justify\">Matriz de gr\u00e1ficas\u00a0de 128 x64 puntos<\/p>\n<p class=\"ql-indent-2 ql-align-justify\">LCD con luz blanca<\/p>\n<ul>\n<li class=\"ql-align-justify\">Ambiental:<\/li>\n<\/ul>\n<p class=\"ql-indent-2 ql-align-justify\">Temperatura de operaci\u00f3n: 0\u00b0C a 50\u00b0C<\/p>\n<p class=\"ql-indent-2 ql-align-justify\">Temperatura de almacenamiento: -15\u00b0C a 70\u00b0C<\/p>\n<p class=\"ql-indent-2 ql-align-justify\">Humedad: 20% a 90%<\/p>\n<p><img decoding=\"async\" class=\"overview-center-img-web\" src=\"https:\/\/tvc.mx\/media\/44601\/CENTRAL-ICDV211.png\" alt=\"\" \/><\/p>\n","protected":false},"excerpt":{"rendered":"<p>Descripci\u00f3n Es un validador que nos cumple con la funcion de validar alg\u00fan tipo de descuento de una Chipcoin MIFARE o una tarjeta MIFARE,\u00a0la cual es capaz de leer y aplicar dicho descuento o promoci\u00f3n. Nos es \u00fatil en estacionamientos con cajeros que utilizan Chipcoin&hellip;<\/p>\n","protected":false},"featured_media":9464,"comment_status":"open","ping_status":"closed","template":"","meta":{"om_disable_all_campaigns":false,"_monsterinsights_skip_tracking":false,"_monsterinsights_sitenote_active":false,"_monsterinsights_sitenote_note":"","_monsterinsights_sitenote_category":0},"product_brand":[],"product_cat":[858],"product_tag":[81,727,730,66,731,728,729],"class_list":{"0":"post-9465","1":"product","2":"type-product","3":"status-publish","4":"has-post-thumbnail","6":"product_cat-sistema-de-cobro","7":"product_tag-acceso-y-asistencia","8":"product_tag-cerraduras","9":"product_tag-commax-wulian","10":"product_tag-dahua","11":"product_tag-wejoin","12":"product_tag-yli","13":"product_tag-zkteco","15":"first","16":"instock","17":"sale","18":"taxable","19":"shipping-taxable","20":"purchasable","21":"product-type-simple"},"aioseo_notices":[],"_links":{"self":[{"href":"https:\/\/tecsecmty.com\/index.php\/wp-json\/wp\/v2\/product\/9465","targetHints":{"allow":["GET"]}}],"collection":[{"href":"https:\/\/tecsecmty.com\/index.php\/wp-json\/wp\/v2\/product"}],"about":[{"href":"https:\/\/tecsecmty.com\/index.php\/wp-json\/wp\/v2\/types\/product"}],"replies":[{"embeddable":true,"href":"https:\/\/tecsecmty.com\/index.php\/wp-json\/wp\/v2\/comments?post=9465"}],"version-history":[{"count":1,"href":"https:\/\/tecsecmty.com\/index.php\/wp-json\/wp\/v2\/product\/9465\/revisions"}],"predecessor-version":[{"id":9491,"href":"https:\/\/tecsecmty.com\/index.php\/wp-json\/wp\/v2\/product\/9465\/revisions\/9491"}],"wp:featuredmedia":[{"embeddable":true,"href":"https:\/\/tecsecmty.com\/index.php\/wp-json\/wp\/v2\/media\/9464"}],"wp:attachment":[{"href":"https:\/\/tecsecmty.com\/index.php\/wp-json\/wp\/v2\/media?parent=9465"}],"wp:term":[{"taxonomy":"product_brand","embeddable":true,"href":"https:\/\/tecsecmty.com\/index.php\/wp-json\/wp\/v2\/product_brand?post=9465"},{"taxonomy":"product_cat","embeddable":true,"href":"https:\/\/tecsecmty.com\/index.php\/wp-json\/wp\/v2\/product_cat?post=9465"},{"taxonomy":"product_tag","embeddable":true,"href":"https:\/\/tecsecmty.com\/index.php\/wp-json\/wp\/v2\/product_tag?post=9465"}],"curies":[{"name":"wp","href":"https:\/\/api.w.org\/{rel}","templated":true}]}}