{"id":9471,"date":"2023-02-23T22:43:43","date_gmt":"2023-02-24T04:43:43","guid":{"rendered":"https:\/\/tecsecmty.com\/index.php\/producto\/parktron-sax5int-intercomunicador-estacion-maestra-ptt-led-indicador-voz-y-tono-compatible-con-5-terminales-parktron\/"},"modified":"2023-03-22T23:23:45","modified_gmt":"2023-03-23T05:23:45","slug":"parktron-sax5int-intercomunicador-estacion-maestra-ptt-led-indicador-voz-y-tono-compatible-con-5-terminales-parktron","status":"publish","type":"product","link":"https:\/\/tecsecmty.com\/index.php\/producto\/parktron-sax5int-intercomunicador-estacion-maestra-ptt-led-indicador-voz-y-tono-compatible-con-5-terminales-parktron\/","title":{"rendered":"PARKTRON SAX5INT &#8211; Intercomunicador estacion maestra \/ PTT \/ LED Indicador \/ Voz y tono \/ Compatible con 5 terminales PARKTRON"},"content":{"rendered":"<div class=\"row aling-items-center padding-bottom-2x\">\n<div class=\"col-lg-12\">\n<h5 class=\"card-title text-center\">Descripci\u00f3n<\/h5>\n<p class=\"ql-align-justify\">Un intercomunicador es un dispositivo de intercomunicaci\u00f3n. Puede definirse como un sistema independiente de comunicaci\u00f3n electr\u00f3nica destinado a un dialogo limitado o privado. Los intercomunicadores pueden ser port\u00e1tiles, pero son generalmente instalados permanentemente en negocios, edificios y hogares. Pueden incorporar conexiones con walkie talkies, tel\u00e9fonos, celulares y otros sistemas de intecomunicaci\u00f3n telef\u00f3nica o de datos, ademas pueden activar dispositivos electr\u00f3nicos o electromec\u00e1nicos, tales como luces de se\u00f1alizaci\u00f3n y cerraduras. Los intercomunicadores no deben confundirse con los \u00abPorteros\/Sistemas de ingreso\u00bb, donde la intercomunicaci\u00f3n es una opci\u00f3n del sistema.<\/p>\n<p class=\"ql-align-justify\">Los sistemas tradicionales de intercomunicaci\u00f3n se componen enteramente de componentes anal\u00f3gicos, pero muchas nuevas funciones se logran gracias a nuevas interfaces basadas en conexiones digitales. Las se\u00f1ales de video pueden ser entrelazadas con las se\u00f1ales de audio, las estaciones de intercomunicaci\u00f3n digital pueden ser conectadas a trav\u00e9s de cables de categor\u00eda 5 y pueden incluso utilizar las redes existentes de datos como medio de interconectar sus partes a distancia. Muchas escuelas y edificios de oficinas utilizan actualmente los sistemas de audio\/video para identificar a los usuarios que intentan acceder a un edificio cerrado y se puede interconectar al sistema de control de acceso.<\/p>\n<\/div>\n<\/div>\n<div class=\"row aling-items-center padding-bottom-2x\">\n<div class=\"col-lg-12\">\n<h5 class=\"card-title text-center\">Funciones principales:<\/h5>\n<ul>\n<li>Interactuar con el cliente si tiene algun problema<\/li>\n<li>Comunicacion clara<\/li>\n<li>Facil Instalacion<\/li>\n<\/ul>\n<\/div>\n<\/div>\n<div class=\"row aling-items-center padding-bottom-2x\">\n<div class=\"col-lg-12\">\n<h5 class=\"card-title text-center\">Que necesito para que mi equipo funcione:<\/h5>\n<ul>\n<li>Dispensador de ticket (mifare o codigo de barras)<\/li>\n<li>Colector de ticket (mifare o codigo de barras)<\/li>\n<li>Estacion de pago (mifare o codigo de barras)<\/li>\n<li>Estacion de pago basado en PC (mifare o codigo de barras)<\/li>\n<\/ul>\n<\/div>\n<\/div>\n<div class=\"row aling-items-center padding-bottom-2x\">\n<div class=\"col-lg-12\">\n<h5 class=\"card-title text-center\">Principales Caracteristicas:<\/h5>\n<ul>\n<li>3, 5, y 10 Estaciones de Guardia.<\/li>\n<li>Sistema miscibles con cualquier n\u00famero de maestros y sub estaciones a su m\u00e1xima capacidad<\/li>\n<li>La llamada selectiva, monitoreo y opcionales All Call<\/li>\n<li>Push-to-talk en el master, contestaci\u00f3n de manos libres en la estaci\u00f3n llamada<\/li>\n<li>Llame a tono y anunciaci\u00f3n LED en master<\/li>\n<li>Apertura de puerta selectiva (w \/ RY-PA por puerta) el LEF 3L\/5\/10 Call Masters<\/li>\n<li>Todos Llamar con LEF-10S y todo LEF-C maestros (requiere BG-10C)<\/li>\n<\/ul>\n<p>&nbsp;<\/p>\n<\/div>\n<\/div>\n","protected":false},"excerpt":{"rendered":"<p>Descripci\u00f3n Un intercomunicador es un dispositivo de intercomunicaci\u00f3n. Puede definirse como un sistema independiente de comunicaci\u00f3n electr\u00f3nica destinado a un dialogo limitado o privado. Los intercomunicadores pueden ser port\u00e1tiles, pero son generalmente instalados permanentemente en negocios, edificios y hogares. Pueden incorporar conexiones con walkie talkies,&hellip;<\/p>\n","protected":false},"featured_media":9470,"comment_status":"open","ping_status":"closed","template":"","meta":{"om_disable_all_campaigns":false,"_monsterinsights_skip_tracking":false,"_monsterinsights_sitenote_active":false,"_monsterinsights_sitenote_note":"","_monsterinsights_sitenote_category":0},"product_brand":[],"product_cat":[858],"product_tag":[81,727,730,66,731,728,729],"class_list":{"0":"post-9471","1":"product","2":"type-product","3":"status-publish","4":"has-post-thumbnail","6":"product_cat-sistema-de-cobro","7":"product_tag-acceso-y-asistencia","8":"product_tag-cerraduras","9":"product_tag-commax-wulian","10":"product_tag-dahua","11":"product_tag-wejoin","12":"product_tag-yli","13":"product_tag-zkteco","15":"first","16":"instock","17":"sale","18":"taxable","19":"shipping-taxable","20":"purchasable","21":"product-type-simple"},"aioseo_notices":[],"_links":{"self":[{"href":"https:\/\/tecsecmty.com\/index.php\/wp-json\/wp\/v2\/product\/9471","targetHints":{"allow":["GET"]}}],"collection":[{"href":"https:\/\/tecsecmty.com\/index.php\/wp-json\/wp\/v2\/product"}],"about":[{"href":"https:\/\/tecsecmty.com\/index.php\/wp-json\/wp\/v2\/types\/product"}],"replies":[{"embeddable":true,"href":"https:\/\/tecsecmty.com\/index.php\/wp-json\/wp\/v2\/comments?post=9471"}],"version-history":[{"count":1,"href":"https:\/\/tecsecmty.com\/index.php\/wp-json\/wp\/v2\/product\/9471\/revisions"}],"predecessor-version":[{"id":9489,"href":"https:\/\/tecsecmty.com\/index.php\/wp-json\/wp\/v2\/product\/9471\/revisions\/9489"}],"wp:featuredmedia":[{"embeddable":true,"href":"https:\/\/tecsecmty.com\/index.php\/wp-json\/wp\/v2\/media\/9470"}],"wp:attachment":[{"href":"https:\/\/tecsecmty.com\/index.php\/wp-json\/wp\/v2\/media?parent=9471"}],"wp:term":[{"taxonomy":"product_brand","embeddable":true,"href":"https:\/\/tecsecmty.com\/index.php\/wp-json\/wp\/v2\/product_brand?post=9471"},{"taxonomy":"product_cat","embeddable":true,"href":"https:\/\/tecsecmty.com\/index.php\/wp-json\/wp\/v2\/product_cat?post=9471"},{"taxonomy":"product_tag","embeddable":true,"href":"https:\/\/tecsecmty.com\/index.php\/wp-json\/wp\/v2\/product_tag?post=9471"}],"curies":[{"name":"wp","href":"https:\/\/api.w.org\/{rel}","templated":true}]}}