{"id":9473,"date":"2023-02-23T22:43:44","date_gmt":"2023-02-24T04:43:44","guid":{"rendered":"https:\/\/tecsecmty.com\/index.php\/producto\/parktron-c01-unidad-central-de-control-para-estacionamientos-guiados-compatible-con-h08-capacidad-para-50-h08\/"},"modified":"2023-03-22T23:23:44","modified_gmt":"2023-03-23T05:23:44","slug":"parktron-c01-unidad-central-de-control-para-estacionamientos-guiados-compatible-con-h08-capacidad-para-50-h08","status":"publish","type":"product","link":"https:\/\/tecsecmty.com\/index.php\/producto\/parktron-c01-unidad-central-de-control-para-estacionamientos-guiados-compatible-con-h08-capacidad-para-50-h08\/","title":{"rendered":"PARKTRON C01 &#8211; Unidad central de control para estacionamientos guiados \/ Compatible con H08 \/ Capacidad para 50 H08"},"content":{"rendered":"<div class=\"row aling-items-center padding-bottom-2x\">\n<div class=\"col-lg-12\">\n<h5 class=\"card-title text-center\">Descripci\u00f3n<\/h5>\n<ul>\n<li>Un Sistema de Estacionamiento requiere una Unidad de Control Central.<\/li>\n<li>Se puede conectar hasta 50 controladores de zona al m\u00e1ximo.<\/li>\n<li>La Unidad de Control Central re\u00fane y env\u00eda la informaci\u00f3n de todos loscontroladores de zona en el servidor de orientaci\u00f3n de estacionamiento PGS2000 para la operaci\u00f3n de administraci\u00f3n.<\/li>\n<li>Tambi\u00e9n puede proporcionar informaci\u00f3n de vacantes a nivel adicional o \u00e1rea vacante de tableros LED conectados.<\/li>\n<\/ul>\n<\/div>\n<\/div>\n<div class=\"row aling-items-center padding-bottom-2x\">\n<div class=\"col-lg-12\">\n<h5 class=\"card-title text-center\">Caracter\u00edsticas Principales:<\/h5>\n<ul>\n<li>Temperatura de Operaci\u00f3n: -20 ~ + 80 \u00b0C<\/li>\n<li>Voltaje: AC 110 ~ 220 V<\/li>\n<li>Frecuencia: 50 ~ 60 Hz<\/li>\n<li>Comunicaci\u00f3n: 2 RS-232 puerto serial (RS-232-NODE RS-232-PC)<\/li>\n<li>Baud: RS-232-NODE 9600bps, RS-232-PC 57600bps<\/li>\n<li>Distancia: &lt; &#8211; 1000m<\/li>\n<\/ul>\n<\/div>\n<\/div>\n","protected":false},"excerpt":{"rendered":"<p>Descripci\u00f3n Un Sistema de Estacionamiento requiere una Unidad de Control Central. Se puede conectar hasta 50 controladores de zona al m\u00e1ximo. La Unidad de Control Central re\u00fane y env\u00eda la informaci\u00f3n de todos loscontroladores de zona en el servidor de orientaci\u00f3n de estacionamiento PGS2000 para&hellip;<\/p>\n","protected":false},"featured_media":9472,"comment_status":"open","ping_status":"closed","template":"","meta":{"om_disable_all_campaigns":false,"_monsterinsights_skip_tracking":false,"_monsterinsights_sitenote_active":false,"_monsterinsights_sitenote_note":"","_monsterinsights_sitenote_category":0},"product_brand":[],"product_cat":[859],"product_tag":[81,727,730,66,731,728,729],"class_list":{"0":"post-9473","1":"product","2":"type-product","3":"status-publish","4":"has-post-thumbnail","6":"product_cat-sistema-de-guia-ultrasonido","7":"product_tag-acceso-y-asistencia","8":"product_tag-cerraduras","9":"product_tag-commax-wulian","10":"product_tag-dahua","11":"product_tag-wejoin","12":"product_tag-yli","13":"product_tag-zkteco","15":"first","16":"instock","17":"sale","18":"taxable","19":"shipping-taxable","20":"purchasable","21":"product-type-simple"},"aioseo_notices":[],"_links":{"self":[{"href":"https:\/\/tecsecmty.com\/index.php\/wp-json\/wp\/v2\/product\/9473","targetHints":{"allow":["GET"]}}],"collection":[{"href":"https:\/\/tecsecmty.com\/index.php\/wp-json\/wp\/v2\/product"}],"about":[{"href":"https:\/\/tecsecmty.com\/index.php\/wp-json\/wp\/v2\/types\/product"}],"replies":[{"embeddable":true,"href":"https:\/\/tecsecmty.com\/index.php\/wp-json\/wp\/v2\/comments?post=9473"}],"version-history":[{"count":1,"href":"https:\/\/tecsecmty.com\/index.php\/wp-json\/wp\/v2\/product\/9473\/revisions"}],"predecessor-version":[{"id":9488,"href":"https:\/\/tecsecmty.com\/index.php\/wp-json\/wp\/v2\/product\/9473\/revisions\/9488"}],"wp:featuredmedia":[{"embeddable":true,"href":"https:\/\/tecsecmty.com\/index.php\/wp-json\/wp\/v2\/media\/9472"}],"wp:attachment":[{"href":"https:\/\/tecsecmty.com\/index.php\/wp-json\/wp\/v2\/media?parent=9473"}],"wp:term":[{"taxonomy":"product_brand","embeddable":true,"href":"https:\/\/tecsecmty.com\/index.php\/wp-json\/wp\/v2\/product_brand?post=9473"},{"taxonomy":"product_cat","embeddable":true,"href":"https:\/\/tecsecmty.com\/index.php\/wp-json\/wp\/v2\/product_cat?post=9473"},{"taxonomy":"product_tag","embeddable":true,"href":"https:\/\/tecsecmty.com\/index.php\/wp-json\/wp\/v2\/product_tag?post=9473"}],"curies":[{"name":"wp","href":"https:\/\/api.w.org\/{rel}","templated":true}]}}