{"id":9475,"date":"2023-02-23T22:43:46","date_gmt":"2023-02-24T04:43:46","guid":{"rendered":"https:\/\/tecsecmty.com\/index.php\/producto\/parktron-h08-controlador-de-zona-para-estacionamientos-guiados-capacidad-de-40-detectores-ultrasonicos-ts07\/"},"modified":"2023-03-22T23:23:44","modified_gmt":"2023-03-23T05:23:44","slug":"parktron-h08-controlador-de-zona-para-estacionamientos-guiados-capacidad-de-40-detectores-ultrasonicos-ts07","status":"publish","type":"product","link":"https:\/\/tecsecmty.com\/index.php\/producto\/parktron-h08-controlador-de-zona-para-estacionamientos-guiados-capacidad-de-40-detectores-ultrasonicos-ts07\/","title":{"rendered":"PARKTRON H08 &#8211; Controlador de zona para estacionamientos guiados \/ Capacidad de 40 detectores ULTRASONICOS TS07"},"content":{"rendered":"<div class=\"row aling-items-center padding-bottom-2x\">\n<div class=\"col-lg-12\">\n<h5 class=\"card-title text-center\">Descripci\u00f3n<\/h5>\n<p class=\"ql-align-justify\">En un controlador de zona se pueden conectar con hasta 40 l\u00e1mparas de detectores ultras\u00f3nicos. Recoge y transmite informaci\u00f3n de lugares vacantes de todos los detectores a la unidad de control central, y tambi\u00e9n env\u00eda comandos desde la unidad central de control a los paneles LED de informaci\u00f3n conectados a \u00e9l para mostrar informaci\u00f3n vacante adecuada.<\/p>\n<\/div>\n<\/div>\n<div class=\"row aling-items-center padding-bottom-2x\">\n<div class=\"col-lg-12\">\n<h5 class=\"card-title text-center\">Caracter\u00edsticas Principales:<\/h5>\n<ul>\n<li>Dimensiones: 30 x 24.5 x 6 (cm)<\/li>\n<li>Temperatura de Operaci\u00f3n: -20 + 80 \u00b0 C<\/li>\n<li>Voltaje: 24 V DC<\/li>\n<li>Corriente: 70 mA<\/li>\n<li>Comunicaci\u00f3n: puerto serial RS-485 (sensor\/sensor\/CCU)<\/li>\n<li>Baud: RS-485-B 4800bps, RS-485-C 9600bps<\/li>\n<li>Distancia: &lt;= 1000 m<\/li>\n<\/ul>\n<\/div>\n<\/div>\n","protected":false},"excerpt":{"rendered":"<p>Descripci\u00f3n En un controlador de zona se pueden conectar con hasta 40 l\u00e1mparas de detectores ultras\u00f3nicos. Recoge y transmite informaci\u00f3n de lugares vacantes de todos los detectores a la unidad de control central, y tambi\u00e9n env\u00eda comandos desde la unidad central de control a los&hellip;<\/p>\n","protected":false},"featured_media":9474,"comment_status":"open","ping_status":"closed","template":"","meta":{"om_disable_all_campaigns":false,"_monsterinsights_skip_tracking":false,"_monsterinsights_sitenote_active":false,"_monsterinsights_sitenote_note":"","_monsterinsights_sitenote_category":0},"product_brand":[],"product_cat":[859],"product_tag":[81,727,730,66,731,728,729],"class_list":{"0":"post-9475","1":"product","2":"type-product","3":"status-publish","4":"has-post-thumbnail","6":"product_cat-sistema-de-guia-ultrasonido","7":"product_tag-acceso-y-asistencia","8":"product_tag-cerraduras","9":"product_tag-commax-wulian","10":"product_tag-dahua","11":"product_tag-wejoin","12":"product_tag-yli","13":"product_tag-zkteco","15":"first","16":"instock","17":"sale","18":"taxable","19":"shipping-taxable","20":"purchasable","21":"product-type-simple"},"aioseo_notices":[],"_links":{"self":[{"href":"https:\/\/tecsecmty.com\/index.php\/wp-json\/wp\/v2\/product\/9475","targetHints":{"allow":["GET"]}}],"collection":[{"href":"https:\/\/tecsecmty.com\/index.php\/wp-json\/wp\/v2\/product"}],"about":[{"href":"https:\/\/tecsecmty.com\/index.php\/wp-json\/wp\/v2\/types\/product"}],"replies":[{"embeddable":true,"href":"https:\/\/tecsecmty.com\/index.php\/wp-json\/wp\/v2\/comments?post=9475"}],"version-history":[{"count":1,"href":"https:\/\/tecsecmty.com\/index.php\/wp-json\/wp\/v2\/product\/9475\/revisions"}],"predecessor-version":[{"id":9487,"href":"https:\/\/tecsecmty.com\/index.php\/wp-json\/wp\/v2\/product\/9475\/revisions\/9487"}],"wp:featuredmedia":[{"embeddable":true,"href":"https:\/\/tecsecmty.com\/index.php\/wp-json\/wp\/v2\/media\/9474"}],"wp:attachment":[{"href":"https:\/\/tecsecmty.com\/index.php\/wp-json\/wp\/v2\/media?parent=9475"}],"wp:term":[{"taxonomy":"product_brand","embeddable":true,"href":"https:\/\/tecsecmty.com\/index.php\/wp-json\/wp\/v2\/product_brand?post=9475"},{"taxonomy":"product_cat","embeddable":true,"href":"https:\/\/tecsecmty.com\/index.php\/wp-json\/wp\/v2\/product_cat?post=9475"},{"taxonomy":"product_tag","embeddable":true,"href":"https:\/\/tecsecmty.com\/index.php\/wp-json\/wp\/v2\/product_tag?post=9475"}],"curies":[{"name":"wp","href":"https:\/\/api.w.org\/{rel}","templated":true}]}}