{"id":9477,"date":"2023-02-23T22:43:47","date_gmt":"2023-02-24T04:43:47","guid":{"rendered":"https:\/\/tecsecmty.com\/index.php\/producto\/parktron-pgscms-software-de-control-para-administracion-de-estacionamientos-guiados-mediante-sensores-ultrasonicos-configuracion-de-cajones\/"},"modified":"2023-03-22T23:23:45","modified_gmt":"2023-03-23T05:23:45","slug":"parktron-pgscms-software-de-control-para-administracion-de-estacionamientos-guiados-mediante-sensores-ultrasonicos-configuracion-de-cajones","status":"publish","type":"product","link":"https:\/\/tecsecmty.com\/index.php\/producto\/parktron-pgscms-software-de-control-para-administracion-de-estacionamientos-guiados-mediante-sensores-ultrasonicos-configuracion-de-cajones\/","title":{"rendered":"PARKTRON PGSCMS &#8211; Software de control para administracion de estacionamientos guiados mediante sensores ULTRASONICOS \/ Configuracion de cajones"},"content":{"rendered":"<div class=\"row aling-items-center padding-bottom-2x\">\n<div class=\"col-lg-12\">\n<p class=\"ql-align-justify\" style=\"text-align: center;\">Con el uso de paneles de informaci\u00f3n LED proporcionamos una gu\u00eda de direcci\u00f3n y la instalaci\u00f3n de un\u00a0\u00a0indicador visual de luz; en la parte superior de cada caj\u00f3n o plaza del estacionamiento para tener una visi\u00f3n clara de la disponibilidad general de estacionamiento. Incluso remotamente el PGS2000 ayuda a encontrar un espacio libre sin tiempos de espera o estar conduciendo dentro dandovueltas. La lampara instalada en la parte superior de cada caj\u00f3n esta compuesta por una luz LED con un sensor ultras\u00f3nico incorporado (Lampara\/Sensor) para la detecci\u00f3n de los veh\u00edculo. El dispositivo interact\u00faa constantemente con un controlador de zona para comprobar el estado del espacio, esta lampara utiliza dos colores est\u00e1ndar que son rojo y verde (el color rojo para \u201cocupado\u201d y verde para \u201cvacante\u201d). Cada controlador de zona permite la integraci\u00f3n de hasta 40 Detectores Ultras\u00f3nicos. Los paneles de informaci\u00f3n LED requeridos en cada escenario son configurados deacuerdo al controlador de zona conectado. A s\u00ed mismo se requiere de una unidad de control central donde se pueden conectar hasta 50 controladores de zona esta unidad central procesa los datos recogidos de todos los controladores de zona en el software de guia de estacionamiento PGS2000 que se aloja en el servidor.<\/p>\n<p class=\"ql-align-justify\" style=\"text-align: center;\">Opcionalmente de se puede integrar e instalar un sistema de conteo por piso, solo se tiene que conectar un sensor de detecci\u00f3n a la unidad de control central, esta controlara la pantalla LED de contador de piso en funciona de las se\u00f1ales de los sensorrespectivamente. El software de\u00a0gu\u00eda de estacionamiento PGS2000 proporciona una interfaz gr\u00e1fica completa del sistema de estacionamiento y vigilancia de toda la instalaci\u00f3n de aparcamiento de forma remota.<\/p>\n<\/div>\n<\/div>\n<div class=\"row aling-items-center padding-bottom-2x\" style=\"text-align: center;\">\n<div class=\"col-lg-12\">\n<h5 class=\"card-title text-center\">Caracter\u00edsticas:<\/h5>\n<ul>\n<li>Detector y l\u00e1mpara se combinan en una sola unidad (Sensor Ultras\u00f3nico).<\/li>\n<li>Detectores Ultras\u00f3nicos de dos colores con \u00e1ngulo de emision (luz) 360 \u00b0 ofrece la mejor visibilidad.<\/li>\n<li>Interfaz gr\u00e1fica completa para un monitoreo en tiempo real y gesti\u00f3n remota.<\/li>\n<li>El sistema de guiado puede ser operado independiente sin servidor de administraci\u00f3n.<\/li>\n<li>La reducci\u00f3n de tr\u00e1fico para encontrar un lugar disponible significa:<\/li>\n<li>Menos contaminaci\u00f3n del aire en las instalaciones del propio estacionamientos<\/li>\n<li>Entorno m\u00e1s seguro para la gente que transita en el aparcamiento<\/li>\n<li>Ahorro de tiempo para los usuarios<\/li>\n<li>Aumentar los ingresos:<\/li>\n<li>Reducir el costo de la operaci\u00f3n, Ya no hay conteos manuales de espacios disponibles y se requiere de menos supervisi\u00f3n traducido en ahorro de trabajo en la operaci\u00f3n.<\/li>\n<li>Minimizar los costos de mantenimiento de autodiagn\u00f3stico y reparaci\u00f3n de plug &amp; play para minimizar el mantenimiento del sistema.<\/li>\n<\/ul>\n<\/div>\n<\/div>\n<div class=\"row align-items-center padding-bottom-2x\" style=\"text-align: center;\">\n<div class=\"col-md-5\"><img decoding=\"async\" class=\"d-block m-auto img-thumbnail\" src=\"https:\/\/tvc.mx\/media\/17090\/izqderchCPU.jpg\" alt=\" \" \/><\/div>\n<div class=\"col-md-7 text-md-left text-center\">\n<h2>Especificaciones para operaci\u00f3n del sistema de gu\u00eda de estacionamiento PGS2000:<\/h2>\n<p class=\"text-muted\">\n<p><strong>Hardware del equipo : (sugerido localmente)<\/strong><\/p>\n<ul>\n<li>\u00a0\u00a0CPU: Multi Core 2.0 GMHz o superior.<\/li>\n<li>\u00a0\u00a0Memoria: 2 GB de RAM o superior.<\/li>\n<li>\u00a0\u00a0Disco duro: 160 GB de disco duro o superior.<\/li>\n<li>\u00a0\u00a0CD-ROM o DVD-ROM: unidad de DVD-Dual (DVD +\/- RW).<\/li>\n<li>\u00a0\u00a0Interfaz: 100\/1000 Mbps Ethernet, USB 2.0 * 2, * Salida de audio 1.<\/li>\n<li>\u00a0\u00a0Pantalla: 17 \u00abTFT LCD a color o superior.<\/li>\n<\/ul>\n<p>&nbsp;<\/p>\n<\/div>\n<\/div>\n<hr class=\"padding-bottom-2x\" \/>\n<div class=\"row aling-items-center padding-bottom-2x\">\n<div class=\"col-lg-12\">\n<h5 class=\"card-title text-center\" style=\"text-align: center;\">Interfaz del programa:<\/h5>\n<p class=\"ql-align-justify\" style=\"text-align: center;\">Un men\u00fa de aplicaci\u00f3n que permite un f\u00e1cil acceso a todas las funciones. Para administrar de forma remota, y supervisar el sistema guiado a trav\u00e9s de una nterfaz gr\u00e1fica de toda la distribuci\u00f3n de las instalaciones del estacionamiento<\/p>\n<\/div>\n<\/div>\n","protected":false},"excerpt":{"rendered":"<p>Con el uso de paneles de informaci\u00f3n LED proporcionamos una gu\u00eda de direcci\u00f3n y la instalaci\u00f3n de un\u00a0\u00a0indicador visual de luz; en la parte superior de cada caj\u00f3n o plaza del estacionamiento para tener una visi\u00f3n clara de la disponibilidad general de estacionamiento. Incluso remotamente&hellip;<\/p>\n","protected":false},"featured_media":9476,"comment_status":"open","ping_status":"closed","template":"","meta":{"om_disable_all_campaigns":false,"_monsterinsights_skip_tracking":false,"_monsterinsights_sitenote_active":false,"_monsterinsights_sitenote_note":"","_monsterinsights_sitenote_category":0},"product_brand":[],"product_cat":[859],"product_tag":[81,727,730,66,731,728,729],"class_list":{"0":"post-9477","1":"product","2":"type-product","3":"status-publish","4":"has-post-thumbnail","6":"product_cat-sistema-de-guia-ultrasonido","7":"product_tag-acceso-y-asistencia","8":"product_tag-cerraduras","9":"product_tag-commax-wulian","10":"product_tag-dahua","11":"product_tag-wejoin","12":"product_tag-yli","13":"product_tag-zkteco","15":"first","16":"instock","17":"sale","18":"taxable","19":"shipping-taxable","20":"purchasable","21":"product-type-simple"},"aioseo_notices":[],"_links":{"self":[{"href":"https:\/\/tecsecmty.com\/index.php\/wp-json\/wp\/v2\/product\/9477","targetHints":{"allow":["GET"]}}],"collection":[{"href":"https:\/\/tecsecmty.com\/index.php\/wp-json\/wp\/v2\/product"}],"about":[{"href":"https:\/\/tecsecmty.com\/index.php\/wp-json\/wp\/v2\/types\/product"}],"replies":[{"embeddable":true,"href":"https:\/\/tecsecmty.com\/index.php\/wp-json\/wp\/v2\/comments?post=9477"}],"version-history":[{"count":2,"href":"https:\/\/tecsecmty.com\/index.php\/wp-json\/wp\/v2\/product\/9477\/revisions"}],"predecessor-version":[{"id":9482,"href":"https:\/\/tecsecmty.com\/index.php\/wp-json\/wp\/v2\/product\/9477\/revisions\/9482"}],"wp:featuredmedia":[{"embeddable":true,"href":"https:\/\/tecsecmty.com\/index.php\/wp-json\/wp\/v2\/media\/9476"}],"wp:attachment":[{"href":"https:\/\/tecsecmty.com\/index.php\/wp-json\/wp\/v2\/media?parent=9477"}],"wp:term":[{"taxonomy":"product_brand","embeddable":true,"href":"https:\/\/tecsecmty.com\/index.php\/wp-json\/wp\/v2\/product_brand?post=9477"},{"taxonomy":"product_cat","embeddable":true,"href":"https:\/\/tecsecmty.com\/index.php\/wp-json\/wp\/v2\/product_cat?post=9477"},{"taxonomy":"product_tag","embeddable":true,"href":"https:\/\/tecsecmty.com\/index.php\/wp-json\/wp\/v2\/product_tag?post=9477"}],"curies":[{"name":"wp","href":"https:\/\/api.w.org\/{rel}","templated":true}]}}